{"id":84,"date":"2016-06-24T13:51:32","date_gmt":"2016-06-24T12:51:32","guid":{"rendered":""},"modified":"2022-08-22T16:30:47","modified_gmt":"2022-08-22T15:30:47","slug":"secrets-de-naomi","status":"publish","type":"page","link":"https:\/\/planet-creations.com\/index.php\/bijoux\/secrets-de-naomi\/","title":{"rendered":"Secrets de Naomi"},"content":{"rendered":"\n<div class=\"wp-block-media-text alignwide\" style=\"grid-template-columns:16% auto\"><figure class=\"wp-block-media-text__media\"><img loading=\"lazy\" decoding=\"async\" width=\"457\" height=\"457\" src=\"https:\/\/planet-creations.com\/wp-content\/uploads\/2020\/03\/planetcreations-secretsdenaomi-logo-anne-meniconi.png\" alt=\"logo de Secrets de Naomi\" class=\"wp-image-981 size-full\" srcset=\"https:\/\/planet-creations.com\/wp-content\/uploads\/2020\/03\/planetcreations-secretsdenaomi-logo-anne-meniconi.png 457w, https:\/\/planet-creations.com\/wp-content\/uploads\/2020\/03\/planetcreations-secretsdenaomi-logo-anne-meniconi-160x160.png 160w, https:\/\/planet-creations.com\/wp-content\/uploads\/2020\/03\/planetcreations-secretsdenaomi-logo-anne-meniconi-150x150.png 150w\" sizes=\"auto, (max-width: 457px) 100vw, 457px\" \/><\/figure><div class=\"wp-block-media-text__content\">\n<p class=\"has-large-font-size\"><\/p>\n<\/div><\/div>\n\n\n\n<div class=\"wp-block-media-text alignwide has-media-on-the-right\" style=\"grid-template-columns:auto 26%\"><figure class=\"wp-block-media-text__media\"><img loading=\"lazy\" decoding=\"async\" width=\"800\" height=\"800\" src=\"https:\/\/planet-creations.com\/wp-content\/uploads\/2022\/08\/planetcreations-secretsdenaomi-manchette-tissage.jpg\" alt=\"\" class=\"wp-image-1834 size-full\" srcset=\"https:\/\/planet-creations.com\/wp-content\/uploads\/2022\/08\/planetcreations-secretsdenaomi-manchette-tissage.jpg 800w, https:\/\/planet-creations.com\/wp-content\/uploads\/2022\/08\/planetcreations-secretsdenaomi-manchette-tissage-600x600.jpg 600w, https:\/\/planet-creations.com\/wp-content\/uploads\/2022\/08\/planetcreations-secretsdenaomi-manchette-tissage-150x150.jpg 150w, https:\/\/planet-creations.com\/wp-content\/uploads\/2022\/08\/planetcreations-secretsdenaomi-manchette-tissage-768x768.jpg 768w\" sizes=\"auto, (max-width: 800px) 100vw, 800px\" \/><\/figure><div class=\"wp-block-media-text__content\">\n<p>Apr\u00e8s avoir travaill\u00e9 plusieurs ann\u00e9es dans une boutique de pr\u00eat-\u00e0-porter comme couturi\u00e8re et vendeuse, et ensuite pendant 7 ans chez un artisan cr\u00e9ateur d\u2019accessoires en cuir, j\u2019ai commenc\u00e9 mon activit\u00e9 d\u2019ind\u00e9pendant en 2005 comme couturi\u00e8re flou et tailleur, et je continue en tant qu\u2019artisan pour une client\u00e8le de particuliers.<\/p>\n<\/div><\/div>\n\n\n\n<div class=\"wp-block-media-text alignwide\" style=\"grid-template-columns:26% auto\"><figure class=\"wp-block-media-text__media\"><img loading=\"lazy\" decoding=\"async\" width=\"800\" height=\"800\" src=\"https:\/\/planet-creations.com\/wp-content\/uploads\/2022\/08\/planetcreations-secretsdenaomi-manchette-nacre.jpg\" alt=\"\" class=\"wp-image-1833 size-full\" srcset=\"https:\/\/planet-creations.com\/wp-content\/uploads\/2022\/08\/planetcreations-secretsdenaomi-manchette-nacre.jpg 800w, https:\/\/planet-creations.com\/wp-content\/uploads\/2022\/08\/planetcreations-secretsdenaomi-manchette-nacre-600x600.jpg 600w, https:\/\/planet-creations.com\/wp-content\/uploads\/2022\/08\/planetcreations-secretsdenaomi-manchette-nacre-150x150.jpg 150w, https:\/\/planet-creations.com\/wp-content\/uploads\/2022\/08\/planetcreations-secretsdenaomi-manchette-nacre-768x768.jpg 768w\" sizes=\"auto, (max-width: 800px) 100vw, 800px\" \/><\/figure><div class=\"wp-block-media-text__content\">\n<p>La cr\u00e9ation de bijoux est une autre de mes passions, j\u2019ai ajout\u00e9 cette activit\u00e9 \u00e0 titre professionnel en 2007 en faisant le choix de cr\u00e9er des bijoux brod\u00e9s ou tiss\u00e9s et d\u2019utiliser des pierres gemmes, fines, ou ornementales.<\/p>\n<\/div><\/div>\n\n\n\n<div class=\"wp-block-media-text alignwide has-media-on-the-right\" style=\"grid-template-columns:auto 26%\"><figure class=\"wp-block-media-text__media\"><img loading=\"lazy\" decoding=\"async\" width=\"1024\" height=\"1024\" src=\"https:\/\/planet-creations.com\/wp-content\/uploads\/2022\/08\/planetcreations-secretsdenaomi-parure-thulite-grenat-1024x1024.jpg\" alt=\"\" class=\"wp-image-1835 size-full\" srcset=\"https:\/\/planet-creations.com\/wp-content\/uploads\/2022\/08\/planetcreations-secretsdenaomi-parure-thulite-grenat-1024x1024.jpg 1024w, https:\/\/planet-creations.com\/wp-content\/uploads\/2022\/08\/planetcreations-secretsdenaomi-parure-thulite-grenat-600x600.jpg 600w, https:\/\/planet-creations.com\/wp-content\/uploads\/2022\/08\/planetcreations-secretsdenaomi-parure-thulite-grenat-150x150.jpg 150w, https:\/\/planet-creations.com\/wp-content\/uploads\/2022\/08\/planetcreations-secretsdenaomi-parure-thulite-grenat-768x768.jpg 768w, https:\/\/planet-creations.com\/wp-content\/uploads\/2022\/08\/planetcreations-secretsdenaomi-parure-thulite-grenat.jpg 1500w\" sizes=\"auto, (max-width: 1024px) 100vw, 1024px\" \/><\/figure><div class=\"wp-block-media-text__content\">\n<p>Tous mes mod\u00e8les brod\u00e9s sont uniques et imagin\u00e9s par et autour des pierres gemmes que j\u2019ai choisi pour leur beaut\u00e9 ou leurs couleurs, avec une pr\u00e9f\u00e9rence pour les pierres naturelles.  <\/p>\n<\/div><\/div>\n\n\n\n<div class=\"wp-block-media-text alignwide\" style=\"grid-template-columns:26% auto\"><figure class=\"wp-block-media-text__media\"><img loading=\"lazy\" decoding=\"async\" width=\"800\" height=\"800\" src=\"https:\/\/planet-creations.com\/wp-content\/uploads\/2022\/08\/planetcreations-secretsdenaomi-pendentif-apatite-agate-onyx.jpg\" alt=\"\" class=\"wp-image-1836 size-full\" srcset=\"https:\/\/planet-creations.com\/wp-content\/uploads\/2022\/08\/planetcreations-secretsdenaomi-pendentif-apatite-agate-onyx.jpg 800w, https:\/\/planet-creations.com\/wp-content\/uploads\/2022\/08\/planetcreations-secretsdenaomi-pendentif-apatite-agate-onyx-600x600.jpg 600w, https:\/\/planet-creations.com\/wp-content\/uploads\/2022\/08\/planetcreations-secretsdenaomi-pendentif-apatite-agate-onyx-150x150.jpg 150w, https:\/\/planet-creations.com\/wp-content\/uploads\/2022\/08\/planetcreations-secretsdenaomi-pendentif-apatite-agate-onyx-768x768.jpg 768w\" sizes=\"auto, (max-width: 800px) 100vw, 800px\" \/><\/figure><div class=\"wp-block-media-text__content\">\n<p>Broderie et tissage tridimensionnel \u00e0 l\u2019aiguille :<br>Les perles de verre sont cousues \u00e0 l\u2019aiguille une par une sur un support non tiss\u00e9, le ou les cabochons de pierre sont sertis par les perles. La \u00ab cha\u00eene \u00bb est tiss\u00e9e \u00e0 l\u2019aiguille.<\/p>\n<\/div><\/div>\n\n\n\n<div class=\"wp-block-media-text alignwide has-media-on-the-right\" style=\"grid-template-columns:auto 26%\"><figure class=\"wp-block-media-text__media\"><img loading=\"lazy\" decoding=\"async\" width=\"749\" height=\"750\" src=\"https:\/\/planet-creations.com\/wp-content\/uploads\/2022\/08\/planetcreations-secretsdenaomi-plastron-charoite.jpg\" alt=\"\" class=\"wp-image-1837 size-full\" srcset=\"https:\/\/planet-creations.com\/wp-content\/uploads\/2022\/08\/planetcreations-secretsdenaomi-plastron-charoite.jpg 749w, https:\/\/planet-creations.com\/wp-content\/uploads\/2022\/08\/planetcreations-secretsdenaomi-plastron-charoite-600x600.jpg 600w, https:\/\/planet-creations.com\/wp-content\/uploads\/2022\/08\/planetcreations-secretsdenaomi-plastron-charoite-150x150.jpg 150w\" sizes=\"auto, (max-width: 749px) 100vw, 749px\" \/><\/figure><div class=\"wp-block-media-text__content\">\n<p>La broderie finie est renforc\u00e9e, ensuite le collier est doubl\u00e9 par du cuir v\u00e9gan ou de l\u2019alcantara et le contour cousu avec les perles de finition. Le bijou est sign\u00e9 au dos sur la doublure.<\/p>\n<\/div><\/div>\n\n\n\n<div class=\"wp-block-media-text alignwide\" style=\"grid-template-columns:26% auto\"><figure class=\"wp-block-media-text__media\"><img loading=\"lazy\" decoding=\"async\" width=\"800\" height=\"800\" src=\"https:\/\/planet-creations.com\/wp-content\/uploads\/2022\/08\/planetcreations-secretsdenaomi-collier-tissage-rhodonite.jpg\" alt=\"\" class=\"wp-image-1832 size-full\" srcset=\"https:\/\/planet-creations.com\/wp-content\/uploads\/2022\/08\/planetcreations-secretsdenaomi-collier-tissage-rhodonite.jpg 800w, https:\/\/planet-creations.com\/wp-content\/uploads\/2022\/08\/planetcreations-secretsdenaomi-collier-tissage-rhodonite-600x600.jpg 600w, https:\/\/planet-creations.com\/wp-content\/uploads\/2022\/08\/planetcreations-secretsdenaomi-collier-tissage-rhodonite-150x150.jpg 150w, https:\/\/planet-creations.com\/wp-content\/uploads\/2022\/08\/planetcreations-secretsdenaomi-collier-tissage-rhodonite-768x768.jpg 768w\" sizes=\"auto, (max-width: 800px) 100vw, 800px\" \/><\/figure><div class=\"wp-block-media-text__content\">\n<p><br>Je ne peux reproduire \u00e0 l\u2019identique mes colliers brod\u00e9s, je ne garde que la forme de base du collier, les couleurs, le motif de la broderie, est r\u00e9alis\u00e9 le plus souvent \u00e0 main lev\u00e9e et selon l\u2019inspiration du moment et des pierres choisies.<br><\/p>\n<\/div><\/div>\n\n\n\n<div class=\"wp-block-media-text alignwide has-media-on-the-right\" style=\"grid-template-columns:auto 26%\"><figure class=\"wp-block-media-text__media\"><img loading=\"lazy\" decoding=\"async\" width=\"800\" height=\"800\" src=\"https:\/\/planet-creations.com\/wp-content\/uploads\/2022\/08\/planetcreations-photo-portrait-secretsdenaomi-bijoux.jpg\" alt=\"\" class=\"wp-image-1831 size-full\" srcset=\"https:\/\/planet-creations.com\/wp-content\/uploads\/2022\/08\/planetcreations-photo-portrait-secretsdenaomi-bijoux.jpg 800w, https:\/\/planet-creations.com\/wp-content\/uploads\/2022\/08\/planetcreations-photo-portrait-secretsdenaomi-bijoux-600x600.jpg 600w, https:\/\/planet-creations.com\/wp-content\/uploads\/2022\/08\/planetcreations-photo-portrait-secretsdenaomi-bijoux-150x150.jpg 150w, https:\/\/planet-creations.com\/wp-content\/uploads\/2022\/08\/planetcreations-photo-portrait-secretsdenaomi-bijoux-768x768.jpg 768w\" sizes=\"auto, (max-width: 800px) 100vw, 800px\" \/><\/figure><div class=\"wp-block-media-text__content\">\n<p>Vous pouvez me suivre sur ma page <a href=\"https:\/\/fr-fr.facebook.com\/secretsdenaomi\/\" target=\"_blank\" rel=\"noreferrer noopener\"><strong>Facebook<\/strong><\/a> ou mon compte<strong> <a href=\"https:\/\/www.instagram.com\/secretsdenaomi\/\" target=\"_blank\" rel=\"noreferrer noopener\">Instagram<\/a><\/strong>.<br><\/p>\n<\/div><\/div>\n","protected":false},"excerpt":{"rendered":"<p>Apr\u00e8s avoir travaill\u00e9 plusieurs ann\u00e9es dans une boutique de pr\u00eat-\u00e0-porter comme couturi\u00e8re et vendeuse, et ensuite pendant 7 ans chez un artisan cr\u00e9ateur d\u2019accessoires en cuir, j\u2019ai commenc\u00e9 mon activit\u00e9 d\u2019ind\u00e9pendant en 2005 comme couturi\u00e8re flou et tailleur, et je continue en tant qu\u2019artisan pour une client\u00e8le de particuliers. La<\/p>\n","protected":false},"author":2,"featured_media":0,"parent":204,"menu_order":0,"comment_status":"closed","ping_status":"closed","template":"","meta":{"footnotes":""},"class_list":["post-84","page","type-page","status-publish","hentry"],"yoast_head":"<!-- This site is optimized with the Yoast SEO plugin v27.5 - https:\/\/yoast.com\/product\/yoast-seo-wordpress\/ -->\n<title>Secrets de Naomi - Bijoux couture - Planet&#039;Creations<\/title>\n<meta name=\"description\" content=\"Secrets de Naomi, cr\u00e9atrice de bijoux couture. Bijoux de perles brod\u00e9es, tiss\u00e9es, perles de Murano et argent.\" \/>\n<meta name=\"robots\" content=\"index, follow, max-snippet:-1, max-image-preview:large, max-video-preview:-1\" \/>\n<link rel=\"canonical\" href=\"https:\/\/planet-creations.com\/index.php\/bijoux\/secrets-de-naomi\/\" \/>\n<meta property=\"og:locale\" content=\"fr_FR\" \/>\n<meta property=\"og:type\" content=\"article\" \/>\n<meta property=\"og:title\" content=\"Secrets de Naomi - Bijoux couture - Planet&#039;Creations\" \/>\n<meta property=\"og:description\" content=\"Secrets de Naomi, cr\u00e9atrice de bijoux couture. Bijoux de perles brod\u00e9es, tiss\u00e9es, perles de Murano et argent.\" \/>\n<meta property=\"og:url\" content=\"https:\/\/planet-creations.com\/index.php\/bijoux\/secrets-de-naomi\/\" \/>\n<meta property=\"og:site_name\" content=\"Planet&#039;Creations\" \/>\n<meta property=\"article:modified_time\" content=\"2022-08-22T15:30:47+00:00\" \/>\n<meta property=\"og:image\" content=\"https:\/\/planet-creations.com\/wp-content\/uploads\/2020\/03\/planetcreations-secretsdenaomi-logo-anne-meniconi.png\" \/>\n<meta name=\"twitter:card\" content=\"summary_large_image\" \/>\n<meta name=\"twitter:label1\" content=\"Dur\u00e9e de lecture estim\u00e9e\" \/>\n\t<meta name=\"twitter:data1\" content=\"3 minutes\" \/>\n<script type=\"application\/ld+json\" class=\"yoast-schema-graph\">{\"@context\":\"https:\\\/\\\/schema.org\",\"@graph\":[{\"@type\":\"WebPage\",\"@id\":\"https:\\\/\\\/planet-creations.com\\\/index.php\\\/bijoux\\\/secrets-de-naomi\\\/\",\"url\":\"https:\\\/\\\/planet-creations.com\\\/index.php\\\/bijoux\\\/secrets-de-naomi\\\/\",\"name\":\"Secrets de Naomi - Bijoux couture - Planet&#039;Creations\",\"isPartOf\":{\"@id\":\"https:\\\/\\\/planet-creations.com\\\/#website\"},\"primaryImageOfPage\":{\"@id\":\"https:\\\/\\\/planet-creations.com\\\/index.php\\\/bijoux\\\/secrets-de-naomi\\\/#primaryimage\"},\"image\":{\"@id\":\"https:\\\/\\\/planet-creations.com\\\/index.php\\\/bijoux\\\/secrets-de-naomi\\\/#primaryimage\"},\"thumbnailUrl\":\"https:\\\/\\\/planet-creations.com\\\/wp-content\\\/uploads\\\/2020\\\/03\\\/planetcreations-secretsdenaomi-logo-anne-meniconi.png\",\"datePublished\":\"2016-06-24T12:51:32+00:00\",\"dateModified\":\"2022-08-22T15:30:47+00:00\",\"description\":\"Secrets de Naomi, cr\u00e9atrice de bijoux couture. Bijoux de perles brod\u00e9es, tiss\u00e9es, perles de Murano et argent.\",\"breadcrumb\":{\"@id\":\"https:\\\/\\\/planet-creations.com\\\/index.php\\\/bijoux\\\/secrets-de-naomi\\\/#breadcrumb\"},\"inLanguage\":\"fr-FR\",\"potentialAction\":[{\"@type\":\"ReadAction\",\"target\":[\"https:\\\/\\\/planet-creations.com\\\/index.php\\\/bijoux\\\/secrets-de-naomi\\\/\"]}]},{\"@type\":\"ImageObject\",\"inLanguage\":\"fr-FR\",\"@id\":\"https:\\\/\\\/planet-creations.com\\\/index.php\\\/bijoux\\\/secrets-de-naomi\\\/#primaryimage\",\"url\":\"https:\\\/\\\/planet-creations.com\\\/wp-content\\\/uploads\\\/2020\\\/03\\\/planetcreations-secretsdenaomi-logo-anne-meniconi.png\",\"contentUrl\":\"https:\\\/\\\/planet-creations.com\\\/wp-content\\\/uploads\\\/2020\\\/03\\\/planetcreations-secretsdenaomi-logo-anne-meniconi.png\",\"width\":457,\"height\":457,\"caption\":\"logo de Secrets de Naomi\"},{\"@type\":\"BreadcrumbList\",\"@id\":\"https:\\\/\\\/planet-creations.com\\\/index.php\\\/bijoux\\\/secrets-de-naomi\\\/#breadcrumb\",\"itemListElement\":[{\"@type\":\"ListItem\",\"position\":1,\"name\":\"Accueil\",\"item\":\"https:\\\/\\\/planet-creations.com\\\/\"},{\"@type\":\"ListItem\",\"position\":2,\"name\":\"Bijoux\",\"item\":\"https:\\\/\\\/planet-creations.com\\\/index.php\\\/bijoux\\\/\"},{\"@type\":\"ListItem\",\"position\":3,\"name\":\"Secrets de Naomi\"}]},{\"@type\":\"WebSite\",\"@id\":\"https:\\\/\\\/planet-creations.com\\\/#website\",\"url\":\"https:\\\/\\\/planet-creations.com\\\/\",\"name\":\"Planet&#039;Creations\",\"description\":\"Boutique de cr\u00e9ateurs\",\"potentialAction\":[{\"@type\":\"SearchAction\",\"target\":{\"@type\":\"EntryPoint\",\"urlTemplate\":\"https:\\\/\\\/planet-creations.com\\\/?s={search_term_string}\"},\"query-input\":{\"@type\":\"PropertyValueSpecification\",\"valueRequired\":true,\"valueName\":\"search_term_string\"}}],\"inLanguage\":\"fr-FR\"}]}<\/script>\n<!-- \/ Yoast SEO plugin. -->","yoast_head_json":{"title":"Secrets de Naomi - Bijoux couture - Planet&#039;Creations","description":"Secrets de Naomi, cr\u00e9atrice de bijoux couture. Bijoux de perles brod\u00e9es, tiss\u00e9es, perles de Murano et argent.","robots":{"index":"index","follow":"follow","max-snippet":"max-snippet:-1","max-image-preview":"max-image-preview:large","max-video-preview":"max-video-preview:-1"},"canonical":"https:\/\/planet-creations.com\/index.php\/bijoux\/secrets-de-naomi\/","og_locale":"fr_FR","og_type":"article","og_title":"Secrets de Naomi - Bijoux couture - Planet&#039;Creations","og_description":"Secrets de Naomi, cr\u00e9atrice de bijoux couture. Bijoux de perles brod\u00e9es, tiss\u00e9es, perles de Murano et argent.","og_url":"https:\/\/planet-creations.com\/index.php\/bijoux\/secrets-de-naomi\/","og_site_name":"Planet&#039;Creations","article_modified_time":"2022-08-22T15:30:47+00:00","og_image":[{"url":"https:\/\/planet-creations.com\/wp-content\/uploads\/2020\/03\/planetcreations-secretsdenaomi-logo-anne-meniconi.png","type":"","width":"","height":""}],"twitter_card":"summary_large_image","twitter_misc":{"Dur\u00e9e de lecture estim\u00e9e":"3 minutes"},"schema":{"@context":"https:\/\/schema.org","@graph":[{"@type":"WebPage","@id":"https:\/\/planet-creations.com\/index.php\/bijoux\/secrets-de-naomi\/","url":"https:\/\/planet-creations.com\/index.php\/bijoux\/secrets-de-naomi\/","name":"Secrets de Naomi - Bijoux couture - Planet&#039;Creations","isPartOf":{"@id":"https:\/\/planet-creations.com\/#website"},"primaryImageOfPage":{"@id":"https:\/\/planet-creations.com\/index.php\/bijoux\/secrets-de-naomi\/#primaryimage"},"image":{"@id":"https:\/\/planet-creations.com\/index.php\/bijoux\/secrets-de-naomi\/#primaryimage"},"thumbnailUrl":"https:\/\/planet-creations.com\/wp-content\/uploads\/2020\/03\/planetcreations-secretsdenaomi-logo-anne-meniconi.png","datePublished":"2016-06-24T12:51:32+00:00","dateModified":"2022-08-22T15:30:47+00:00","description":"Secrets de Naomi, cr\u00e9atrice de bijoux couture. Bijoux de perles brod\u00e9es, tiss\u00e9es, perles de Murano et argent.","breadcrumb":{"@id":"https:\/\/planet-creations.com\/index.php\/bijoux\/secrets-de-naomi\/#breadcrumb"},"inLanguage":"fr-FR","potentialAction":[{"@type":"ReadAction","target":["https:\/\/planet-creations.com\/index.php\/bijoux\/secrets-de-naomi\/"]}]},{"@type":"ImageObject","inLanguage":"fr-FR","@id":"https:\/\/planet-creations.com\/index.php\/bijoux\/secrets-de-naomi\/#primaryimage","url":"https:\/\/planet-creations.com\/wp-content\/uploads\/2020\/03\/planetcreations-secretsdenaomi-logo-anne-meniconi.png","contentUrl":"https:\/\/planet-creations.com\/wp-content\/uploads\/2020\/03\/planetcreations-secretsdenaomi-logo-anne-meniconi.png","width":457,"height":457,"caption":"logo de Secrets de Naomi"},{"@type":"BreadcrumbList","@id":"https:\/\/planet-creations.com\/index.php\/bijoux\/secrets-de-naomi\/#breadcrumb","itemListElement":[{"@type":"ListItem","position":1,"name":"Accueil","item":"https:\/\/planet-creations.com\/"},{"@type":"ListItem","position":2,"name":"Bijoux","item":"https:\/\/planet-creations.com\/index.php\/bijoux\/"},{"@type":"ListItem","position":3,"name":"Secrets de Naomi"}]},{"@type":"WebSite","@id":"https:\/\/planet-creations.com\/#website","url":"https:\/\/planet-creations.com\/","name":"Planet&#039;Creations","description":"Boutique de cr\u00e9ateurs","potentialAction":[{"@type":"SearchAction","target":{"@type":"EntryPoint","urlTemplate":"https:\/\/planet-creations.com\/?s={search_term_string}"},"query-input":{"@type":"PropertyValueSpecification","valueRequired":true,"valueName":"search_term_string"}}],"inLanguage":"fr-FR"}]}},"_links":{"self":[{"href":"https:\/\/planet-creations.com\/index.php\/wp-json\/wp\/v2\/pages\/84","targetHints":{"allow":["GET"]}}],"collection":[{"href":"https:\/\/planet-creations.com\/index.php\/wp-json\/wp\/v2\/pages"}],"about":[{"href":"https:\/\/planet-creations.com\/index.php\/wp-json\/wp\/v2\/types\/page"}],"author":[{"embeddable":true,"href":"https:\/\/planet-creations.com\/index.php\/wp-json\/wp\/v2\/users\/2"}],"replies":[{"embeddable":true,"href":"https:\/\/planet-creations.com\/index.php\/wp-json\/wp\/v2\/comments?post=84"}],"version-history":[{"count":31,"href":"https:\/\/planet-creations.com\/index.php\/wp-json\/wp\/v2\/pages\/84\/revisions"}],"predecessor-version":[{"id":1851,"href":"https:\/\/planet-creations.com\/index.php\/wp-json\/wp\/v2\/pages\/84\/revisions\/1851"}],"up":[{"embeddable":true,"href":"https:\/\/planet-creations.com\/index.php\/wp-json\/wp\/v2\/pages\/204"}],"wp:attachment":[{"href":"https:\/\/planet-creations.com\/index.php\/wp-json\/wp\/v2\/media?parent=84"}],"curies":[{"name":"wp","href":"https:\/\/api.w.org\/{rel}","templated":true}]}}