{"id":608,"date":"2020-03-17T19:29:35","date_gmt":"2020-03-17T18:29:35","guid":{"rendered":""},"modified":"2022-08-22T15:45:35","modified_gmt":"2022-08-22T14:45:35","slug":"les-bulles-dysae","status":"publish","type":"page","link":"https:\/\/planet-creations.com\/index.php\/cosmetiques\/les-bulles-dysae\/","title":{"rendered":"Les bulles d&rsquo;Ysa\u00e9"},"content":{"rendered":"\n<div class=\"wp-block-media-text alignwide\" style=\"grid-template-columns:15% auto\"><figure class=\"wp-block-media-text__media\"><img loading=\"lazy\" decoding=\"async\" width=\"504\" height=\"504\" src=\"https:\/\/planet-creations.com\/wp-content\/uploads\/2022\/08\/planetcreations-lesbullesdysae-logo.jpg\" alt=\"\" class=\"wp-image-1830 size-full\" srcset=\"https:\/\/planet-creations.com\/wp-content\/uploads\/2022\/08\/planetcreations-lesbullesdysae-logo.jpg 504w, https:\/\/planet-creations.com\/wp-content\/uploads\/2022\/08\/planetcreations-lesbullesdysae-logo-150x150.jpg 150w\" sizes=\"auto, (max-width: 504px) 100vw, 504px\" \/><\/figure><div class=\"wp-block-media-text__content\">\n<h2 class=\"wp-block-heading\" style=\"font-size:22px\">D\u00e9couvrez ou red\u00e9couvrez les bienfaits du savon \u00e0 froid.<br>Doux pour la peau et pour la plan\u00e8te !<\/h2>\n<\/div><\/div>\n\n\n\n<div class=\"wp-block-media-text alignwide has-media-on-the-right is-stacked-on-mobile\" style=\"grid-template-columns:auto 26%\"><figure class=\"wp-block-media-text__media\"><img loading=\"lazy\" decoding=\"async\" width=\"564\" height=\"564\" src=\"https:\/\/planet-creations.com\/wp-content\/uploads\/2020\/05\/Argile.jpg\" alt=\"\" class=\"wp-image-1071 size-full\" srcset=\"https:\/\/planet-creations.com\/wp-content\/uploads\/2020\/05\/Argile.jpg 564w, https:\/\/planet-creations.com\/wp-content\/uploads\/2020\/05\/Argile-160x160.jpg 160w, https:\/\/planet-creations.com\/wp-content\/uploads\/2020\/05\/Argile-150x150.jpg 150w\" sizes=\"auto, (max-width: 564px) 100vw, 564px\" \/><\/figure><div class=\"wp-block-media-text__content\">\n<p>Tous mes savons sont \u00e9labor\u00e9s artisanalement par <strong>saponification \u00e0 froid<\/strong>, m\u00e9thode ancestrale pr\u00e9servant les vertus des <strong>mati\u00e8res bio<\/strong>, nobles et pr\u00e9cieuses les composant.<\/p>\n\n\n\n<p><strong>Surgras et riches en glyc\u00e9rine<\/strong> naturellement produite par la saponification.<\/p>\n<\/div><\/div>\n\n\n\n<p><\/p>\n\n\n\n<div class=\"wp-block-media-text alignwide is-stacked-on-mobile\" style=\"grid-template-columns:26% auto\"><figure class=\"wp-block-media-text__media\"><img loading=\"lazy\" decoding=\"async\" width=\"500\" height=\"500\" src=\"https:\/\/planet-creations.com\/wp-content\/uploads\/2020\/07\/Lavande_3-copie.jpg\" alt=\"\" class=\"wp-image-1171 size-full\" srcset=\"https:\/\/planet-creations.com\/wp-content\/uploads\/2020\/07\/Lavande_3-copie.jpg 500w, https:\/\/planet-creations.com\/wp-content\/uploads\/2020\/07\/Lavande_3-copie-160x160.jpg 160w, https:\/\/planet-creations.com\/wp-content\/uploads\/2020\/07\/Lavande_3-copie-150x150.jpg 150w\" sizes=\"auto, (max-width: 500px) 100vw, 500px\" \/><\/figure><div class=\"wp-block-media-text__content\">\n<p>Compos\u00e9e principalement d&rsquo;huile d&rsquo;olive et de beurre de karit\u00e9 brut, la gamme compl\u00e8te comporte 9 savons\u2026<\/p>\n\n\n\n<ul class=\"wp-block-list\"><li><strong>Lou Pitchoun<\/strong> (calendula, amande douce, lait d&rsquo;avoine)<\/li><li><strong>Citron Bergamote<\/strong> (huile d&rsquo;abricot, citron et bergamote)<\/li><li><strong>Un \u00e9t\u00e9 en Provence<\/strong> (amande douce, lavande fine)<\/li><li><strong>Ros&rsquo;h\u00f4<\/strong> (jojoba, bois de h\u00f4)<\/li><li><strong>Sous les bigaradiers<\/strong> (prune, petit grain bigarade, mandarine verte)<\/li><li><strong>Menthe poivr\u00e9e<\/strong> (ricin, menthe poivr\u00e9e, c\u00e8dre de l&rsquo;Atlas)<\/li><li><strong>Argile verte<\/strong> (noisette, argiles, eucalyptus, romarin)<\/li><li><strong>Charbon Macadamia<\/strong> (macadamia, charbon v\u00e9g\u00e9tal, g\u00e9ranium bourbon)<\/li><li><strong>Tiramisu<\/strong> (beurre de cacao, caf\u00e9, amande douce,)<\/li><\/ul>\n<\/div><\/div>\n\n\n\n<div class=\"wp-block-media-text alignwide has-media-on-the-right is-stacked-on-mobile\" style=\"grid-template-columns:auto 26%\"><figure class=\"wp-block-media-text__media\"><img loading=\"lazy\" decoding=\"async\" width=\"500\" height=\"500\" src=\"https:\/\/planet-creations.com\/wp-content\/uploads\/2020\/05\/planetcreations-photo-portrait-maud-bierent-lesbullesdysae.jpg\" alt=\"\" class=\"wp-image-1053 size-full\" srcset=\"https:\/\/planet-creations.com\/wp-content\/uploads\/2020\/05\/planetcreations-photo-portrait-maud-bierent-lesbullesdysae.jpg 500w, https:\/\/planet-creations.com\/wp-content\/uploads\/2020\/05\/planetcreations-photo-portrait-maud-bierent-lesbullesdysae-160x160.jpg 160w, https:\/\/planet-creations.com\/wp-content\/uploads\/2020\/05\/planetcreations-photo-portrait-maud-bierent-lesbullesdysae-150x150.jpg 150w\" sizes=\"auto, (max-width: 500px) 100vw, 500px\" \/><\/figure><div class=\"wp-block-media-text__content\">\n<p>Fabriqu\u00e9s, coup\u00e9s et emball\u00e9s avec soin dans mon atelier-boutique, <a href=\"https:\/\/www.lesbullesdysae.com\/\" target=\"_blank\" rel=\"noreferrer noopener\">Les Bulles d&rsquo;Ysa\u00e9<\/a>, au c\u0153ur du village de la Gaude sur la C\u00f4te d&rsquo;Azur.<\/p>\n\n\n\n<p>A base d&rsquo;<strong>ingr\u00e9dients v\u00e9g\u00e9taux 100% issus de l&rsquo;agriculture biologique<\/strong>, color\u00e9s d&rsquo;argiles, d&rsquo;ocres et parfum\u00e9s aux huiles essentielles biologiques.<\/p>\n\n\n\n<p>Toute la gamme est sous mention <strong>Slow Cosm\u00e9tique<\/strong>.   <img loading=\"lazy\" decoding=\"async\" width=\"50\" height=\"58\" class=\"wp-image-1170\" style=\"width: 50px;\" src=\"httpss:\/\/planet-creations.com\/wp-content\/uploads\/2020\/07\/logo_slowcosmetique_web.png\" alt=\"\" srcset=\"https:\/\/planet-creations.com\/wp-content\/uploads\/2020\/07\/logo_slowcosmetique_web.png 1300w, https:\/\/planet-creations.com\/wp-content\/uploads\/2020\/07\/logo_slowcosmetique_web-600x697.png 600w, https:\/\/planet-creations.com\/wp-content\/uploads\/2020\/07\/logo_slowcosmetique_web-516x600.png 516w, https:\/\/planet-creations.com\/wp-content\/uploads\/2020\/07\/logo_slowcosmetique_web-881x1024.png 881w, https:\/\/planet-creations.com\/wp-content\/uploads\/2020\/07\/logo_slowcosmetique_web-768x893.png 768w\" sizes=\"auto, (max-width: 50px) 100vw, 50px\" \/><\/p>\n<\/div><\/div>\n","protected":false},"excerpt":{"rendered":"<p>D\u00e9couvrez ou red\u00e9couvrez les bienfaits du savon \u00e0 froid.Doux pour la peau et pour la plan\u00e8te ! Tous mes savons sont \u00e9labor\u00e9s artisanalement par saponification \u00e0 froid, m\u00e9thode ancestrale pr\u00e9servant les vertus des mati\u00e8res bio, nobles et pr\u00e9cieuses les composant. Surgras et riches en glyc\u00e9rine naturellement produite par la saponification.<\/p>\n","protected":false},"author":2,"featured_media":0,"parent":668,"menu_order":0,"comment_status":"closed","ping_status":"closed","template":"","meta":{"footnotes":""},"class_list":["post-608","page","type-page","status-publish","hentry"],"yoast_head":"<!-- This site is optimized with the Yoast SEO plugin v27.5 - https:\/\/yoast.com\/product\/yoast-seo-wordpress\/ -->\n<title>Les bulles d&#039;Ysa\u00e9 - Planet&#039;Creations<\/title>\n<meta name=\"description\" content=\"Savons et cosm\u00e9tiques bio \u00e9labor\u00e9s artisanalement par saponification \u00e0 froid, surgras et riches en glyc\u00e9rine, \u00e0 base d&#039;ingr\u00e9dients v\u00e9g\u00e9taux 100% issus de l&#039;agriculture biologique.\" \/>\n<meta name=\"robots\" content=\"index, follow, max-snippet:-1, max-image-preview:large, max-video-preview:-1\" \/>\n<link rel=\"canonical\" href=\"https:\/\/planet-creations.com\/index.php\/cosmetiques\/les-bulles-dysae\/\" \/>\n<meta property=\"og:locale\" content=\"fr_FR\" \/>\n<meta property=\"og:type\" content=\"article\" \/>\n<meta property=\"og:title\" content=\"Les bulles d&#039;Ysa\u00e9 - Planet&#039;Creations\" \/>\n<meta property=\"og:description\" content=\"Savons et cosm\u00e9tiques bio \u00e9labor\u00e9s artisanalement par saponification \u00e0 froid, surgras et riches en glyc\u00e9rine, \u00e0 base d&#039;ingr\u00e9dients v\u00e9g\u00e9taux 100% issus de l&#039;agriculture biologique.\" \/>\n<meta property=\"og:url\" content=\"https:\/\/planet-creations.com\/index.php\/cosmetiques\/les-bulles-dysae\/\" \/>\n<meta property=\"og:site_name\" content=\"Planet&#039;Creations\" \/>\n<meta property=\"article:modified_time\" content=\"2022-08-22T14:45:35+00:00\" \/>\n<meta property=\"og:image\" content=\"https:\/\/planet-creations.com\/wp-content\/uploads\/2022\/08\/planetcreations-lesbullesdysae-logo.jpg\" \/>\n<meta name=\"twitter:card\" content=\"summary_large_image\" \/>\n<meta name=\"twitter:label1\" content=\"Dur\u00e9e de lecture estim\u00e9e\" \/>\n\t<meta name=\"twitter:data1\" content=\"2 minutes\" \/>\n<script type=\"application\/ld+json\" class=\"yoast-schema-graph\">{\"@context\":\"https:\\\/\\\/schema.org\",\"@graph\":[{\"@type\":\"WebPage\",\"@id\":\"https:\\\/\\\/planet-creations.com\\\/index.php\\\/cosmetiques\\\/les-bulles-dysae\\\/\",\"url\":\"https:\\\/\\\/planet-creations.com\\\/index.php\\\/cosmetiques\\\/les-bulles-dysae\\\/\",\"name\":\"Les bulles d'Ysa\u00e9 - Planet&#039;Creations\",\"isPartOf\":{\"@id\":\"https:\\\/\\\/planet-creations.com\\\/#website\"},\"primaryImageOfPage\":{\"@id\":\"https:\\\/\\\/planet-creations.com\\\/index.php\\\/cosmetiques\\\/les-bulles-dysae\\\/#primaryimage\"},\"image\":{\"@id\":\"https:\\\/\\\/planet-creations.com\\\/index.php\\\/cosmetiques\\\/les-bulles-dysae\\\/#primaryimage\"},\"thumbnailUrl\":\"https:\\\/\\\/planet-creations.com\\\/wp-content\\\/uploads\\\/2022\\\/08\\\/planetcreations-lesbullesdysae-logo.jpg\",\"datePublished\":\"2020-03-17T18:29:35+00:00\",\"dateModified\":\"2022-08-22T14:45:35+00:00\",\"description\":\"Savons et cosm\u00e9tiques bio \u00e9labor\u00e9s artisanalement par saponification \u00e0 froid, surgras et riches en glyc\u00e9rine, \u00e0 base d'ingr\u00e9dients v\u00e9g\u00e9taux 100% issus de l'agriculture biologique.\",\"breadcrumb\":{\"@id\":\"https:\\\/\\\/planet-creations.com\\\/index.php\\\/cosmetiques\\\/les-bulles-dysae\\\/#breadcrumb\"},\"inLanguage\":\"fr-FR\",\"potentialAction\":[{\"@type\":\"ReadAction\",\"target\":[\"https:\\\/\\\/planet-creations.com\\\/index.php\\\/cosmetiques\\\/les-bulles-dysae\\\/\"]}]},{\"@type\":\"ImageObject\",\"inLanguage\":\"fr-FR\",\"@id\":\"https:\\\/\\\/planet-creations.com\\\/index.php\\\/cosmetiques\\\/les-bulles-dysae\\\/#primaryimage\",\"url\":\"https:\\\/\\\/planet-creations.com\\\/wp-content\\\/uploads\\\/2022\\\/08\\\/planetcreations-lesbullesdysae-logo.jpg\",\"contentUrl\":\"https:\\\/\\\/planet-creations.com\\\/wp-content\\\/uploads\\\/2022\\\/08\\\/planetcreations-lesbullesdysae-logo.jpg\",\"width\":504,\"height\":504},{\"@type\":\"BreadcrumbList\",\"@id\":\"https:\\\/\\\/planet-creations.com\\\/index.php\\\/cosmetiques\\\/les-bulles-dysae\\\/#breadcrumb\",\"itemListElement\":[{\"@type\":\"ListItem\",\"position\":1,\"name\":\"Accueil\",\"item\":\"https:\\\/\\\/planet-creations.com\\\/\"},{\"@type\":\"ListItem\",\"position\":2,\"name\":\"Cosm\u00e9tiques\",\"item\":\"https:\\\/\\\/planet-creations.com\\\/index.php\\\/cosmetiques\\\/\"},{\"@type\":\"ListItem\",\"position\":3,\"name\":\"Les bulles d&rsquo;Ysa\u00e9\"}]},{\"@type\":\"WebSite\",\"@id\":\"https:\\\/\\\/planet-creations.com\\\/#website\",\"url\":\"https:\\\/\\\/planet-creations.com\\\/\",\"name\":\"Planet&#039;Creations\",\"description\":\"Boutique de cr\u00e9ateurs\",\"potentialAction\":[{\"@type\":\"SearchAction\",\"target\":{\"@type\":\"EntryPoint\",\"urlTemplate\":\"https:\\\/\\\/planet-creations.com\\\/?s={search_term_string}\"},\"query-input\":{\"@type\":\"PropertyValueSpecification\",\"valueRequired\":true,\"valueName\":\"search_term_string\"}}],\"inLanguage\":\"fr-FR\"}]}<\/script>\n<!-- \/ Yoast SEO plugin. -->","yoast_head_json":{"title":"Les bulles d'Ysa\u00e9 - Planet&#039;Creations","description":"Savons et cosm\u00e9tiques bio \u00e9labor\u00e9s artisanalement par saponification \u00e0 froid, surgras et riches en glyc\u00e9rine, \u00e0 base d'ingr\u00e9dients v\u00e9g\u00e9taux 100% issus de l'agriculture biologique.","robots":{"index":"index","follow":"follow","max-snippet":"max-snippet:-1","max-image-preview":"max-image-preview:large","max-video-preview":"max-video-preview:-1"},"canonical":"https:\/\/planet-creations.com\/index.php\/cosmetiques\/les-bulles-dysae\/","og_locale":"fr_FR","og_type":"article","og_title":"Les bulles d'Ysa\u00e9 - Planet&#039;Creations","og_description":"Savons et cosm\u00e9tiques bio \u00e9labor\u00e9s artisanalement par saponification \u00e0 froid, surgras et riches en glyc\u00e9rine, \u00e0 base d'ingr\u00e9dients v\u00e9g\u00e9taux 100% issus de l'agriculture biologique.","og_url":"https:\/\/planet-creations.com\/index.php\/cosmetiques\/les-bulles-dysae\/","og_site_name":"Planet&#039;Creations","article_modified_time":"2022-08-22T14:45:35+00:00","og_image":[{"url":"https:\/\/planet-creations.com\/wp-content\/uploads\/2022\/08\/planetcreations-lesbullesdysae-logo.jpg","type":"","width":"","height":""}],"twitter_card":"summary_large_image","twitter_misc":{"Dur\u00e9e de lecture estim\u00e9e":"2 minutes"},"schema":{"@context":"https:\/\/schema.org","@graph":[{"@type":"WebPage","@id":"https:\/\/planet-creations.com\/index.php\/cosmetiques\/les-bulles-dysae\/","url":"https:\/\/planet-creations.com\/index.php\/cosmetiques\/les-bulles-dysae\/","name":"Les bulles d'Ysa\u00e9 - Planet&#039;Creations","isPartOf":{"@id":"https:\/\/planet-creations.com\/#website"},"primaryImageOfPage":{"@id":"https:\/\/planet-creations.com\/index.php\/cosmetiques\/les-bulles-dysae\/#primaryimage"},"image":{"@id":"https:\/\/planet-creations.com\/index.php\/cosmetiques\/les-bulles-dysae\/#primaryimage"},"thumbnailUrl":"https:\/\/planet-creations.com\/wp-content\/uploads\/2022\/08\/planetcreations-lesbullesdysae-logo.jpg","datePublished":"2020-03-17T18:29:35+00:00","dateModified":"2022-08-22T14:45:35+00:00","description":"Savons et cosm\u00e9tiques bio \u00e9labor\u00e9s artisanalement par saponification \u00e0 froid, surgras et riches en glyc\u00e9rine, \u00e0 base d'ingr\u00e9dients v\u00e9g\u00e9taux 100% issus de l'agriculture biologique.","breadcrumb":{"@id":"https:\/\/planet-creations.com\/index.php\/cosmetiques\/les-bulles-dysae\/#breadcrumb"},"inLanguage":"fr-FR","potentialAction":[{"@type":"ReadAction","target":["https:\/\/planet-creations.com\/index.php\/cosmetiques\/les-bulles-dysae\/"]}]},{"@type":"ImageObject","inLanguage":"fr-FR","@id":"https:\/\/planet-creations.com\/index.php\/cosmetiques\/les-bulles-dysae\/#primaryimage","url":"https:\/\/planet-creations.com\/wp-content\/uploads\/2022\/08\/planetcreations-lesbullesdysae-logo.jpg","contentUrl":"https:\/\/planet-creations.com\/wp-content\/uploads\/2022\/08\/planetcreations-lesbullesdysae-logo.jpg","width":504,"height":504},{"@type":"BreadcrumbList","@id":"https:\/\/planet-creations.com\/index.php\/cosmetiques\/les-bulles-dysae\/#breadcrumb","itemListElement":[{"@type":"ListItem","position":1,"name":"Accueil","item":"https:\/\/planet-creations.com\/"},{"@type":"ListItem","position":2,"name":"Cosm\u00e9tiques","item":"https:\/\/planet-creations.com\/index.php\/cosmetiques\/"},{"@type":"ListItem","position":3,"name":"Les bulles d&rsquo;Ysa\u00e9"}]},{"@type":"WebSite","@id":"https:\/\/planet-creations.com\/#website","url":"https:\/\/planet-creations.com\/","name":"Planet&#039;Creations","description":"Boutique de cr\u00e9ateurs","potentialAction":[{"@type":"SearchAction","target":{"@type":"EntryPoint","urlTemplate":"https:\/\/planet-creations.com\/?s={search_term_string}"},"query-input":{"@type":"PropertyValueSpecification","valueRequired":true,"valueName":"search_term_string"}}],"inLanguage":"fr-FR"}]}},"_links":{"self":[{"href":"https:\/\/planet-creations.com\/index.php\/wp-json\/wp\/v2\/pages\/608","targetHints":{"allow":["GET"]}}],"collection":[{"href":"https:\/\/planet-creations.com\/index.php\/wp-json\/wp\/v2\/pages"}],"about":[{"href":"https:\/\/planet-creations.com\/index.php\/wp-json\/wp\/v2\/types\/page"}],"author":[{"embeddable":true,"href":"https:\/\/planet-creations.com\/index.php\/wp-json\/wp\/v2\/users\/2"}],"replies":[{"embeddable":true,"href":"https:\/\/planet-creations.com\/index.php\/wp-json\/wp\/v2\/comments?post=608"}],"version-history":[{"count":21,"href":"https:\/\/planet-creations.com\/index.php\/wp-json\/wp\/v2\/pages\/608\/revisions"}],"predecessor-version":[{"id":1843,"href":"https:\/\/planet-creations.com\/index.php\/wp-json\/wp\/v2\/pages\/608\/revisions\/1843"}],"up":[{"embeddable":true,"href":"https:\/\/planet-creations.com\/index.php\/wp-json\/wp\/v2\/pages\/668"}],"wp:attachment":[{"href":"https:\/\/planet-creations.com\/index.php\/wp-json\/wp\/v2\/media?parent=608"}],"curies":[{"name":"wp","href":"https:\/\/api.w.org\/{rel}","templated":true}]}}