{"id":606,"date":"2020-03-16T20:52:57","date_gmt":"2020-03-16T19:52:57","guid":{"rendered":""},"modified":"2022-08-15T14:36:51","modified_gmt":"2022-08-15T13:36:51","slug":"atelier-bleu-d-argile","status":"publish","type":"page","link":"https:\/\/planet-creations.com\/index.php\/arts-de-la-table\/atelier-bleu-d-argile\/","title":{"rendered":"Atelier Bleu d&rsquo;Argile"},"content":{"rendered":"\n<div class=\"wp-block-media-text alignwide\" style=\"grid-template-columns:15% auto\"><figure class=\"wp-block-media-text__media\"><img loading=\"lazy\" decoding=\"async\" width=\"382\" height=\"382\" src=\"https:\/\/planet-creations.com\/wp-content\/uploads\/2022\/08\/planetcreations-bleudargile-logo.jpg\" alt=\"\" class=\"wp-image-1805 size-full\" srcset=\"https:\/\/planet-creations.com\/wp-content\/uploads\/2022\/08\/planetcreations-bleudargile-logo.jpg 382w, https:\/\/planet-creations.com\/wp-content\/uploads\/2022\/08\/planetcreations-bleudargile-logo-150x150.jpg 150w\" sizes=\"auto, (max-width: 382px) 100vw, 382px\" \/><\/figure><div class=\"wp-block-media-text__content\">\n<p class=\"has-medium-font-size\"><\/p>\n<\/div><\/div>\n\n\n\n<div class=\"wp-block-media-text alignwide has-media-on-the-right\" style=\"grid-template-columns:auto 26%\"><figure class=\"wp-block-media-text__media\"><img loading=\"lazy\" decoding=\"async\" width=\"410\" height=\"410\" src=\"https:\/\/planet-creations.com\/wp-content\/uploads\/2020\/11\/vaisselle-bleu-d-argile-vallauris_orig-1b.jpg\" alt=\"\" class=\"wp-image-1290 size-full\" srcset=\"https:\/\/planet-creations.com\/wp-content\/uploads\/2020\/11\/vaisselle-bleu-d-argile-vallauris_orig-1b.jpg 410w, https:\/\/planet-creations.com\/wp-content\/uploads\/2020\/11\/vaisselle-bleu-d-argile-vallauris_orig-1b-160x160.jpg 160w, https:\/\/planet-creations.com\/wp-content\/uploads\/2020\/11\/vaisselle-bleu-d-argile-vallauris_orig-1b-150x150.jpg 150w\" sizes=\"auto, (max-width: 410px) 100vw, 410px\" \/><\/figure><div class=\"wp-block-media-text__content\">\n<p>Install\u00e9e \u00e0 Vallauris depuis 2007, Fabienne Tassi s\u2019attache \u00e0 redonner \u00e0 la traditionnelle vaisselle Proven\u00e7ale une touche de modernit\u00e9 tout en pr\u00e9servant les savoir-faire de Vallauris.<\/p>\n<\/div><\/div>\n\n\n\n<div class=\"wp-block-media-text alignwide\" style=\"grid-template-columns:26% auto\"><figure class=\"wp-block-media-text__media\"><img loading=\"lazy\" decoding=\"async\" width=\"410\" height=\"410\" src=\"https:\/\/planet-creations.com\/wp-content\/uploads\/2020\/11\/vaisselle-bleu-d-argile-vallauris_orig-1c.jpg\" alt=\"\" class=\"wp-image-1291 size-full\" srcset=\"https:\/\/planet-creations.com\/wp-content\/uploads\/2020\/11\/vaisselle-bleu-d-argile-vallauris_orig-1c.jpg 410w, https:\/\/planet-creations.com\/wp-content\/uploads\/2020\/11\/vaisselle-bleu-d-argile-vallauris_orig-1c-160x160.jpg 160w, https:\/\/planet-creations.com\/wp-content\/uploads\/2020\/11\/vaisselle-bleu-d-argile-vallauris_orig-1c-150x150.jpg 150w\" sizes=\"auto, (max-width: 410px) 100vw, 410px\" \/><\/figure><div class=\"wp-block-media-text__content\">\n<p>Chaque pi\u00e8ce est fabriqu\u00e9e \u00e0 la main, par estampage ou par tournage, dans du gr\u00e8s noir, qui, apr\u00e8s une premi\u00e8re cuisson, est \u00e9maill\u00e9 et enfourn\u00e9 une seconde fois, pour que la magie du feu alli\u00e9e \u00e0 la technique pr\u00e9cise utilis\u00e9e rende chaque pi\u00e8ce unique, tout en faisant partie d\u2019une s\u00e9rie.<\/p>\n<\/div><\/div>\n\n\n\n<div class=\"wp-block-media-text alignwide has-media-on-the-right\" style=\"grid-template-columns:auto 26%\"><figure class=\"wp-block-media-text__media\"><img loading=\"lazy\" decoding=\"async\" width=\"445\" height=\"445\" src=\"https:\/\/planet-creations.com\/wp-content\/uploads\/2020\/11\/tournage-verre-caf-4_1.jpg\" alt=\"\" class=\"wp-image-1294 size-full\" srcset=\"https:\/\/planet-creations.com\/wp-content\/uploads\/2020\/11\/tournage-verre-caf-4_1.jpg 445w, https:\/\/planet-creations.com\/wp-content\/uploads\/2020\/11\/tournage-verre-caf-4_1-160x160.jpg 160w, https:\/\/planet-creations.com\/wp-content\/uploads\/2020\/11\/tournage-verre-caf-4_1-150x150.jpg 150w\" sizes=\"auto, (max-width: 445px) 100vw, 445px\" \/><\/figure><div class=\"wp-block-media-text__content\">\n<p>Les 18 couleurs de la palette et les dizaines de formes diff\u00e9rentes sont cr\u00e9\u00e9es avec la passion du respect de la tradition en m\u00eame temps que le d\u00e9sir de s\u2019inscrire dans notre \u00e9poque.<br>Ses cr\u00e9ations repr\u00e9sentent fi\u00e8rement \u00e0 la fois l\u2019authenticit\u00e9 de l\u2019\u00e2me Proven\u00e7ale et l\u2019\u00e9l\u00e9gance des arts de la table \u00e0 la Fran\u00e7aise.<\/p>\n<\/div><\/div>\n","protected":false},"excerpt":{"rendered":"<p>Install\u00e9e \u00e0 Vallauris depuis 2007, Fabienne Tassi s\u2019attache \u00e0 redonner \u00e0 la traditionnelle vaisselle Proven\u00e7ale une touche de modernit\u00e9 tout en pr\u00e9servant les savoir-faire de Vallauris. Chaque pi\u00e8ce est fabriqu\u00e9e \u00e0 la main, par estampage ou par tournage, dans du gr\u00e8s noir, qui, apr\u00e8s une premi\u00e8re cuisson, est \u00e9maill\u00e9 et<\/p>\n","protected":false},"author":2,"featured_media":0,"parent":402,"menu_order":0,"comment_status":"closed","ping_status":"closed","template":"","meta":{"footnotes":""},"class_list":["post-606","page","type-page","status-publish","hentry"],"yoast_head":"<!-- This site is optimized with the Yoast SEO plugin v27.5 - https:\/\/yoast.com\/product\/yoast-seo-wordpress\/ -->\n<title>Atelier Bleu d&#039;Argile - C\u00e9ramique - Planet&#039;Creations<\/title>\n<meta name=\"description\" content=\"Atelier bleu d&#039;argile, artisan c\u00e9ramiste. Fabrication \u00e0 la main d&#039;articles de vaisselle Proven\u00e7ale en c\u00e9ramique.\" \/>\n<meta name=\"robots\" content=\"index, follow, max-snippet:-1, max-image-preview:large, max-video-preview:-1\" \/>\n<link rel=\"canonical\" href=\"https:\/\/planet-creations.com\/index.php\/arts-de-la-table\/atelier-bleu-d-argile\/\" \/>\n<meta property=\"og:locale\" content=\"fr_FR\" \/>\n<meta property=\"og:type\" content=\"article\" \/>\n<meta property=\"og:title\" content=\"Atelier Bleu d&#039;Argile - C\u00e9ramique - Planet&#039;Creations\" \/>\n<meta property=\"og:description\" content=\"Atelier bleu d&#039;argile, artisan c\u00e9ramiste. Fabrication \u00e0 la main d&#039;articles de vaisselle Proven\u00e7ale en c\u00e9ramique.\" \/>\n<meta property=\"og:url\" content=\"https:\/\/planet-creations.com\/index.php\/arts-de-la-table\/atelier-bleu-d-argile\/\" \/>\n<meta property=\"og:site_name\" content=\"Planet&#039;Creations\" \/>\n<meta property=\"article:modified_time\" content=\"2022-08-15T13:36:51+00:00\" \/>\n<meta property=\"og:image\" content=\"https:\/\/planet-creations.com\/wp-content\/uploads\/2022\/08\/planetcreations-bleudargile-logo.jpg\" \/>\n<meta name=\"twitter:card\" content=\"summary_large_image\" \/>\n<meta name=\"twitter:label1\" content=\"Dur\u00e9e de lecture estim\u00e9e\" \/>\n\t<meta name=\"twitter:data1\" content=\"2 minutes\" \/>\n<script type=\"application\/ld+json\" class=\"yoast-schema-graph\">{\"@context\":\"https:\\\/\\\/schema.org\",\"@graph\":[{\"@type\":\"WebPage\",\"@id\":\"https:\\\/\\\/planet-creations.com\\\/index.php\\\/arts-de-la-table\\\/atelier-bleu-d-argile\\\/\",\"url\":\"https:\\\/\\\/planet-creations.com\\\/index.php\\\/arts-de-la-table\\\/atelier-bleu-d-argile\\\/\",\"name\":\"Atelier Bleu d'Argile - C\u00e9ramique - Planet&#039;Creations\",\"isPartOf\":{\"@id\":\"https:\\\/\\\/planet-creations.com\\\/#website\"},\"primaryImageOfPage\":{\"@id\":\"https:\\\/\\\/planet-creations.com\\\/index.php\\\/arts-de-la-table\\\/atelier-bleu-d-argile\\\/#primaryimage\"},\"image\":{\"@id\":\"https:\\\/\\\/planet-creations.com\\\/index.php\\\/arts-de-la-table\\\/atelier-bleu-d-argile\\\/#primaryimage\"},\"thumbnailUrl\":\"https:\\\/\\\/planet-creations.com\\\/wp-content\\\/uploads\\\/2022\\\/08\\\/planetcreations-bleudargile-logo.jpg\",\"datePublished\":\"2020-03-16T19:52:57+00:00\",\"dateModified\":\"2022-08-15T13:36:51+00:00\",\"description\":\"Atelier bleu d'argile, artisan c\u00e9ramiste. Fabrication \u00e0 la main d'articles de vaisselle Proven\u00e7ale en c\u00e9ramique.\",\"breadcrumb\":{\"@id\":\"https:\\\/\\\/planet-creations.com\\\/index.php\\\/arts-de-la-table\\\/atelier-bleu-d-argile\\\/#breadcrumb\"},\"inLanguage\":\"fr-FR\",\"potentialAction\":[{\"@type\":\"ReadAction\",\"target\":[\"https:\\\/\\\/planet-creations.com\\\/index.php\\\/arts-de-la-table\\\/atelier-bleu-d-argile\\\/\"]}]},{\"@type\":\"ImageObject\",\"inLanguage\":\"fr-FR\",\"@id\":\"https:\\\/\\\/planet-creations.com\\\/index.php\\\/arts-de-la-table\\\/atelier-bleu-d-argile\\\/#primaryimage\",\"url\":\"https:\\\/\\\/planet-creations.com\\\/wp-content\\\/uploads\\\/2022\\\/08\\\/planetcreations-bleudargile-logo.jpg\",\"contentUrl\":\"https:\\\/\\\/planet-creations.com\\\/wp-content\\\/uploads\\\/2022\\\/08\\\/planetcreations-bleudargile-logo.jpg\",\"width\":382,\"height\":382},{\"@type\":\"BreadcrumbList\",\"@id\":\"https:\\\/\\\/planet-creations.com\\\/index.php\\\/arts-de-la-table\\\/atelier-bleu-d-argile\\\/#breadcrumb\",\"itemListElement\":[{\"@type\":\"ListItem\",\"position\":1,\"name\":\"Accueil\",\"item\":\"https:\\\/\\\/planet-creations.com\\\/\"},{\"@type\":\"ListItem\",\"position\":2,\"name\":\"Arts de la table\",\"item\":\"https:\\\/\\\/planet-creations.com\\\/index.php\\\/arts-de-la-table\\\/\"},{\"@type\":\"ListItem\",\"position\":3,\"name\":\"Atelier Bleu d&rsquo;Argile\"}]},{\"@type\":\"WebSite\",\"@id\":\"https:\\\/\\\/planet-creations.com\\\/#website\",\"url\":\"https:\\\/\\\/planet-creations.com\\\/\",\"name\":\"Planet&#039;Creations\",\"description\":\"Boutique de cr\u00e9ateurs\",\"potentialAction\":[{\"@type\":\"SearchAction\",\"target\":{\"@type\":\"EntryPoint\",\"urlTemplate\":\"https:\\\/\\\/planet-creations.com\\\/?s={search_term_string}\"},\"query-input\":{\"@type\":\"PropertyValueSpecification\",\"valueRequired\":true,\"valueName\":\"search_term_string\"}}],\"inLanguage\":\"fr-FR\"}]}<\/script>\n<!-- \/ Yoast SEO plugin. -->","yoast_head_json":{"title":"Atelier Bleu d'Argile - C\u00e9ramique - Planet&#039;Creations","description":"Atelier bleu d'argile, artisan c\u00e9ramiste. Fabrication \u00e0 la main d'articles de vaisselle Proven\u00e7ale en c\u00e9ramique.","robots":{"index":"index","follow":"follow","max-snippet":"max-snippet:-1","max-image-preview":"max-image-preview:large","max-video-preview":"max-video-preview:-1"},"canonical":"https:\/\/planet-creations.com\/index.php\/arts-de-la-table\/atelier-bleu-d-argile\/","og_locale":"fr_FR","og_type":"article","og_title":"Atelier Bleu d'Argile - C\u00e9ramique - Planet&#039;Creations","og_description":"Atelier bleu d'argile, artisan c\u00e9ramiste. Fabrication \u00e0 la main d'articles de vaisselle Proven\u00e7ale en c\u00e9ramique.","og_url":"https:\/\/planet-creations.com\/index.php\/arts-de-la-table\/atelier-bleu-d-argile\/","og_site_name":"Planet&#039;Creations","article_modified_time":"2022-08-15T13:36:51+00:00","og_image":[{"url":"https:\/\/planet-creations.com\/wp-content\/uploads\/2022\/08\/planetcreations-bleudargile-logo.jpg","type":"","width":"","height":""}],"twitter_card":"summary_large_image","twitter_misc":{"Dur\u00e9e de lecture estim\u00e9e":"2 minutes"},"schema":{"@context":"https:\/\/schema.org","@graph":[{"@type":"WebPage","@id":"https:\/\/planet-creations.com\/index.php\/arts-de-la-table\/atelier-bleu-d-argile\/","url":"https:\/\/planet-creations.com\/index.php\/arts-de-la-table\/atelier-bleu-d-argile\/","name":"Atelier Bleu d'Argile - C\u00e9ramique - Planet&#039;Creations","isPartOf":{"@id":"https:\/\/planet-creations.com\/#website"},"primaryImageOfPage":{"@id":"https:\/\/planet-creations.com\/index.php\/arts-de-la-table\/atelier-bleu-d-argile\/#primaryimage"},"image":{"@id":"https:\/\/planet-creations.com\/index.php\/arts-de-la-table\/atelier-bleu-d-argile\/#primaryimage"},"thumbnailUrl":"https:\/\/planet-creations.com\/wp-content\/uploads\/2022\/08\/planetcreations-bleudargile-logo.jpg","datePublished":"2020-03-16T19:52:57+00:00","dateModified":"2022-08-15T13:36:51+00:00","description":"Atelier bleu d'argile, artisan c\u00e9ramiste. Fabrication \u00e0 la main d'articles de vaisselle Proven\u00e7ale en c\u00e9ramique.","breadcrumb":{"@id":"https:\/\/planet-creations.com\/index.php\/arts-de-la-table\/atelier-bleu-d-argile\/#breadcrumb"},"inLanguage":"fr-FR","potentialAction":[{"@type":"ReadAction","target":["https:\/\/planet-creations.com\/index.php\/arts-de-la-table\/atelier-bleu-d-argile\/"]}]},{"@type":"ImageObject","inLanguage":"fr-FR","@id":"https:\/\/planet-creations.com\/index.php\/arts-de-la-table\/atelier-bleu-d-argile\/#primaryimage","url":"https:\/\/planet-creations.com\/wp-content\/uploads\/2022\/08\/planetcreations-bleudargile-logo.jpg","contentUrl":"https:\/\/planet-creations.com\/wp-content\/uploads\/2022\/08\/planetcreations-bleudargile-logo.jpg","width":382,"height":382},{"@type":"BreadcrumbList","@id":"https:\/\/planet-creations.com\/index.php\/arts-de-la-table\/atelier-bleu-d-argile\/#breadcrumb","itemListElement":[{"@type":"ListItem","position":1,"name":"Accueil","item":"https:\/\/planet-creations.com\/"},{"@type":"ListItem","position":2,"name":"Arts de la table","item":"https:\/\/planet-creations.com\/index.php\/arts-de-la-table\/"},{"@type":"ListItem","position":3,"name":"Atelier Bleu d&rsquo;Argile"}]},{"@type":"WebSite","@id":"https:\/\/planet-creations.com\/#website","url":"https:\/\/planet-creations.com\/","name":"Planet&#039;Creations","description":"Boutique de cr\u00e9ateurs","potentialAction":[{"@type":"SearchAction","target":{"@type":"EntryPoint","urlTemplate":"https:\/\/planet-creations.com\/?s={search_term_string}"},"query-input":{"@type":"PropertyValueSpecification","valueRequired":true,"valueName":"search_term_string"}}],"inLanguage":"fr-FR"}]}},"_links":{"self":[{"href":"https:\/\/planet-creations.com\/index.php\/wp-json\/wp\/v2\/pages\/606","targetHints":{"allow":["GET"]}}],"collection":[{"href":"https:\/\/planet-creations.com\/index.php\/wp-json\/wp\/v2\/pages"}],"about":[{"href":"https:\/\/planet-creations.com\/index.php\/wp-json\/wp\/v2\/types\/page"}],"author":[{"embeddable":true,"href":"https:\/\/planet-creations.com\/index.php\/wp-json\/wp\/v2\/users\/2"}],"replies":[{"embeddable":true,"href":"https:\/\/planet-creations.com\/index.php\/wp-json\/wp\/v2\/comments?post=606"}],"version-history":[{"count":17,"href":"https:\/\/planet-creations.com\/index.php\/wp-json\/wp\/v2\/pages\/606\/revisions"}],"predecessor-version":[{"id":1815,"href":"https:\/\/planet-creations.com\/index.php\/wp-json\/wp\/v2\/pages\/606\/revisions\/1815"}],"up":[{"embeddable":true,"href":"https:\/\/planet-creations.com\/index.php\/wp-json\/wp\/v2\/pages\/402"}],"wp:attachment":[{"href":"https:\/\/planet-creations.com\/index.php\/wp-json\/wp\/v2\/media?parent=606"}],"curies":[{"name":"wp","href":"https:\/\/api.w.org\/{rel}","templated":true}]}}