{"id":509,"date":"2018-07-08T17:07:33","date_gmt":"2018-07-08T16:07:33","guid":{"rendered":"httpss:\/\/planet-creations.com\/?page_id=509"},"modified":"2021-09-29T17:59:06","modified_gmt":"2021-09-29T16:59:06","slug":"coralys-giordanengo","status":"publish","type":"page","link":"https:\/\/planet-creations.com\/index.php\/bijoux\/coralys-giordanengo\/","title":{"rendered":"Coralys Giordanengo"},"content":{"rendered":"\n<div class=\"wp-block-media-text alignwide\" style=\"grid-template-columns:15% auto\"><figure class=\"wp-block-media-text__media\"><img loading=\"lazy\" decoding=\"async\" width=\"800\" height=\"800\" src=\"httpss:\/\/planet-creations.com\/wp-content\/uploads\/2020\/03\/planetcreations-coralys-giordanengo-motifs-wip-polymere-bijoux-2.jpg\" alt=\"\" class=\"wp-image-888 size-full\" srcset=\"https:\/\/planet-creations.com\/wp-content\/uploads\/2020\/03\/planetcreations-coralys-giordanengo-motifs-wip-polymere-bijoux-2.jpg 800w, https:\/\/planet-creations.com\/wp-content\/uploads\/2020\/03\/planetcreations-coralys-giordanengo-motifs-wip-polymere-bijoux-2-160x160.jpg 160w, https:\/\/planet-creations.com\/wp-content\/uploads\/2020\/03\/planetcreations-coralys-giordanengo-motifs-wip-polymere-bijoux-2-600x600.jpg 600w, https:\/\/planet-creations.com\/wp-content\/uploads\/2020\/03\/planetcreations-coralys-giordanengo-motifs-wip-polymere-bijoux-2-150x150.jpg 150w, https:\/\/planet-creations.com\/wp-content\/uploads\/2020\/03\/planetcreations-coralys-giordanengo-motifs-wip-polymere-bijoux-2-768x768.jpg 768w\" sizes=\"auto, (max-width: 800px) 100vw, 800px\" \/><\/figure><div class=\"wp-block-media-text__content\">\n<h2 class=\"wp-block-heading\" style=\"font-size:22px\">Venez d\u00e9couvrir mon monde color\u00e9 et ethnique !<\/h2>\n<\/div><\/div>\n\n\n\n<div class=\"wp-block-media-text alignwide has-media-on-the-right\" style=\"grid-template-columns:auto 26%\"><figure class=\"wp-block-media-text__media\"><img loading=\"lazy\" decoding=\"async\" width=\"600\" height=\"600\" src=\"httpss:\/\/planet-creations.com\/wp-content\/uploads\/2020\/03\/planetcreations-coralys-giordanengo-bijoux-sautoir-polymere.jpg\" alt=\"\" class=\"wp-image-849 size-full\" srcset=\"https:\/\/planet-creations.com\/wp-content\/uploads\/2020\/03\/planetcreations-coralys-giordanengo-bijoux-sautoir-polymere.jpg 600w, https:\/\/planet-creations.com\/wp-content\/uploads\/2020\/03\/planetcreations-coralys-giordanengo-bijoux-sautoir-polymere-160x160.jpg 160w, https:\/\/planet-creations.com\/wp-content\/uploads\/2020\/03\/planetcreations-coralys-giordanengo-bijoux-sautoir-polymere-150x150.jpg 150w\" sizes=\"auto, (max-width: 600px) 100vw, 600px\" \/><\/figure><div class=\"wp-block-media-text__content\">\n<p class=\"has-text-align-left\">Depuis longtemps, j&rsquo;ai pratiqu\u00e9 et essay\u00e9 de nombreuses activit\u00e9s artistiques : peinture, pastels, collage, cartonnage, c\u00e9ramique\u2026<br>Tout ce qui concerne le travail de la mati\u00e8re et de la texture m&rsquo;int\u00e9resse. <\/p>\n\n\n\n<p>Pouvoir jouer sur les reliefs, les pleins et les vides, avoir des effets mats ou brillants, des parties lisses voir m\u00eame polies, d&rsquo;autres creus\u00e9es, grav\u00e9es, piqu\u00e9es\u2026 Tout ces contrastes rajoutent de la profondeur, de la richesse et parfois&nbsp;de l&rsquo;inattendu au r\u00e9sultat attendu.<\/p>\n<\/div><\/div>\n\n\n\n<div class=\"wp-block-media-text alignwide\" style=\"grid-template-columns:26% auto\"><figure class=\"wp-block-media-text__media\"><img loading=\"lazy\" decoding=\"async\" width=\"830\" height=\"830\" src=\"httpss:\/\/planet-creations.com\/wp-content\/uploads\/2020\/03\/planetcreations-coralys-giordanengo-bagues-polymere-2.jpg\" alt=\"\" class=\"wp-image-886 size-full\" srcset=\"https:\/\/planet-creations.com\/wp-content\/uploads\/2020\/03\/planetcreations-coralys-giordanengo-bagues-polymere-2.jpg 830w, https:\/\/planet-creations.com\/wp-content\/uploads\/2020\/03\/planetcreations-coralys-giordanengo-bagues-polymere-2-160x160.jpg 160w, https:\/\/planet-creations.com\/wp-content\/uploads\/2020\/03\/planetcreations-coralys-giordanengo-bagues-polymere-2-600x600.jpg 600w, https:\/\/planet-creations.com\/wp-content\/uploads\/2020\/03\/planetcreations-coralys-giordanengo-bagues-polymere-2-150x150.jpg 150w, https:\/\/planet-creations.com\/wp-content\/uploads\/2020\/03\/planetcreations-coralys-giordanengo-bagues-polymere-2-768x768.jpg 768w\" sizes=\"auto, (max-width: 830px) 100vw, 830px\" \/><\/figure><div class=\"wp-block-media-text__content\">\n<p class=\"has-text-align-left\">J&rsquo;ai d\u00e9couvert et commenc\u00e9 \u00e0 travaill\u00e9 la polym\u00e8re en 2001.<br>Au fil du temps et des exp\u00e9rimentations, j&rsquo;ai \u00e9t\u00e9 conquise par ce mat\u00e9riau qui propose une infinit\u00e9 de techniques et d&rsquo;utilisation de m\u00e9diums (encres, acryliques, feutres, pastels\u2026) et permet une grande libert\u00e9 d&rsquo;expression artistique.<\/p>\n<\/div><\/div>\n\n\n\n<div class=\"wp-block-media-text alignwide has-media-on-the-right\" style=\"grid-template-columns:auto 26%\"><figure class=\"wp-block-media-text__media\"><img loading=\"lazy\" decoding=\"async\" width=\"600\" height=\"600\" src=\"httpss:\/\/planet-creations.com\/wp-content\/uploads\/2020\/03\/planetcreations-coralys-giordanengo-bijoux-collier-polymere.jpg\" alt=\"\" class=\"wp-image-848 size-full\" srcset=\"https:\/\/planet-creations.com\/wp-content\/uploads\/2020\/03\/planetcreations-coralys-giordanengo-bijoux-collier-polymere.jpg 600w, https:\/\/planet-creations.com\/wp-content\/uploads\/2020\/03\/planetcreations-coralys-giordanengo-bijoux-collier-polymere-160x160.jpg 160w, https:\/\/planet-creations.com\/wp-content\/uploads\/2020\/03\/planetcreations-coralys-giordanengo-bijoux-collier-polymere-150x150.jpg 150w\" sizes=\"auto, (max-width: 600px) 100vw, 600px\" \/><\/figure><div class=\"wp-block-media-text__content\">\n<p class=\"has-text-align-left\">Passionn\u00e9e de tissus du monde entier, d&rsquo;imprim\u00e9s et de mati\u00e8res,  je m&rsquo;amuse au fil de mes cr\u00e9ations \u00e0 jouer avec les couleurs pour cr\u00e9er les motifs de mes tissus imaginaires ! <\/p>\n\n\n\n<p>On pourrait y voir les motifs des tissus africains ou am\u00e9rindiens, la richesse des saris indiens, le graphisme de l&rsquo;esprit scandinave, la luxuriance et la beaut\u00e9 de la nature au Sri Lanka, la joie de vivre espagnole ou les couleurs min\u00e9rales de l&rsquo;Italie ou du Portugal\u2026<br>A chacun son voyage\u2026<\/p>\n<\/div><\/div>\n\n\n\n<div class=\"wp-block-media-text alignwide\" style=\"grid-template-columns:26% auto\"><figure class=\"wp-block-media-text__media\"><img loading=\"lazy\" decoding=\"async\" width=\"800\" height=\"800\" src=\"httpss:\/\/planet-creations.com\/wp-content\/uploads\/2020\/03\/planetcreations-coralys-giordanengo-texture-motifs-wip-polymere.jpg\" alt=\"\" class=\"wp-image-856 size-full\" srcset=\"https:\/\/planet-creations.com\/wp-content\/uploads\/2020\/03\/planetcreations-coralys-giordanengo-texture-motifs-wip-polymere.jpg 800w, https:\/\/planet-creations.com\/wp-content\/uploads\/2020\/03\/planetcreations-coralys-giordanengo-texture-motifs-wip-polymere-160x160.jpg 160w, https:\/\/planet-creations.com\/wp-content\/uploads\/2020\/03\/planetcreations-coralys-giordanengo-texture-motifs-wip-polymere-600x600.jpg 600w, https:\/\/planet-creations.com\/wp-content\/uploads\/2020\/03\/planetcreations-coralys-giordanengo-texture-motifs-wip-polymere-150x150.jpg 150w, https:\/\/planet-creations.com\/wp-content\/uploads\/2020\/03\/planetcreations-coralys-giordanengo-texture-motifs-wip-polymere-768x768.jpg 768w\" sizes=\"auto, (max-width: 800px) 100vw, 800px\" \/><\/figure><div class=\"wp-block-media-text__content\">\n<p>Mon travail se d\u00e9roule en 3 \u00e9tapes :<br>La premi\u00e8re est l<em>&lsquo;assemblage des couleurs et la cr\u00e9ation des texture<\/em>s :<\/p>\n\n\n\n<p>Apr\u00e8s avoir choisi mes 3 ou 4 couleurs, je malaxe ma p\u00e2te pour l&rsquo;assouplir et chasser l&rsquo;air. Je peux utiliser des pastels ou des encres pour cr\u00e9er des effets particuliers.<br>J&rsquo;\u00e9tale ensuite mes diff\u00e9rentes plaques de couleurs que j&#8217;empile, ce qui me donne une sorte de mille feuille.&nbsp;Je vais utiliser des outils pour marquer cette plaque (plaques de textures, pointes, tampons\u2026) de fa\u00e7on \u00e0 cr\u00e9er des creux et des pleins.<\/p>\n<\/div><\/div>\n\n\n\n<div class=\"wp-block-media-text alignwide has-media-on-the-right\" style=\"grid-template-columns:auto 26%\"><figure class=\"wp-block-media-text__media\"><img loading=\"lazy\" decoding=\"async\" width=\"600\" height=\"600\" src=\"httpss:\/\/planet-creations.com\/wp-content\/uploads\/2020\/03\/planetcreations-coralys-giordanengo-texture-motifs-wip-polymere-2.jpg\" alt=\"\" class=\"wp-image-903 size-full\" srcset=\"https:\/\/planet-creations.com\/wp-content\/uploads\/2020\/03\/planetcreations-coralys-giordanengo-texture-motifs-wip-polymere-2.jpg 600w, https:\/\/planet-creations.com\/wp-content\/uploads\/2020\/03\/planetcreations-coralys-giordanengo-texture-motifs-wip-polymere-2-160x160.jpg 160w, https:\/\/planet-creations.com\/wp-content\/uploads\/2020\/03\/planetcreations-coralys-giordanengo-texture-motifs-wip-polymere-2-150x150.jpg 150w\" sizes=\"auto, (max-width: 600px) 100vw, 600px\" \/><\/figure><div class=\"wp-block-media-text__content\">\n<p>La seconde, <em>la fabrication des motifs<\/em> :&nbsp;<br>A l&rsquo;aide d&rsquo;une lame, je \u00ab\u00a0scalpe\u00a0\u00bb ma p\u00e2te, c&rsquo;est \u00e0 dire que j&rsquo;enl\u00e8ve d\u00e9licatement de ma plaque des morceaux de polym\u00e8re, ce qui va d\u00e9couvrir les motifs au fur et \u00e0 mesure.<br>Cette \u00e9tape est tr\u00e8s d\u00e9licate, elle demande pr\u00e9cision et minutie. Une plaque trop scalp\u00e9e est une plaque inutilisable!<\/p>\n<\/div><\/div>\n\n\n\n<div class=\"wp-block-media-text alignwide\" style=\"grid-template-columns:26% auto\"><figure class=\"wp-block-media-text__media\"><img loading=\"lazy\" decoding=\"async\" width=\"800\" height=\"800\" src=\"httpss:\/\/planet-creations.com\/wp-content\/uploads\/2020\/03\/planetcreations-coralys-giordanengo-parure-collier-bouclesdoreilles-polymere.jpg\" alt=\"\" class=\"wp-image-887 size-full\" srcset=\"https:\/\/planet-creations.com\/wp-content\/uploads\/2020\/03\/planetcreations-coralys-giordanengo-parure-collier-bouclesdoreilles-polymere.jpg 800w, https:\/\/planet-creations.com\/wp-content\/uploads\/2020\/03\/planetcreations-coralys-giordanengo-parure-collier-bouclesdoreilles-polymere-160x160.jpg 160w, https:\/\/planet-creations.com\/wp-content\/uploads\/2020\/03\/planetcreations-coralys-giordanengo-parure-collier-bouclesdoreilles-polymere-600x600.jpg 600w, https:\/\/planet-creations.com\/wp-content\/uploads\/2020\/03\/planetcreations-coralys-giordanengo-parure-collier-bouclesdoreilles-polymere-150x150.jpg 150w, https:\/\/planet-creations.com\/wp-content\/uploads\/2020\/03\/planetcreations-coralys-giordanengo-parure-collier-bouclesdoreilles-polymere-768x768.jpg 768w\" sizes=\"auto, (max-width: 800px) 100vw, 800px\" \/><\/figure><div class=\"wp-block-media-text__content\">\n<p>Et la derni\u00e8re, <em>la transformation de ces plaques en bijoux<\/em> :<\/p>\n\n\n\n<p>en assemblant diff\u00e9rents morceaux des motifs obtenus. Je d\u00e9coupe ces nouvelles plaques \u00e0 l&rsquo;aide de gabarits aux formes des boucles d&rsquo;oreilles, bagues et colliers qui peuvent enfin partir en cuisson.<br>Un fois sorties du four, il ne me reste plus qu&rsquo;\u00e0 poncer, cirer et monter mes pi\u00e8ces\u2026<\/p>\n<\/div><\/div>\n\n\n\n<div class=\"wp-block-media-text alignwide has-media-on-the-right\" style=\"grid-template-columns:auto 26%\"><figure class=\"wp-block-media-text__media\"><img loading=\"lazy\" decoding=\"async\" width=\"430\" height=\"430\" src=\"httpss:\/\/planet-creations.com\/wp-content\/uploads\/2020\/05\/planetcreations-photo-portrait-coralys-giordanengo.jpg\" alt=\"\" class=\"wp-image-1049 size-full\" srcset=\"https:\/\/planet-creations.com\/wp-content\/uploads\/2020\/05\/planetcreations-photo-portrait-coralys-giordanengo.jpg 430w, https:\/\/planet-creations.com\/wp-content\/uploads\/2020\/05\/planetcreations-photo-portrait-coralys-giordanengo-160x160.jpg 160w, https:\/\/planet-creations.com\/wp-content\/uploads\/2020\/05\/planetcreations-photo-portrait-coralys-giordanengo-150x150.jpg 150w\" sizes=\"auto, (max-width: 430px) 100vw, 430px\" \/><\/figure><div class=\"wp-block-media-text__content\">\n<p>Un travail de fourmi certes\u2026 mais un \u00e9merveillement toujours renouvel\u00e9 quant aux innombrables possibilit\u00e9s cr\u00e9atives permises par ce mat\u00e9riau.<\/p>\n<\/div><\/div>\n","protected":false},"excerpt":{"rendered":"<p>Venez d\u00e9couvrir mon monde color\u00e9 et ethnique ! Depuis longtemps, j&rsquo;ai pratiqu\u00e9 et essay\u00e9 de nombreuses activit\u00e9s artistiques : peinture, pastels, collage, cartonnage, c\u00e9ramique\u2026Tout ce qui concerne le travail de la mati\u00e8re et de la texture m&rsquo;int\u00e9resse. Pouvoir jouer sur les reliefs, les pleins et les vides, avoir des effets<\/p>\n","protected":false},"author":2,"featured_media":0,"parent":204,"menu_order":0,"comment_status":"closed","ping_status":"closed","template":"","meta":{"footnotes":""},"class_list":["post-509","page","type-page","status-publish","hentry"],"yoast_head":"<!-- This site is optimized with the Yoast SEO plugin v27.5 - https:\/\/yoast.com\/product\/yoast-seo-wordpress\/ -->\n<title>Cr\u00e9atrice : Coralys Giordanengo - Planet&#039;Creations<\/title>\n<meta name=\"description\" content=\"Coralys Giordanengo cr\u00e9atrice de bijoux en argile polym\u00e8re, exposition permanente chez Planet&#039;Cr\u00e9ations.\" \/>\n<meta name=\"robots\" content=\"index, follow, max-snippet:-1, max-image-preview:large, max-video-preview:-1\" \/>\n<link rel=\"canonical\" href=\"https:\/\/planet-creations.com\/index.php\/bijoux\/coralys-giordanengo\/\" \/>\n<meta property=\"og:locale\" content=\"fr_FR\" \/>\n<meta property=\"og:type\" content=\"article\" \/>\n<meta property=\"og:title\" content=\"Cr\u00e9atrice : Coralys Giordanengo - Planet&#039;Creations\" \/>\n<meta property=\"og:description\" content=\"Coralys Giordanengo cr\u00e9atrice de bijoux en argile polym\u00e8re, exposition permanente chez Planet&#039;Cr\u00e9ations.\" \/>\n<meta property=\"og:url\" content=\"https:\/\/planet-creations.com\/index.php\/bijoux\/coralys-giordanengo\/\" \/>\n<meta property=\"og:site_name\" content=\"Planet&#039;Creations\" \/>\n<meta property=\"article:modified_time\" content=\"2021-09-29T16:59:06+00:00\" \/>\n<meta property=\"og:image\" content=\"\" \/>\n<meta name=\"twitter:card\" content=\"summary_large_image\" \/>\n<meta name=\"twitter:label1\" content=\"Dur\u00e9e de lecture estim\u00e9e\" \/>\n\t<meta name=\"twitter:data1\" content=\"4 minutes\" \/>\n<script type=\"application\/ld+json\" class=\"yoast-schema-graph\">{\"@context\":\"https:\\\/\\\/schema.org\",\"@graph\":[{\"@type\":\"WebPage\",\"@id\":\"https:\\\/\\\/planet-creations.com\\\/index.php\\\/bijoux\\\/coralys-giordanengo\\\/\",\"url\":\"https:\\\/\\\/planet-creations.com\\\/index.php\\\/bijoux\\\/coralys-giordanengo\\\/\",\"name\":\"Cr\u00e9atrice : Coralys Giordanengo - Planet&#039;Creations\",\"isPartOf\":{\"@id\":\"https:\\\/\\\/planet-creations.com\\\/#website\"},\"primaryImageOfPage\":{\"@id\":\"https:\\\/\\\/planet-creations.com\\\/index.php\\\/bijoux\\\/coralys-giordanengo\\\/#primaryimage\"},\"image\":{\"@id\":\"https:\\\/\\\/planet-creations.com\\\/index.php\\\/bijoux\\\/coralys-giordanengo\\\/#primaryimage\"},\"thumbnailUrl\":\"httpss:\\\/\\\/planet-creations.com\\\/wp-content\\\/uploads\\\/2020\\\/03\\\/planetcreations-coralys-giordanengo-motifs-wip-polymere-bijoux-2.jpg\",\"datePublished\":\"2018-07-08T16:07:33+00:00\",\"dateModified\":\"2021-09-29T16:59:06+00:00\",\"description\":\"Coralys Giordanengo cr\u00e9atrice de bijoux en argile polym\u00e8re, exposition permanente chez Planet'Cr\u00e9ations.\",\"breadcrumb\":{\"@id\":\"https:\\\/\\\/planet-creations.com\\\/index.php\\\/bijoux\\\/coralys-giordanengo\\\/#breadcrumb\"},\"inLanguage\":\"fr-FR\",\"potentialAction\":[{\"@type\":\"ReadAction\",\"target\":[\"https:\\\/\\\/planet-creations.com\\\/index.php\\\/bijoux\\\/coralys-giordanengo\\\/\"]}]},{\"@type\":\"ImageObject\",\"inLanguage\":\"fr-FR\",\"@id\":\"https:\\\/\\\/planet-creations.com\\\/index.php\\\/bijoux\\\/coralys-giordanengo\\\/#primaryimage\",\"url\":\"httpss:\\\/\\\/planet-creations.com\\\/wp-content\\\/uploads\\\/2020\\\/03\\\/planetcreations-coralys-giordanengo-motifs-wip-polymere-bijoux-2.jpg\",\"contentUrl\":\"httpss:\\\/\\\/planet-creations.com\\\/wp-content\\\/uploads\\\/2020\\\/03\\\/planetcreations-coralys-giordanengo-motifs-wip-polymere-bijoux-2.jpg\"},{\"@type\":\"BreadcrumbList\",\"@id\":\"https:\\\/\\\/planet-creations.com\\\/index.php\\\/bijoux\\\/coralys-giordanengo\\\/#breadcrumb\",\"itemListElement\":[{\"@type\":\"ListItem\",\"position\":1,\"name\":\"Accueil\",\"item\":\"https:\\\/\\\/planet-creations.com\\\/\"},{\"@type\":\"ListItem\",\"position\":2,\"name\":\"Bijoux\",\"item\":\"https:\\\/\\\/planet-creations.com\\\/index.php\\\/bijoux\\\/\"},{\"@type\":\"ListItem\",\"position\":3,\"name\":\"Coralys Giordanengo\"}]},{\"@type\":\"WebSite\",\"@id\":\"https:\\\/\\\/planet-creations.com\\\/#website\",\"url\":\"https:\\\/\\\/planet-creations.com\\\/\",\"name\":\"Planet&#039;Creations\",\"description\":\"Boutique de cr\u00e9ateurs\",\"potentialAction\":[{\"@type\":\"SearchAction\",\"target\":{\"@type\":\"EntryPoint\",\"urlTemplate\":\"https:\\\/\\\/planet-creations.com\\\/?s={search_term_string}\"},\"query-input\":{\"@type\":\"PropertyValueSpecification\",\"valueRequired\":true,\"valueName\":\"search_term_string\"}}],\"inLanguage\":\"fr-FR\"}]}<\/script>\n<!-- \/ Yoast SEO plugin. -->","yoast_head_json":{"title":"Cr\u00e9atrice : Coralys Giordanengo - Planet&#039;Creations","description":"Coralys Giordanengo cr\u00e9atrice de bijoux en argile polym\u00e8re, exposition permanente chez Planet'Cr\u00e9ations.","robots":{"index":"index","follow":"follow","max-snippet":"max-snippet:-1","max-image-preview":"max-image-preview:large","max-video-preview":"max-video-preview:-1"},"canonical":"https:\/\/planet-creations.com\/index.php\/bijoux\/coralys-giordanengo\/","og_locale":"fr_FR","og_type":"article","og_title":"Cr\u00e9atrice : Coralys Giordanengo - Planet&#039;Creations","og_description":"Coralys Giordanengo cr\u00e9atrice de bijoux en argile polym\u00e8re, exposition permanente chez Planet'Cr\u00e9ations.","og_url":"https:\/\/planet-creations.com\/index.php\/bijoux\/coralys-giordanengo\/","og_site_name":"Planet&#039;Creations","article_modified_time":"2021-09-29T16:59:06+00:00","og_image":[{"url":"httpss:\/\/planet-creations.com\/wp-content\/uploads\/2020\/03\/planetcreations-coralys-giordanengo-motifs-wip-polymere-bijoux-2.jpg","type":"","width":"","height":""}],"twitter_card":"summary_large_image","twitter_misc":{"Dur\u00e9e de lecture estim\u00e9e":"4 minutes"},"schema":{"@context":"https:\/\/schema.org","@graph":[{"@type":"WebPage","@id":"https:\/\/planet-creations.com\/index.php\/bijoux\/coralys-giordanengo\/","url":"https:\/\/planet-creations.com\/index.php\/bijoux\/coralys-giordanengo\/","name":"Cr\u00e9atrice : Coralys Giordanengo - Planet&#039;Creations","isPartOf":{"@id":"https:\/\/planet-creations.com\/#website"},"primaryImageOfPage":{"@id":"https:\/\/planet-creations.com\/index.php\/bijoux\/coralys-giordanengo\/#primaryimage"},"image":{"@id":"https:\/\/planet-creations.com\/index.php\/bijoux\/coralys-giordanengo\/#primaryimage"},"thumbnailUrl":"httpss:\/\/planet-creations.com\/wp-content\/uploads\/2020\/03\/planetcreations-coralys-giordanengo-motifs-wip-polymere-bijoux-2.jpg","datePublished":"2018-07-08T16:07:33+00:00","dateModified":"2021-09-29T16:59:06+00:00","description":"Coralys Giordanengo cr\u00e9atrice de bijoux en argile polym\u00e8re, exposition permanente chez Planet'Cr\u00e9ations.","breadcrumb":{"@id":"https:\/\/planet-creations.com\/index.php\/bijoux\/coralys-giordanengo\/#breadcrumb"},"inLanguage":"fr-FR","potentialAction":[{"@type":"ReadAction","target":["https:\/\/planet-creations.com\/index.php\/bijoux\/coralys-giordanengo\/"]}]},{"@type":"ImageObject","inLanguage":"fr-FR","@id":"https:\/\/planet-creations.com\/index.php\/bijoux\/coralys-giordanengo\/#primaryimage","url":"httpss:\/\/planet-creations.com\/wp-content\/uploads\/2020\/03\/planetcreations-coralys-giordanengo-motifs-wip-polymere-bijoux-2.jpg","contentUrl":"httpss:\/\/planet-creations.com\/wp-content\/uploads\/2020\/03\/planetcreations-coralys-giordanengo-motifs-wip-polymere-bijoux-2.jpg"},{"@type":"BreadcrumbList","@id":"https:\/\/planet-creations.com\/index.php\/bijoux\/coralys-giordanengo\/#breadcrumb","itemListElement":[{"@type":"ListItem","position":1,"name":"Accueil","item":"https:\/\/planet-creations.com\/"},{"@type":"ListItem","position":2,"name":"Bijoux","item":"https:\/\/planet-creations.com\/index.php\/bijoux\/"},{"@type":"ListItem","position":3,"name":"Coralys Giordanengo"}]},{"@type":"WebSite","@id":"https:\/\/planet-creations.com\/#website","url":"https:\/\/planet-creations.com\/","name":"Planet&#039;Creations","description":"Boutique de cr\u00e9ateurs","potentialAction":[{"@type":"SearchAction","target":{"@type":"EntryPoint","urlTemplate":"https:\/\/planet-creations.com\/?s={search_term_string}"},"query-input":{"@type":"PropertyValueSpecification","valueRequired":true,"valueName":"search_term_string"}}],"inLanguage":"fr-FR"}]}},"_links":{"self":[{"href":"https:\/\/planet-creations.com\/index.php\/wp-json\/wp\/v2\/pages\/509","targetHints":{"allow":["GET"]}}],"collection":[{"href":"https:\/\/planet-creations.com\/index.php\/wp-json\/wp\/v2\/pages"}],"about":[{"href":"https:\/\/planet-creations.com\/index.php\/wp-json\/wp\/v2\/types\/page"}],"author":[{"embeddable":true,"href":"https:\/\/planet-creations.com\/index.php\/wp-json\/wp\/v2\/users\/2"}],"replies":[{"embeddable":true,"href":"https:\/\/planet-creations.com\/index.php\/wp-json\/wp\/v2\/comments?post=509"}],"version-history":[{"count":19,"href":"https:\/\/planet-creations.com\/index.php\/wp-json\/wp\/v2\/pages\/509\/revisions"}],"predecessor-version":[{"id":1734,"href":"https:\/\/planet-creations.com\/index.php\/wp-json\/wp\/v2\/pages\/509\/revisions\/1734"}],"up":[{"embeddable":true,"href":"https:\/\/planet-creations.com\/index.php\/wp-json\/wp\/v2\/pages\/204"}],"wp:attachment":[{"href":"https:\/\/planet-creations.com\/index.php\/wp-json\/wp\/v2\/media?parent=509"}],"curies":[{"name":"wp","href":"https:\/\/api.w.org\/{rel}","templated":true}]}}