{"id":382,"date":"2017-11-07T19:29:28","date_gmt":"2017-11-07T18:29:28","guid":{"rendered":""},"modified":"2026-04-18T11:38:31","modified_gmt":"2026-04-18T10:38:31","slug":"accueil-planetcreations","status":"publish","type":"page","link":"https:\/\/planet-creations.com\/","title":{"rendered":"Accueil"},"content":{"rendered":"\n<div class=\"wp-block-media-text alignwide has-media-on-the-right is-stacked-on-mobile\" style=\"grid-template-columns:auto 17%\"><div class=\"wp-block-media-text__content\">\n<p class=\"has-normal-font-size\"><strong>PLANET&rsquo;CREATIONS<\/strong> votre boutique de cr\u00e9ateurs nich\u00e9e en plein c\u0153ur du vieux village de Mougins, au <strong>48 rue Mar\u00e9chal Foch<\/strong>, est <strong>ouverte 7 jours sur 7, toute l&rsquo;ann\u00e9e<\/strong>.<\/p>\n\n\n\n<div style=\"height:30px\" aria-hidden=\"true\" class=\"wp-block-spacer\"><\/div>\n\n\n\n<div class=\"wp-block-columns is-layout-flex wp-container-core-columns-is-layout-28f84493 wp-block-columns-is-layout-flex\">\n<div class=\"wp-block-column is-layout-flow wp-block-column-is-layout-flow\" style=\"flex-basis:33.33%\">\n<p class=\"has-text-align-right\">Horaires :<\/p>\n<\/div>\n\n\n\n<div class=\"wp-block-column is-layout-flow wp-block-column-is-layout-flow\" style=\"flex-basis:66.66%\">\n<p>Janvier \/ F\u00e9vrier \/ Mars ouverture de 10h \u00e0 17h<br>Avril \/ Mai \/ Juin ouverture de 10h \u00e0 19h<br>Juillet \/ Ao\u00fbt ouverture de 10h \u00e0 20h<br>Septembre ouverture de 10h \u00e0 19h<br>Octobre \/ Novembre \/ D\u00e9cembre ouverture de 10h \u00e0 17h<\/p>\n<\/div>\n<\/div>\n<\/div><figure class=\"wp-block-media-text__media\"><img loading=\"lazy\" decoding=\"async\" width=\"575\" height=\"574\" src=\"httpss:\/\/planet-creations.com\/wp-content\/uploads\/2020\/03\/cropped-Logo-PC-avatar-800px-6.jpg\" alt=\"\" class=\"wp-image-1179 size-full\" srcset=\"https:\/\/planet-creations.com\/wp-content\/uploads\/2020\/03\/cropped-Logo-PC-avatar-800px-6.jpg 575w, https:\/\/planet-creations.com\/wp-content\/uploads\/2020\/03\/cropped-Logo-PC-avatar-800px-6-160x160.jpg 160w, https:\/\/planet-creations.com\/wp-content\/uploads\/2020\/03\/cropped-Logo-PC-avatar-800px-6-150x150.jpg 150w\" sizes=\"auto, (max-width: 575px) 100vw, 575px\" \/><\/figure><\/div>\n\n\n\n<div style=\"height:30px\" aria-hidden=\"true\" class=\"wp-block-spacer\"><\/div>\n\n\n\n<div class=\"wp-block-media-text alignwide is-stacked-on-mobile\" style=\"grid-template-columns:22% auto\"><figure class=\"wp-block-media-text__media\"><img loading=\"lazy\" decoding=\"async\" width=\"1024\" height=\"768\" src=\"httpss:\/\/planet-creations.com\/wp-content\/uploads\/2021\/09\/porte-bienvenue-1024x768.jpg\" alt=\"\" class=\"wp-image-1680 size-full\" srcset=\"https:\/\/planet-creations.com\/wp-content\/uploads\/2021\/09\/porte-bienvenue-1024x768.jpg 1024w, https:\/\/planet-creations.com\/wp-content\/uploads\/2021\/09\/porte-bienvenue-600x450.jpg 600w, https:\/\/planet-creations.com\/wp-content\/uploads\/2021\/09\/porte-bienvenue-768x576.jpg 768w, https:\/\/planet-creations.com\/wp-content\/uploads\/2021\/09\/porte-bienvenue.jpg 1200w\" sizes=\"auto, (max-width: 1024px) 100vw, 1024px\" \/><\/figure><div class=\"wp-block-media-text__content\">\n<p class=\"has-medium-font-size\">Les cr\u00e9ateurs tous issus des villes et villages alentours se relaient pour tenir la boutique. Ne manquez pas de leur rendre visite, ils vous parleront de leur m\u00e9tier avec passion. Venez d\u00e9couvrir leurs cr\u00e9ations, des pi\u00e8ces uniques, des id\u00e9es cadeaux originales pour toutes les occasions.<\/p>\n<\/div><\/div>\n\n\n\n<div style=\"height:70px\" aria-hidden=\"true\" class=\"wp-block-spacer\"><\/div>\n\n\n\n<figure class=\"wp-block-gallery has-nested-images columns-default is-cropped wp-block-gallery-1 is-layout-flex wp-block-gallery-is-layout-flex\">\n<figure class=\"wp-block-image size-large\"><a href=\"https:\/\/planet-creations.com\/wp-content\/uploads\/2021\/09\/mur-gauche.jpg\"><img loading=\"lazy\" decoding=\"async\" width=\"1024\" height=\"768\" data-id=\"1679\" src=\"httpss:\/\/planet-creations.com\/wp-content\/uploads\/2021\/09\/mur-gauche-1024x768.jpg\" alt=\"\" class=\"wp-image-1679\" srcset=\"https:\/\/planet-creations.com\/wp-content\/uploads\/2021\/09\/mur-gauche-1024x768.jpg 1024w, https:\/\/planet-creations.com\/wp-content\/uploads\/2021\/09\/mur-gauche-600x450.jpg 600w, https:\/\/planet-creations.com\/wp-content\/uploads\/2021\/09\/mur-gauche-768x576.jpg 768w, https:\/\/planet-creations.com\/wp-content\/uploads\/2021\/09\/mur-gauche.jpg 1200w\" sizes=\"auto, (max-width: 1024px) 100vw, 1024px\" \/><\/a><\/figure>\n\n\n\n<figure class=\"wp-block-image size-large\"><a href=\"https:\/\/planet-creations.com\/wp-content\/uploads\/2021\/09\/mur-fond.jpg\"><img loading=\"lazy\" decoding=\"async\" width=\"1024\" height=\"768\" data-id=\"1678\" src=\"httpss:\/\/planet-creations.com\/wp-content\/uploads\/2021\/09\/mur-fond-1024x768.jpg\" alt=\"\" class=\"wp-image-1678\" srcset=\"https:\/\/planet-creations.com\/wp-content\/uploads\/2021\/09\/mur-fond-1024x768.jpg 1024w, https:\/\/planet-creations.com\/wp-content\/uploads\/2021\/09\/mur-fond-600x450.jpg 600w, https:\/\/planet-creations.com\/wp-content\/uploads\/2021\/09\/mur-fond-768x576.jpg 768w, https:\/\/planet-creations.com\/wp-content\/uploads\/2021\/09\/mur-fond.jpg 1200w\" sizes=\"auto, (max-width: 1024px) 100vw, 1024px\" \/><\/a><\/figure>\n\n\n\n<figure class=\"wp-block-image size-large\"><a href=\"https:\/\/planet-creations.com\/wp-content\/uploads\/2021\/09\/mur-droit.jpg\"><img loading=\"lazy\" decoding=\"async\" width=\"1024\" height=\"768\" data-id=\"1677\" src=\"httpss:\/\/planet-creations.com\/wp-content\/uploads\/2021\/09\/mur-droit-1024x768.jpg\" alt=\"\" class=\"wp-image-1677\" srcset=\"https:\/\/planet-creations.com\/wp-content\/uploads\/2021\/09\/mur-droit-1024x768.jpg 1024w, https:\/\/planet-creations.com\/wp-content\/uploads\/2021\/09\/mur-droit-600x450.jpg 600w, https:\/\/planet-creations.com\/wp-content\/uploads\/2021\/09\/mur-droit-768x576.jpg 768w, https:\/\/planet-creations.com\/wp-content\/uploads\/2021\/09\/mur-droit.jpg 1200w\" sizes=\"auto, (max-width: 1024px) 100vw, 1024px\" \/><\/a><\/figure>\n\n\n\n<figure class=\"wp-block-image size-large\"><a href=\"https:\/\/planet-creations.com\/wp-content\/uploads\/2021\/09\/vitrine-face.jpg\"><img loading=\"lazy\" decoding=\"async\" width=\"1024\" height=\"768\" data-id=\"1681\" src=\"httpss:\/\/planet-creations.com\/wp-content\/uploads\/2021\/09\/vitrine-face-1024x768.jpg\" alt=\"\" class=\"wp-image-1681\" srcset=\"https:\/\/planet-creations.com\/wp-content\/uploads\/2021\/09\/vitrine-face-1024x768.jpg 1024w, https:\/\/planet-creations.com\/wp-content\/uploads\/2021\/09\/vitrine-face-600x450.jpg 600w, https:\/\/planet-creations.com\/wp-content\/uploads\/2021\/09\/vitrine-face-768x576.jpg 768w, https:\/\/planet-creations.com\/wp-content\/uploads\/2021\/09\/vitrine-face-1536x1152.jpg 1536w, https:\/\/planet-creations.com\/wp-content\/uploads\/2021\/09\/vitrine-face.jpg 2000w\" sizes=\"auto, (max-width: 1024px) 100vw, 1024px\" \/><\/a><\/figure>\n\n\n\n<figure class=\"wp-block-image size-large\"><a href=\"https:\/\/planet-creations.com\/wp-content\/uploads\/2021\/09\/vue-vers-vitrine.jpg\"><img loading=\"lazy\" decoding=\"async\" width=\"1024\" height=\"768\" data-id=\"1683\" src=\"httpss:\/\/planet-creations.com\/wp-content\/uploads\/2021\/09\/vue-vers-vitrine-1024x768.jpg\" alt=\"\" class=\"wp-image-1683\" srcset=\"https:\/\/planet-creations.com\/wp-content\/uploads\/2021\/09\/vue-vers-vitrine-1024x768.jpg 1024w, https:\/\/planet-creations.com\/wp-content\/uploads\/2021\/09\/vue-vers-vitrine-600x450.jpg 600w, https:\/\/planet-creations.com\/wp-content\/uploads\/2021\/09\/vue-vers-vitrine-768x576.jpg 768w, https:\/\/planet-creations.com\/wp-content\/uploads\/2021\/09\/vue-vers-vitrine.jpg 1200w\" sizes=\"auto, (max-width: 1024px) 100vw, 1024px\" \/><\/a><\/figure>\n<\/figure>\n\n\n\n<div style=\"height:50px\" aria-hidden=\"true\" class=\"wp-block-spacer\"><\/div>\n","protected":false},"excerpt":{"rendered":"<p>Les cr\u00e9ateurs tous issus des villes et villages alentours se relaient pour tenir la boutique. Ne manquez pas de leur rendre visite, ils vous parleront de leur m\u00e9tier avec passion. Venez d\u00e9couvrir leurs cr\u00e9ations, des pi\u00e8ces uniques, des id\u00e9es cadeaux originales pour toutes les occasions.<\/p>\n","protected":false},"author":2,"featured_media":629,"parent":0,"menu_order":0,"comment_status":"closed","ping_status":"closed","template":"","meta":{"footnotes":""},"class_list":["post-382","page","type-page","status-publish","has-post-thumbnail","hentry"],"yoast_head":"<!-- This site is optimized with the Yoast SEO plugin v27.5 - https:\/\/yoast.com\/product\/yoast-seo-wordpress\/ -->\n<title>Planet&#039;Creations - Accueil -<\/title>\n<meta name=\"description\" content=\"Planet&#039;Cr\u00e9ations, boutique associative ouverte \u00e0 l&#039;ann\u00e9e au c\u0153ur du vieux village de Mougins, pr\u00e9sentant le travail de 10 artisans locaux.\" \/>\n<meta name=\"robots\" content=\"index, follow, max-snippet:-1, max-image-preview:large, max-video-preview:-1\" \/>\n<link rel=\"canonical\" href=\"https:\/\/planet-creations.com\/\" \/>\n<meta property=\"og:locale\" content=\"fr_FR\" \/>\n<meta property=\"og:type\" content=\"article\" \/>\n<meta property=\"og:title\" content=\"Planet&#039;Creations - Accueil -\" \/>\n<meta property=\"og:description\" content=\"Planet&#039;Cr\u00e9ations, boutique associative ouverte \u00e0 l&#039;ann\u00e9e au c\u0153ur du vieux village de Mougins, pr\u00e9sentant le travail de 10 artisans locaux.\" \/>\n<meta property=\"og:url\" content=\"https:\/\/planet-creations.com\/\" \/>\n<meta property=\"og:site_name\" content=\"Planet&#039;Creations\" \/>\n<meta property=\"article:modified_time\" content=\"2026-04-18T10:38:31+00:00\" \/>\n<meta property=\"og:image\" content=\"https:\/\/planet-creations.com\/wp-content\/uploads\/2020\/03\/image-de-fond-ciel-orange2.jpg\" \/>\n\t<meta property=\"og:image:width\" content=\"1728\" \/>\n\t<meta property=\"og:image:height\" content=\"1152\" \/>\n\t<meta property=\"og:image:type\" content=\"image\/jpeg\" \/>\n<meta name=\"twitter:card\" content=\"summary_large_image\" \/>\n<meta name=\"twitter:label1\" content=\"Dur\u00e9e de lecture estim\u00e9e\" \/>\n\t<meta name=\"twitter:data1\" content=\"3 minutes\" \/>\n<script type=\"application\/ld+json\" class=\"yoast-schema-graph\">{\"@context\":\"https:\\\/\\\/schema.org\",\"@graph\":[{\"@type\":\"WebPage\",\"@id\":\"https:\\\/\\\/planet-creations.com\\\/\",\"url\":\"https:\\\/\\\/planet-creations.com\\\/\",\"name\":\"Planet&#039;Creations - Accueil -\",\"isPartOf\":{\"@id\":\"https:\\\/\\\/planet-creations.com\\\/#website\"},\"primaryImageOfPage\":{\"@id\":\"https:\\\/\\\/planet-creations.com\\\/#primaryimage\"},\"image\":{\"@id\":\"https:\\\/\\\/planet-creations.com\\\/#primaryimage\"},\"thumbnailUrl\":\"https:\\\/\\\/planet-creations.com\\\/wp-content\\\/uploads\\\/2020\\\/03\\\/image-de-fond-ciel-orange2.jpg\",\"datePublished\":\"2017-11-07T18:29:28+00:00\",\"dateModified\":\"2026-04-18T10:38:31+00:00\",\"description\":\"Planet'Cr\u00e9ations, boutique associative ouverte \u00e0 l'ann\u00e9e au c\u0153ur du vieux village de Mougins, pr\u00e9sentant le travail de 10 artisans locaux.\",\"breadcrumb\":{\"@id\":\"https:\\\/\\\/planet-creations.com\\\/#breadcrumb\"},\"inLanguage\":\"fr-FR\",\"potentialAction\":[{\"@type\":\"ReadAction\",\"target\":[\"https:\\\/\\\/planet-creations.com\\\/\"]}]},{\"@type\":\"ImageObject\",\"inLanguage\":\"fr-FR\",\"@id\":\"https:\\\/\\\/planet-creations.com\\\/#primaryimage\",\"url\":\"https:\\\/\\\/planet-creations.com\\\/wp-content\\\/uploads\\\/2020\\\/03\\\/image-de-fond-ciel-orange2.jpg\",\"contentUrl\":\"https:\\\/\\\/planet-creations.com\\\/wp-content\\\/uploads\\\/2020\\\/03\\\/image-de-fond-ciel-orange2.jpg\",\"width\":1728,\"height\":1152},{\"@type\":\"BreadcrumbList\",\"@id\":\"https:\\\/\\\/planet-creations.com\\\/#breadcrumb\",\"itemListElement\":[{\"@type\":\"ListItem\",\"position\":1,\"name\":\"Accueil\",\"item\":\"https:\\\/\\\/planet-creations.com\\\/\"},{\"@type\":\"ListItem\",\"position\":2,\"name\":\"Accueil\"}]},{\"@type\":\"WebSite\",\"@id\":\"https:\\\/\\\/planet-creations.com\\\/#website\",\"url\":\"https:\\\/\\\/planet-creations.com\\\/\",\"name\":\"Planet&#039;Creations\",\"description\":\"Boutique de cr\u00e9ateurs\",\"potentialAction\":[{\"@type\":\"SearchAction\",\"target\":{\"@type\":\"EntryPoint\",\"urlTemplate\":\"https:\\\/\\\/planet-creations.com\\\/?s={search_term_string}\"},\"query-input\":{\"@type\":\"PropertyValueSpecification\",\"valueRequired\":true,\"valueName\":\"search_term_string\"}}],\"inLanguage\":\"fr-FR\"}]}<\/script>\n<!-- \/ Yoast SEO plugin. -->","yoast_head_json":{"title":"Planet&#039;Creations - Accueil -","description":"Planet'Cr\u00e9ations, boutique associative ouverte \u00e0 l'ann\u00e9e au c\u0153ur du vieux village de Mougins, pr\u00e9sentant le travail de 10 artisans locaux.","robots":{"index":"index","follow":"follow","max-snippet":"max-snippet:-1","max-image-preview":"max-image-preview:large","max-video-preview":"max-video-preview:-1"},"canonical":"https:\/\/planet-creations.com\/","og_locale":"fr_FR","og_type":"article","og_title":"Planet&#039;Creations - Accueil -","og_description":"Planet'Cr\u00e9ations, boutique associative ouverte \u00e0 l'ann\u00e9e au c\u0153ur du vieux village de Mougins, pr\u00e9sentant le travail de 10 artisans locaux.","og_url":"https:\/\/planet-creations.com\/","og_site_name":"Planet&#039;Creations","article_modified_time":"2026-04-18T10:38:31+00:00","og_image":[{"width":1728,"height":1152,"url":"https:\/\/planet-creations.com\/wp-content\/uploads\/2020\/03\/image-de-fond-ciel-orange2.jpg","type":"image\/jpeg"}],"twitter_card":"summary_large_image","twitter_misc":{"Dur\u00e9e de lecture estim\u00e9e":"3 minutes"},"schema":{"@context":"https:\/\/schema.org","@graph":[{"@type":"WebPage","@id":"https:\/\/planet-creations.com\/","url":"https:\/\/planet-creations.com\/","name":"Planet&#039;Creations - Accueil -","isPartOf":{"@id":"https:\/\/planet-creations.com\/#website"},"primaryImageOfPage":{"@id":"https:\/\/planet-creations.com\/#primaryimage"},"image":{"@id":"https:\/\/planet-creations.com\/#primaryimage"},"thumbnailUrl":"https:\/\/planet-creations.com\/wp-content\/uploads\/2020\/03\/image-de-fond-ciel-orange2.jpg","datePublished":"2017-11-07T18:29:28+00:00","dateModified":"2026-04-18T10:38:31+00:00","description":"Planet'Cr\u00e9ations, boutique associative ouverte \u00e0 l'ann\u00e9e au c\u0153ur du vieux village de Mougins, pr\u00e9sentant le travail de 10 artisans locaux.","breadcrumb":{"@id":"https:\/\/planet-creations.com\/#breadcrumb"},"inLanguage":"fr-FR","potentialAction":[{"@type":"ReadAction","target":["https:\/\/planet-creations.com\/"]}]},{"@type":"ImageObject","inLanguage":"fr-FR","@id":"https:\/\/planet-creations.com\/#primaryimage","url":"https:\/\/planet-creations.com\/wp-content\/uploads\/2020\/03\/image-de-fond-ciel-orange2.jpg","contentUrl":"https:\/\/planet-creations.com\/wp-content\/uploads\/2020\/03\/image-de-fond-ciel-orange2.jpg","width":1728,"height":1152},{"@type":"BreadcrumbList","@id":"https:\/\/planet-creations.com\/#breadcrumb","itemListElement":[{"@type":"ListItem","position":1,"name":"Accueil","item":"https:\/\/planet-creations.com\/"},{"@type":"ListItem","position":2,"name":"Accueil"}]},{"@type":"WebSite","@id":"https:\/\/planet-creations.com\/#website","url":"https:\/\/planet-creations.com\/","name":"Planet&#039;Creations","description":"Boutique de cr\u00e9ateurs","potentialAction":[{"@type":"SearchAction","target":{"@type":"EntryPoint","urlTemplate":"https:\/\/planet-creations.com\/?s={search_term_string}"},"query-input":{"@type":"PropertyValueSpecification","valueRequired":true,"valueName":"search_term_string"}}],"inLanguage":"fr-FR"}]}},"_links":{"self":[{"href":"https:\/\/planet-creations.com\/index.php\/wp-json\/wp\/v2\/pages\/382","targetHints":{"allow":["GET"]}}],"collection":[{"href":"https:\/\/planet-creations.com\/index.php\/wp-json\/wp\/v2\/pages"}],"about":[{"href":"https:\/\/planet-creations.com\/index.php\/wp-json\/wp\/v2\/types\/page"}],"author":[{"embeddable":true,"href":"https:\/\/planet-creations.com\/index.php\/wp-json\/wp\/v2\/users\/2"}],"replies":[{"embeddable":true,"href":"https:\/\/planet-creations.com\/index.php\/wp-json\/wp\/v2\/comments?post=382"}],"version-history":[{"count":86,"href":"https:\/\/planet-creations.com\/index.php\/wp-json\/wp\/v2\/pages\/382\/revisions"}],"predecessor-version":[{"id":1909,"href":"https:\/\/planet-creations.com\/index.php\/wp-json\/wp\/v2\/pages\/382\/revisions\/1909"}],"wp:featuredmedia":[{"embeddable":true,"href":"https:\/\/planet-creations.com\/index.php\/wp-json\/wp\/v2\/media\/629"}],"wp:attachment":[{"href":"https:\/\/planet-creations.com\/index.php\/wp-json\/wp\/v2\/media?parent=382"}],"curies":[{"name":"wp","href":"https:\/\/api.w.org\/{rel}","templated":true}]}}