{"id":1860,"date":"2022-08-23T09:50:47","date_gmt":"2022-08-23T08:50:47","guid":{"rendered":"https:\/\/planet-creations.com\/?page_id=1860"},"modified":"2026-01-12T17:43:31","modified_gmt":"2026-01-12T16:43:31","slug":"tamarina","status":"publish","type":"page","link":"https:\/\/planet-creations.com\/index.php\/tamarina\/","title":{"rendered":"Tamarina"},"content":{"rendered":"\n<div class=\"wp-block-media-text alignwide is-stacked-on-mobile\" style=\"grid-template-columns:16% auto\"><figure class=\"wp-block-media-text__media\"><img loading=\"lazy\" decoding=\"async\" width=\"500\" height=\"500\" src=\"https:\/\/planet-creations.com\/wp-content\/uploads\/2024\/11\/planetcreations-tamarina-rachel-pochettecompagnon-couture.jpg\" alt=\"\" class=\"wp-image-1883 size-full\" srcset=\"https:\/\/planet-creations.com\/wp-content\/uploads\/2024\/11\/planetcreations-tamarina-rachel-pochettecompagnon-couture.jpg 500w, https:\/\/planet-creations.com\/wp-content\/uploads\/2024\/11\/planetcreations-tamarina-rachel-pochettecompagnon-couture-150x150.jpg 150w\" sizes=\"auto, (max-width: 500px) 100vw, 500px\" \/><\/figure><div class=\"wp-block-media-text__content\">\n<h2 class=\"wp-block-heading has-medium-font-size\">Sacs et accessoires color\u00e9s et \u00e9l\u00e9gants<\/h2>\n<\/div><\/div>\n\n\n\n<div class=\"wp-block-media-text alignwide has-media-on-the-right is-stacked-on-mobile\" style=\"grid-template-columns:auto 26%\"><div class=\"wp-block-media-text__content\">\n<p class=\"has-medium-font-size\">Je suis Rachel, la cr\u00e9atrice derri\u00e8re la marque Tamarina. J\u2019ai toujours aim\u00e9 travailler de mes mains. J\u2019ai d\u00e9couvert une v\u00e9ritable passion pour les motifs et la couture est un moyen id\u00e9al pour donner vie \u00e0 ces motifs, en les transformant en des accessoires que vous prendrez plaisir \u00e0 porter. J\u2019adore associer ces motifs avec d\u2019autres couleurs pour jouer avec les contrastes, les harmonies et les nuances pour cr\u00e9er des pi\u00e8ces qui captivent le regard.<\/p>\n<\/div><figure class=\"wp-block-media-text__media\"><img loading=\"lazy\" decoding=\"async\" width=\"500\" height=\"500\" src=\"https:\/\/planet-creations.com\/wp-content\/uploads\/2024\/11\/planetcreations-tamarina-rachel-troussedetoilette-couture.jpg\" alt=\"\" class=\"wp-image-1886 size-full\" srcset=\"https:\/\/planet-creations.com\/wp-content\/uploads\/2024\/11\/planetcreations-tamarina-rachel-troussedetoilette-couture.jpg 500w, https:\/\/planet-creations.com\/wp-content\/uploads\/2024\/11\/planetcreations-tamarina-rachel-troussedetoilette-couture-150x150.jpg 150w\" sizes=\"auto, (max-width: 500px) 100vw, 500px\" \/><\/figure><\/div>\n\n\n\n<div class=\"wp-block-media-text alignwide is-stacked-on-mobile\" style=\"grid-template-columns:26% auto\"><figure class=\"wp-block-media-text__media\"><img loading=\"lazy\" decoding=\"async\" width=\"1000\" height=\"1000\" src=\"https:\/\/planet-creations.com\/wp-content\/uploads\/2024\/11\/planetcreations-tamarina-rachel-sacbanane-couture.jpg\" alt=\"\" class=\"wp-image-1885 size-full\" srcset=\"https:\/\/planet-creations.com\/wp-content\/uploads\/2024\/11\/planetcreations-tamarina-rachel-sacbanane-couture.jpg 1000w, https:\/\/planet-creations.com\/wp-content\/uploads\/2024\/11\/planetcreations-tamarina-rachel-sacbanane-couture-600x600.jpg 600w, https:\/\/planet-creations.com\/wp-content\/uploads\/2024\/11\/planetcreations-tamarina-rachel-sacbanane-couture-150x150.jpg 150w, https:\/\/planet-creations.com\/wp-content\/uploads\/2024\/11\/planetcreations-tamarina-rachel-sacbanane-couture-768x768.jpg 768w\" sizes=\"auto, (max-width: 1000px) 100vw, 1000px\" \/><\/figure><div class=\"wp-block-media-text__content\">\n<p class=\"has-medium-font-size\">Chacune de mes cr\u00e9ations est le fruit d&rsquo;un travail m\u00e9ticuleux et d&rsquo;une qu\u00eate constante de l&rsquo;expression de soi. Chaque motif que je s\u00e9lectionne est soigneusement choisi pour son esth\u00e9tique, mais aussi pour sa capacit\u00e9 \u00e0 raconter une histoire, ma propre histoire. Ces motifs qui me touchent \u00e9voquent mes passions, mes souvenirs et mes exp\u00e9riences personnelles.<\/p>\n<\/div><\/div>\n\n\n\n<div class=\"wp-block-media-text alignwide has-media-on-the-right is-stacked-on-mobile\" style=\"grid-template-columns:auto 26%\"><div class=\"wp-block-media-text__content\">\n<p class=\"has-medium-font-size\">Chaque sac Tamarina est con\u00e7u avec des mat\u00e9riaux de premi\u00e8re qualit\u00e9, recherchant une durabilit\u00e9 exceptionnelle et une \u00e9l\u00e9gance intemporelle. Le tissu utilis\u00e9 pour les sacs est compos\u00e9 de fibres de coton \u00e9paisses, tiss\u00e9es de mani\u00e8re dense pour garantir une solidit\u00e9 importante.<\/p>\n<\/div><figure class=\"wp-block-media-text__media\"><img loading=\"lazy\" decoding=\"async\" width=\"500\" height=\"500\" src=\"https:\/\/planet-creations.com\/wp-content\/uploads\/2024\/11\/planetcreations-tamarina-rachel-sacados-couture.jpg\" alt=\"\" class=\"wp-image-1884 size-full\" srcset=\"https:\/\/planet-creations.com\/wp-content\/uploads\/2024\/11\/planetcreations-tamarina-rachel-sacados-couture.jpg 500w, https:\/\/planet-creations.com\/wp-content\/uploads\/2024\/11\/planetcreations-tamarina-rachel-sacados-couture-150x150.jpg 150w\" sizes=\"auto, (max-width: 500px) 100vw, 500px\" \/><\/figure><\/div>\n\n\n\n<div class=\"wp-block-media-text alignwide is-stacked-on-mobile\" style=\"grid-template-columns:26% auto\"><figure class=\"wp-block-media-text__media\"><img loading=\"lazy\" decoding=\"async\" width=\"500\" height=\"533\" src=\"https:\/\/planet-creations.com\/wp-content\/uploads\/2024\/11\/planetcreations-tamarina-rachel-sacamain-couture.jpg\" alt=\"\" class=\"wp-image-1893 size-full\"\/><\/figure><div class=\"wp-block-media-text__content\">\n<p class=\"has-medium-font-size\">Je travaille aussi \u00e0 la demande pour cr\u00e9er des accessoires qui vous ressemblent, mettant un point d&rsquo;honneur \u00e0 comprendre vos besoins et vos go\u00fbts. Chaque sac con\u00e7u devient ainsi une pi\u00e8ce refl\u00e9tant votre personnalit\u00e9 et votre style.<\/p>\n<\/div><\/div>\n\n\n\n<div class=\"wp-block-media-text alignwide has-media-on-the-right is-stacked-on-mobile\" style=\"grid-template-columns:auto 26%\"><div class=\"wp-block-media-text__content\">\n<p class=\"has-medium-font-size\">Plongez dans l\u2019univers de mes cr\u00e9ations qui allient \u00e9l\u00e9gance, qualit\u00e9 et praticit\u00e9.<br><br>Mon <a href=\"https:\/\/www.instagram.com\/tamarina.creations\/\" target=\"_blank\" rel=\"noreferrer noopener\">Instagram<\/a> et <a href=\"https:\/\/www.facebook.com\/profile.php?id=61550827508472\" target=\"_blank\" rel=\"noreferrer noopener\">Facebook<\/a>.<\/p>\n<\/div><figure class=\"wp-block-media-text__media\"><img loading=\"lazy\" decoding=\"async\" width=\"400\" height=\"400\" src=\"https:\/\/planet-creations.com\/wp-content\/uploads\/2024\/11\/planetcreations-photo-portrait-rachel-couture.jpg\" alt=\"\" class=\"wp-image-1882 size-full\" srcset=\"https:\/\/planet-creations.com\/wp-content\/uploads\/2024\/11\/planetcreations-photo-portrait-rachel-couture.jpg 400w, https:\/\/planet-creations.com\/wp-content\/uploads\/2024\/11\/planetcreations-photo-portrait-rachel-couture-150x150.jpg 150w\" sizes=\"auto, (max-width: 400px) 100vw, 400px\" \/><\/figure><\/div>\n","protected":false},"excerpt":{"rendered":"<p>Sacs et accessoires color\u00e9s et \u00e9l\u00e9gants Je suis Rachel, la cr\u00e9atrice derri\u00e8re la marque Tamarina. J\u2019ai toujours aim\u00e9 travailler de mes mains. J\u2019ai d\u00e9couvert une v\u00e9ritable passion pour les motifs et la couture est un moyen id\u00e9al pour donner vie \u00e0 ces motifs, en les transformant en des accessoires que<\/p>\n","protected":false},"author":2,"featured_media":0,"parent":0,"menu_order":0,"comment_status":"closed","ping_status":"closed","template":"","meta":{"footnotes":""},"class_list":["post-1860","page","type-page","status-publish","hentry"],"yoast_head":"<!-- This site is optimized with the Yoast SEO plugin v27.5 - https:\/\/yoast.com\/product\/yoast-seo-wordpress\/ -->\n<title>Tamarina - Planet&#039;Creations<\/title>\n<meta name=\"robots\" content=\"index, follow, max-snippet:-1, max-image-preview:large, max-video-preview:-1\" \/>\n<link rel=\"canonical\" href=\"https:\/\/planet-creations.com\/index.php\/tamarina\/\" \/>\n<meta property=\"og:locale\" content=\"fr_FR\" \/>\n<meta property=\"og:type\" content=\"article\" \/>\n<meta property=\"og:title\" content=\"Tamarina - Planet&#039;Creations\" \/>\n<meta property=\"og:description\" content=\"Sacs et accessoires color\u00e9s et \u00e9l\u00e9gants Je suis Rachel, la cr\u00e9atrice derri\u00e8re la marque Tamarina. J\u2019ai toujours aim\u00e9 travailler de mes mains. J\u2019ai d\u00e9couvert une v\u00e9ritable passion pour les motifs et la couture est un moyen id\u00e9al pour donner vie \u00e0 ces motifs, en les transformant en des accessoires que\" \/>\n<meta property=\"og:url\" content=\"https:\/\/planet-creations.com\/index.php\/tamarina\/\" \/>\n<meta property=\"og:site_name\" content=\"Planet&#039;Creations\" \/>\n<meta property=\"article:modified_time\" content=\"2026-01-12T16:43:31+00:00\" \/>\n<meta property=\"og:image\" content=\"https:\/\/planet-creations.com\/wp-content\/uploads\/2024\/11\/planetcreations-tamarina-rachel-pochettecompagnon-couture.jpg\" \/>\n<meta name=\"twitter:card\" content=\"summary_large_image\" \/>\n<meta name=\"twitter:label1\" content=\"Dur\u00e9e de lecture estim\u00e9e\" \/>\n\t<meta name=\"twitter:data1\" content=\"3 minutes\" \/>\n<script type=\"application\/ld+json\" class=\"yoast-schema-graph\">{\"@context\":\"https:\\\/\\\/schema.org\",\"@graph\":[{\"@type\":\"WebPage\",\"@id\":\"https:\\\/\\\/planet-creations.com\\\/index.php\\\/tamarina\\\/\",\"url\":\"https:\\\/\\\/planet-creations.com\\\/index.php\\\/tamarina\\\/\",\"name\":\"Tamarina - Planet&#039;Creations\",\"isPartOf\":{\"@id\":\"https:\\\/\\\/planet-creations.com\\\/#website\"},\"primaryImageOfPage\":{\"@id\":\"https:\\\/\\\/planet-creations.com\\\/index.php\\\/tamarina\\\/#primaryimage\"},\"image\":{\"@id\":\"https:\\\/\\\/planet-creations.com\\\/index.php\\\/tamarina\\\/#primaryimage\"},\"thumbnailUrl\":\"https:\\\/\\\/planet-creations.com\\\/wp-content\\\/uploads\\\/2024\\\/11\\\/planetcreations-tamarina-rachel-pochettecompagnon-couture.jpg\",\"datePublished\":\"2022-08-23T08:50:47+00:00\",\"dateModified\":\"2026-01-12T16:43:31+00:00\",\"breadcrumb\":{\"@id\":\"https:\\\/\\\/planet-creations.com\\\/index.php\\\/tamarina\\\/#breadcrumb\"},\"inLanguage\":\"fr-FR\",\"potentialAction\":[{\"@type\":\"ReadAction\",\"target\":[\"https:\\\/\\\/planet-creations.com\\\/index.php\\\/tamarina\\\/\"]}]},{\"@type\":\"ImageObject\",\"inLanguage\":\"fr-FR\",\"@id\":\"https:\\\/\\\/planet-creations.com\\\/index.php\\\/tamarina\\\/#primaryimage\",\"url\":\"https:\\\/\\\/planet-creations.com\\\/wp-content\\\/uploads\\\/2024\\\/11\\\/planetcreations-tamarina-rachel-pochettecompagnon-couture.jpg\",\"contentUrl\":\"https:\\\/\\\/planet-creations.com\\\/wp-content\\\/uploads\\\/2024\\\/11\\\/planetcreations-tamarina-rachel-pochettecompagnon-couture.jpg\",\"width\":500,\"height\":500},{\"@type\":\"BreadcrumbList\",\"@id\":\"https:\\\/\\\/planet-creations.com\\\/index.php\\\/tamarina\\\/#breadcrumb\",\"itemListElement\":[{\"@type\":\"ListItem\",\"position\":1,\"name\":\"Accueil\",\"item\":\"https:\\\/\\\/planet-creations.com\\\/\"},{\"@type\":\"ListItem\",\"position\":2,\"name\":\"Tamarina\"}]},{\"@type\":\"WebSite\",\"@id\":\"https:\\\/\\\/planet-creations.com\\\/#website\",\"url\":\"https:\\\/\\\/planet-creations.com\\\/\",\"name\":\"Planet&#039;Creations\",\"description\":\"Boutique de cr\u00e9ateurs\",\"potentialAction\":[{\"@type\":\"SearchAction\",\"target\":{\"@type\":\"EntryPoint\",\"urlTemplate\":\"https:\\\/\\\/planet-creations.com\\\/?s={search_term_string}\"},\"query-input\":{\"@type\":\"PropertyValueSpecification\",\"valueRequired\":true,\"valueName\":\"search_term_string\"}}],\"inLanguage\":\"fr-FR\"}]}<\/script>\n<!-- \/ Yoast SEO plugin. -->","yoast_head_json":{"title":"Tamarina - Planet&#039;Creations","robots":{"index":"index","follow":"follow","max-snippet":"max-snippet:-1","max-image-preview":"max-image-preview:large","max-video-preview":"max-video-preview:-1"},"canonical":"https:\/\/planet-creations.com\/index.php\/tamarina\/","og_locale":"fr_FR","og_type":"article","og_title":"Tamarina - Planet&#039;Creations","og_description":"Sacs et accessoires color\u00e9s et \u00e9l\u00e9gants Je suis Rachel, la cr\u00e9atrice derri\u00e8re la marque Tamarina. J\u2019ai toujours aim\u00e9 travailler de mes mains. J\u2019ai d\u00e9couvert une v\u00e9ritable passion pour les motifs et la couture est un moyen id\u00e9al pour donner vie \u00e0 ces motifs, en les transformant en des accessoires que","og_url":"https:\/\/planet-creations.com\/index.php\/tamarina\/","og_site_name":"Planet&#039;Creations","article_modified_time":"2026-01-12T16:43:31+00:00","og_image":[{"url":"https:\/\/planet-creations.com\/wp-content\/uploads\/2024\/11\/planetcreations-tamarina-rachel-pochettecompagnon-couture.jpg","type":"","width":"","height":""}],"twitter_card":"summary_large_image","twitter_misc":{"Dur\u00e9e de lecture estim\u00e9e":"3 minutes"},"schema":{"@context":"https:\/\/schema.org","@graph":[{"@type":"WebPage","@id":"https:\/\/planet-creations.com\/index.php\/tamarina\/","url":"https:\/\/planet-creations.com\/index.php\/tamarina\/","name":"Tamarina - Planet&#039;Creations","isPartOf":{"@id":"https:\/\/planet-creations.com\/#website"},"primaryImageOfPage":{"@id":"https:\/\/planet-creations.com\/index.php\/tamarina\/#primaryimage"},"image":{"@id":"https:\/\/planet-creations.com\/index.php\/tamarina\/#primaryimage"},"thumbnailUrl":"https:\/\/planet-creations.com\/wp-content\/uploads\/2024\/11\/planetcreations-tamarina-rachel-pochettecompagnon-couture.jpg","datePublished":"2022-08-23T08:50:47+00:00","dateModified":"2026-01-12T16:43:31+00:00","breadcrumb":{"@id":"https:\/\/planet-creations.com\/index.php\/tamarina\/#breadcrumb"},"inLanguage":"fr-FR","potentialAction":[{"@type":"ReadAction","target":["https:\/\/planet-creations.com\/index.php\/tamarina\/"]}]},{"@type":"ImageObject","inLanguage":"fr-FR","@id":"https:\/\/planet-creations.com\/index.php\/tamarina\/#primaryimage","url":"https:\/\/planet-creations.com\/wp-content\/uploads\/2024\/11\/planetcreations-tamarina-rachel-pochettecompagnon-couture.jpg","contentUrl":"https:\/\/planet-creations.com\/wp-content\/uploads\/2024\/11\/planetcreations-tamarina-rachel-pochettecompagnon-couture.jpg","width":500,"height":500},{"@type":"BreadcrumbList","@id":"https:\/\/planet-creations.com\/index.php\/tamarina\/#breadcrumb","itemListElement":[{"@type":"ListItem","position":1,"name":"Accueil","item":"https:\/\/planet-creations.com\/"},{"@type":"ListItem","position":2,"name":"Tamarina"}]},{"@type":"WebSite","@id":"https:\/\/planet-creations.com\/#website","url":"https:\/\/planet-creations.com\/","name":"Planet&#039;Creations","description":"Boutique de cr\u00e9ateurs","potentialAction":[{"@type":"SearchAction","target":{"@type":"EntryPoint","urlTemplate":"https:\/\/planet-creations.com\/?s={search_term_string}"},"query-input":{"@type":"PropertyValueSpecification","valueRequired":true,"valueName":"search_term_string"}}],"inLanguage":"fr-FR"}]}},"_links":{"self":[{"href":"https:\/\/planet-creations.com\/index.php\/wp-json\/wp\/v2\/pages\/1860","targetHints":{"allow":["GET"]}}],"collection":[{"href":"https:\/\/planet-creations.com\/index.php\/wp-json\/wp\/v2\/pages"}],"about":[{"href":"https:\/\/planet-creations.com\/index.php\/wp-json\/wp\/v2\/types\/page"}],"author":[{"embeddable":true,"href":"https:\/\/planet-creations.com\/index.php\/wp-json\/wp\/v2\/users\/2"}],"replies":[{"embeddable":true,"href":"https:\/\/planet-creations.com\/index.php\/wp-json\/wp\/v2\/comments?post=1860"}],"version-history":[{"count":6,"href":"https:\/\/planet-creations.com\/index.php\/wp-json\/wp\/v2\/pages\/1860\/revisions"}],"predecessor-version":[{"id":1907,"href":"https:\/\/planet-creations.com\/index.php\/wp-json\/wp\/v2\/pages\/1860\/revisions\/1907"}],"wp:attachment":[{"href":"https:\/\/planet-creations.com\/index.php\/wp-json\/wp\/v2\/media?parent=1860"}],"curies":[{"name":"wp","href":"https:\/\/api.w.org\/{rel}","templated":true}]}}