{"id":1748,"date":"2022-03-13T11:26:58","date_gmt":"2022-03-13T10:26:58","guid":{"rendered":"https:\/\/planet-creations.com\/?page_id=1748"},"modified":"2022-08-16T09:04:00","modified_gmt":"2022-08-16T08:04:00","slug":"g-crealine","status":"publish","type":"page","link":"https:\/\/planet-creations.com\/index.php\/g-crealine\/","title":{"rendered":"G-crealine"},"content":{"rendered":"\n<div class=\"wp-block-media-text alignwide is-stacked-on-mobile\" style=\"grid-template-columns:16% auto\"><figure class=\"wp-block-media-text__media\"><img loading=\"lazy\" decoding=\"async\" width=\"500\" height=\"500\" src=\"https:\/\/planet-creations.com\/wp-content\/uploads\/2022\/08\/logo_g-crealine.jpg\" alt=\"\" class=\"wp-image-1791 size-full\" srcset=\"https:\/\/planet-creations.com\/wp-content\/uploads\/2022\/08\/logo_g-crealine.jpg 500w, https:\/\/planet-creations.com\/wp-content\/uploads\/2022\/08\/logo_g-crealine-150x150.jpg 150w\" sizes=\"auto, (max-width: 500px) 100vw, 500px\" \/><\/figure><div class=\"wp-block-media-text__content\">\n<h2 class=\"wp-block-heading\" style=\"font-size:22px\">Cr\u00e9ations en macram\u00e9<\/h2>\n<\/div><\/div>\n\n\n\n<div class=\"wp-block-media-text alignwide has-media-on-the-right is-stacked-on-mobile\" style=\"grid-template-columns:auto 26%\"><figure class=\"wp-block-media-text__media\"><img loading=\"lazy\" decoding=\"async\" width=\"800\" height=\"800\" src=\"https:\/\/planet-creations.com\/wp-content\/uploads\/2022\/08\/planetcreations-aline-macrame-bijoux-creole.jpg\" alt=\"\" class=\"wp-image-1792 size-full\" srcset=\"https:\/\/planet-creations.com\/wp-content\/uploads\/2022\/08\/planetcreations-aline-macrame-bijoux-creole.jpg 800w, https:\/\/planet-creations.com\/wp-content\/uploads\/2022\/08\/planetcreations-aline-macrame-bijoux-creole-600x600.jpg 600w, https:\/\/planet-creations.com\/wp-content\/uploads\/2022\/08\/planetcreations-aline-macrame-bijoux-creole-150x150.jpg 150w, https:\/\/planet-creations.com\/wp-content\/uploads\/2022\/08\/planetcreations-aline-macrame-bijoux-creole-768x768.jpg 768w\" sizes=\"auto, (max-width: 800px) 100vw, 800px\" \/><\/figure><div class=\"wp-block-media-text__content\">\n<p>Je m\u2019appelle Aline, j\u2019ai 42 ans.<br>Mon entreprise <strong>G-crealine<\/strong> est n\u00e9e de ma passion pour les loisirs cr\u00e9atifs depuis mon enfance.<br>J\u2019ai toujours aim\u00e9 cr\u00e9er, dessiner, fabriquer\u2026<\/p>\n<\/div><\/div>\n\n\n\n<div class=\"wp-block-media-text alignwide is-stacked-on-mobile\" style=\"grid-template-columns:26% auto\"><figure class=\"wp-block-media-text__media\"><img loading=\"lazy\" decoding=\"async\" width=\"800\" height=\"800\" src=\"https:\/\/planet-creations.com\/wp-content\/uploads\/2022\/08\/planetcreations-aline-macrame-coussin.jpg\" alt=\"\" class=\"wp-image-1796 size-full\" srcset=\"https:\/\/planet-creations.com\/wp-content\/uploads\/2022\/08\/planetcreations-aline-macrame-coussin.jpg 800w, https:\/\/planet-creations.com\/wp-content\/uploads\/2022\/08\/planetcreations-aline-macrame-coussin-600x600.jpg 600w, https:\/\/planet-creations.com\/wp-content\/uploads\/2022\/08\/planetcreations-aline-macrame-coussin-150x150.jpg 150w, https:\/\/planet-creations.com\/wp-content\/uploads\/2022\/08\/planetcreations-aline-macrame-coussin-768x768.jpg 768w\" sizes=\"auto, (max-width: 800px) 100vw, 800px\" \/><\/figure><div class=\"wp-block-media-text__content\">\n<p class=\"has-medium-font-size\">Lors du 1er confinement, j\u2019ai d\u00e9couvert le macram\u00e9 et je ne me suis jamais arr\u00eat\u00e9e \u2026 d\u2019abord pour le plaisir ensuite je me suis d\u00e9cid\u00e9e avec les encouragements de mes proches de r\u00e9aliser mon r\u00eave d\u2019\u00eatre \u00e0 mon compte et pouvoir vivre de ma <strong>passion<\/strong>.<\/p>\n<\/div><\/div>\n\n\n\n<div class=\"wp-block-media-text alignwide has-media-on-the-right is-stacked-on-mobile\" style=\"grid-template-columns:auto 26%\"><figure class=\"wp-block-media-text__media\"><img loading=\"lazy\" decoding=\"async\" width=\"800\" height=\"800\" src=\"https:\/\/planet-creations.com\/wp-content\/uploads\/2022\/08\/planetcreations-aline-macrame-sac-blanc.jpg\" alt=\"\" class=\"wp-image-1795 size-full\" srcset=\"https:\/\/planet-creations.com\/wp-content\/uploads\/2022\/08\/planetcreations-aline-macrame-sac-blanc.jpg 800w, https:\/\/planet-creations.com\/wp-content\/uploads\/2022\/08\/planetcreations-aline-macrame-sac-blanc-600x600.jpg 600w, https:\/\/planet-creations.com\/wp-content\/uploads\/2022\/08\/planetcreations-aline-macrame-sac-blanc-150x150.jpg 150w, https:\/\/planet-creations.com\/wp-content\/uploads\/2022\/08\/planetcreations-aline-macrame-sac-blanc-768x768.jpg 768w\" sizes=\"auto, (max-width: 800px) 100vw, 800px\" \/><\/figure><div class=\"wp-block-media-text__content\">\n<p class=\"has-medium-font-size\">C\u2019est avec un grand plaisir qu\u2019aujourd\u2019hui tous les jours je cr\u00e9e pour vous que ce soit des <strong>d\u00e9corations murales<\/strong> ou des <strong>accessoires de mode<\/strong> comme les sacs.<br>J\u2019aime \u00e0 travers mes cr\u00e9ations vous apporter une touche <strong>chic et boh\u00e8me<\/strong>.<br>Je r\u00e9alise <strong>tout \u00e0 la main<\/strong> en m\u2019inspirant des paysages de la C\u00f4te d\u2019Azur tout en \u00e9tant <strong>\u00e9co-responsable<\/strong>.<\/p>\n<\/div><\/div>\n\n\n\n<div class=\"wp-block-media-text alignwide is-stacked-on-mobile\" style=\"grid-template-columns:26% auto\"><figure class=\"wp-block-media-text__media\"><img loading=\"lazy\" decoding=\"async\" width=\"800\" height=\"800\" src=\"https:\/\/planet-creations.com\/wp-content\/uploads\/2022\/08\/planetcreations-aline-macrame-sous-tasse.jpg\" alt=\"\" class=\"wp-image-1794 size-full\" srcset=\"https:\/\/planet-creations.com\/wp-content\/uploads\/2022\/08\/planetcreations-aline-macrame-sous-tasse.jpg 800w, https:\/\/planet-creations.com\/wp-content\/uploads\/2022\/08\/planetcreations-aline-macrame-sous-tasse-600x600.jpg 600w, https:\/\/planet-creations.com\/wp-content\/uploads\/2022\/08\/planetcreations-aline-macrame-sous-tasse-150x150.jpg 150w, https:\/\/planet-creations.com\/wp-content\/uploads\/2022\/08\/planetcreations-aline-macrame-sous-tasse-768x768.jpg 768w\" sizes=\"auto, (max-width: 800px) 100vw, 800px\" \/><\/figure><div class=\"wp-block-media-text__content\">\n<p class=\"has-medium-font-size\">Le macram\u00e9 est une technique qui permet de r\u00e9aliser des <strong>objets d\u00e9coratifs<\/strong> mais aussi des accessoires de mode comme les sacs et les bijoux.<br>Le macram\u00e9 est indissociable du style de d\u00e9coration boh\u00e8me : Po\u00e9tique, nature, cosy\u2026<\/p>\n<\/div><\/div>\n\n\n\n<div class=\"wp-block-media-text alignwide has-media-on-the-right is-stacked-on-mobile\" style=\"grid-template-columns:auto 26%\"><figure class=\"wp-block-media-text__media\"><img loading=\"lazy\" decoding=\"async\" width=\"800\" height=\"800\" src=\"https:\/\/planet-creations.com\/wp-content\/uploads\/2022\/08\/planetcreations-photo-portrait-aline-dubost-macrame.jpg\" alt=\"\" class=\"wp-image-1793 size-full\" srcset=\"https:\/\/planet-creations.com\/wp-content\/uploads\/2022\/08\/planetcreations-photo-portrait-aline-dubost-macrame.jpg 800w, https:\/\/planet-creations.com\/wp-content\/uploads\/2022\/08\/planetcreations-photo-portrait-aline-dubost-macrame-600x600.jpg 600w, https:\/\/planet-creations.com\/wp-content\/uploads\/2022\/08\/planetcreations-photo-portrait-aline-dubost-macrame-150x150.jpg 150w, https:\/\/planet-creations.com\/wp-content\/uploads\/2022\/08\/planetcreations-photo-portrait-aline-dubost-macrame-768x768.jpg 768w\" sizes=\"auto, (max-width: 800px) 100vw, 800px\" \/><\/figure><div class=\"wp-block-media-text__content\">\n<p class=\"has-medium-font-size\">Le macram\u00e9 est un tissage fait \u00e0 base de n\u0153uds sans aiguille.<br>Par exemple la pochette de t\u00e9l\u00e9phone est compos\u00e9e de 316 n\u0153uds et de 41m de cordes.<br>Toutes mes cr\u00e9ations sont <strong><a href=\"https:\/\/www.instagram.com\/g_crealine\/\" target=\"_blank\" rel=\"noreferrer noopener\">r\u00e9alisables sur commande<\/a><\/strong> en plusieurs coloris.<br>Retrouvez-moi sur <strong><a href=\"https:\/\/www.instagram.com\/g_crealine\/\" target=\"_blank\" rel=\"noreferrer noopener\">Instagram<\/a><\/strong> et <strong><a href=\"https:\/\/www.facebook.com\/G-crealine-104666498844660\" target=\"_blank\" rel=\"noreferrer noopener\">Facebook<\/a><\/strong>.<\/p>\n<\/div><\/div>\n","protected":false},"excerpt":{"rendered":"<p>Cr\u00e9ations en macram\u00e9 Je m\u2019appelle Aline, j\u2019ai 42 ans.Mon entreprise G-crealine est n\u00e9e de ma passion pour les loisirs cr\u00e9atifs depuis mon enfance.J\u2019ai toujours aim\u00e9 cr\u00e9er, dessiner, fabriquer\u2026 Lors du 1er confinement, j\u2019ai d\u00e9couvert le macram\u00e9 et je ne me suis jamais arr\u00eat\u00e9e \u2026 d\u2019abord pour le plaisir ensuite je<\/p>\n","protected":false},"author":2,"featured_media":0,"parent":0,"menu_order":0,"comment_status":"closed","ping_status":"closed","template":"","meta":{"footnotes":""},"class_list":["post-1748","page","type-page","status-publish","hentry"],"yoast_head":"<!-- This site is optimized with the Yoast SEO plugin v27.5 - https:\/\/yoast.com\/product\/yoast-seo-wordpress\/ -->\n<title>G-crealine - Planet&#039;Creations<\/title>\n<meta name=\"description\" content=\"Cr\u00e9ation de d\u00e9coration murale et accessoires de mode en macram\u00e9, dans un style chic et boh\u00e8me. Toutes les cr\u00e9ations sont personnalisables.\" \/>\n<meta name=\"robots\" content=\"index, follow, max-snippet:-1, max-image-preview:large, max-video-preview:-1\" \/>\n<link rel=\"canonical\" href=\"https:\/\/planet-creations.com\/index.php\/g-crealine\/\" \/>\n<meta property=\"og:locale\" content=\"fr_FR\" \/>\n<meta property=\"og:type\" content=\"article\" \/>\n<meta property=\"og:title\" content=\"G-crealine - Planet&#039;Creations\" \/>\n<meta property=\"og:description\" content=\"Cr\u00e9ation de d\u00e9coration murale et accessoires de mode en macram\u00e9, dans un style chic et boh\u00e8me. Toutes les cr\u00e9ations sont personnalisables.\" \/>\n<meta property=\"og:url\" content=\"https:\/\/planet-creations.com\/index.php\/g-crealine\/\" \/>\n<meta property=\"og:site_name\" content=\"Planet&#039;Creations\" \/>\n<meta property=\"article:modified_time\" content=\"2022-08-16T08:04:00+00:00\" \/>\n<meta property=\"og:image\" content=\"https:\/\/planet-creations.com\/wp-content\/uploads\/2022\/08\/logo_g-crealine.jpg\" \/>\n<meta name=\"twitter:card\" content=\"summary_large_image\" \/>\n<meta name=\"twitter:label1\" content=\"Dur\u00e9e de lecture estim\u00e9e\" \/>\n\t<meta name=\"twitter:data1\" content=\"3 minutes\" \/>\n<script type=\"application\/ld+json\" class=\"yoast-schema-graph\">{\"@context\":\"https:\\\/\\\/schema.org\",\"@graph\":[{\"@type\":\"WebPage\",\"@id\":\"https:\\\/\\\/planet-creations.com\\\/index.php\\\/g-crealine\\\/\",\"url\":\"https:\\\/\\\/planet-creations.com\\\/index.php\\\/g-crealine\\\/\",\"name\":\"G-crealine - Planet&#039;Creations\",\"isPartOf\":{\"@id\":\"https:\\\/\\\/planet-creations.com\\\/#website\"},\"primaryImageOfPage\":{\"@id\":\"https:\\\/\\\/planet-creations.com\\\/index.php\\\/g-crealine\\\/#primaryimage\"},\"image\":{\"@id\":\"https:\\\/\\\/planet-creations.com\\\/index.php\\\/g-crealine\\\/#primaryimage\"},\"thumbnailUrl\":\"https:\\\/\\\/planet-creations.com\\\/wp-content\\\/uploads\\\/2022\\\/08\\\/logo_g-crealine.jpg\",\"datePublished\":\"2022-03-13T10:26:58+00:00\",\"dateModified\":\"2022-08-16T08:04:00+00:00\",\"description\":\"Cr\u00e9ation de d\u00e9coration murale et accessoires de mode en macram\u00e9, dans un style chic et boh\u00e8me. Toutes les cr\u00e9ations sont personnalisables.\",\"breadcrumb\":{\"@id\":\"https:\\\/\\\/planet-creations.com\\\/index.php\\\/g-crealine\\\/#breadcrumb\"},\"inLanguage\":\"fr-FR\",\"potentialAction\":[{\"@type\":\"ReadAction\",\"target\":[\"https:\\\/\\\/planet-creations.com\\\/index.php\\\/g-crealine\\\/\"]}]},{\"@type\":\"ImageObject\",\"inLanguage\":\"fr-FR\",\"@id\":\"https:\\\/\\\/planet-creations.com\\\/index.php\\\/g-crealine\\\/#primaryimage\",\"url\":\"https:\\\/\\\/planet-creations.com\\\/wp-content\\\/uploads\\\/2022\\\/08\\\/logo_g-crealine.jpg\",\"contentUrl\":\"https:\\\/\\\/planet-creations.com\\\/wp-content\\\/uploads\\\/2022\\\/08\\\/logo_g-crealine.jpg\",\"width\":500,\"height\":500},{\"@type\":\"BreadcrumbList\",\"@id\":\"https:\\\/\\\/planet-creations.com\\\/index.php\\\/g-crealine\\\/#breadcrumb\",\"itemListElement\":[{\"@type\":\"ListItem\",\"position\":1,\"name\":\"Accueil\",\"item\":\"https:\\\/\\\/planet-creations.com\\\/\"},{\"@type\":\"ListItem\",\"position\":2,\"name\":\"G-crealine\"}]},{\"@type\":\"WebSite\",\"@id\":\"https:\\\/\\\/planet-creations.com\\\/#website\",\"url\":\"https:\\\/\\\/planet-creations.com\\\/\",\"name\":\"Planet&#039;Creations\",\"description\":\"Boutique de cr\u00e9ateurs\",\"potentialAction\":[{\"@type\":\"SearchAction\",\"target\":{\"@type\":\"EntryPoint\",\"urlTemplate\":\"https:\\\/\\\/planet-creations.com\\\/?s={search_term_string}\"},\"query-input\":{\"@type\":\"PropertyValueSpecification\",\"valueRequired\":true,\"valueName\":\"search_term_string\"}}],\"inLanguage\":\"fr-FR\"}]}<\/script>\n<!-- \/ Yoast SEO plugin. -->","yoast_head_json":{"title":"G-crealine - Planet&#039;Creations","description":"Cr\u00e9ation de d\u00e9coration murale et accessoires de mode en macram\u00e9, dans un style chic et boh\u00e8me. Toutes les cr\u00e9ations sont personnalisables.","robots":{"index":"index","follow":"follow","max-snippet":"max-snippet:-1","max-image-preview":"max-image-preview:large","max-video-preview":"max-video-preview:-1"},"canonical":"https:\/\/planet-creations.com\/index.php\/g-crealine\/","og_locale":"fr_FR","og_type":"article","og_title":"G-crealine - Planet&#039;Creations","og_description":"Cr\u00e9ation de d\u00e9coration murale et accessoires de mode en macram\u00e9, dans un style chic et boh\u00e8me. Toutes les cr\u00e9ations sont personnalisables.","og_url":"https:\/\/planet-creations.com\/index.php\/g-crealine\/","og_site_name":"Planet&#039;Creations","article_modified_time":"2022-08-16T08:04:00+00:00","og_image":[{"url":"https:\/\/planet-creations.com\/wp-content\/uploads\/2022\/08\/logo_g-crealine.jpg","type":"","width":"","height":""}],"twitter_card":"summary_large_image","twitter_misc":{"Dur\u00e9e de lecture estim\u00e9e":"3 minutes"},"schema":{"@context":"https:\/\/schema.org","@graph":[{"@type":"WebPage","@id":"https:\/\/planet-creations.com\/index.php\/g-crealine\/","url":"https:\/\/planet-creations.com\/index.php\/g-crealine\/","name":"G-crealine - Planet&#039;Creations","isPartOf":{"@id":"https:\/\/planet-creations.com\/#website"},"primaryImageOfPage":{"@id":"https:\/\/planet-creations.com\/index.php\/g-crealine\/#primaryimage"},"image":{"@id":"https:\/\/planet-creations.com\/index.php\/g-crealine\/#primaryimage"},"thumbnailUrl":"https:\/\/planet-creations.com\/wp-content\/uploads\/2022\/08\/logo_g-crealine.jpg","datePublished":"2022-03-13T10:26:58+00:00","dateModified":"2022-08-16T08:04:00+00:00","description":"Cr\u00e9ation de d\u00e9coration murale et accessoires de mode en macram\u00e9, dans un style chic et boh\u00e8me. Toutes les cr\u00e9ations sont personnalisables.","breadcrumb":{"@id":"https:\/\/planet-creations.com\/index.php\/g-crealine\/#breadcrumb"},"inLanguage":"fr-FR","potentialAction":[{"@type":"ReadAction","target":["https:\/\/planet-creations.com\/index.php\/g-crealine\/"]}]},{"@type":"ImageObject","inLanguage":"fr-FR","@id":"https:\/\/planet-creations.com\/index.php\/g-crealine\/#primaryimage","url":"https:\/\/planet-creations.com\/wp-content\/uploads\/2022\/08\/logo_g-crealine.jpg","contentUrl":"https:\/\/planet-creations.com\/wp-content\/uploads\/2022\/08\/logo_g-crealine.jpg","width":500,"height":500},{"@type":"BreadcrumbList","@id":"https:\/\/planet-creations.com\/index.php\/g-crealine\/#breadcrumb","itemListElement":[{"@type":"ListItem","position":1,"name":"Accueil","item":"https:\/\/planet-creations.com\/"},{"@type":"ListItem","position":2,"name":"G-crealine"}]},{"@type":"WebSite","@id":"https:\/\/planet-creations.com\/#website","url":"https:\/\/planet-creations.com\/","name":"Planet&#039;Creations","description":"Boutique de cr\u00e9ateurs","potentialAction":[{"@type":"SearchAction","target":{"@type":"EntryPoint","urlTemplate":"https:\/\/planet-creations.com\/?s={search_term_string}"},"query-input":{"@type":"PropertyValueSpecification","valueRequired":true,"valueName":"search_term_string"}}],"inLanguage":"fr-FR"}]}},"_links":{"self":[{"href":"https:\/\/planet-creations.com\/index.php\/wp-json\/wp\/v2\/pages\/1748","targetHints":{"allow":["GET"]}}],"collection":[{"href":"https:\/\/planet-creations.com\/index.php\/wp-json\/wp\/v2\/pages"}],"about":[{"href":"https:\/\/planet-creations.com\/index.php\/wp-json\/wp\/v2\/types\/page"}],"author":[{"embeddable":true,"href":"https:\/\/planet-creations.com\/index.php\/wp-json\/wp\/v2\/users\/2"}],"replies":[{"embeddable":true,"href":"https:\/\/planet-creations.com\/index.php\/wp-json\/wp\/v2\/comments?post=1748"}],"version-history":[{"count":15,"href":"https:\/\/planet-creations.com\/index.php\/wp-json\/wp\/v2\/pages\/1748\/revisions"}],"predecessor-version":[{"id":1827,"href":"https:\/\/planet-creations.com\/index.php\/wp-json\/wp\/v2\/pages\/1748\/revisions\/1827"}],"wp:attachment":[{"href":"https:\/\/planet-creations.com\/index.php\/wp-json\/wp\/v2\/media?parent=1748"}],"curies":[{"name":"wp","href":"https:\/\/api.w.org\/{rel}","templated":true}]}}