{"id":1650,"date":"2021-09-20T16:18:58","date_gmt":"2021-09-20T15:18:58","guid":{"rendered":""},"modified":"2026-01-12T17:43:02","modified_gmt":"2026-01-12T16:43:02","slug":"papillonade-creations","status":"publish","type":"page","link":"https:\/\/planet-creations.com\/index.php\/papillonade-creations\/","title":{"rendered":"Papillonnade cr\u00e9ations"},"content":{"rendered":"\n<div class=\"wp-block-media-text alignwide is-stacked-on-mobile\" style=\"grid-template-columns:16% auto\"><figure class=\"wp-block-media-text__media\"><img loading=\"lazy\" decoding=\"async\" width=\"500\" height=\"497\" src=\"https:\/\/planet-creations.com\/wp-content\/uploads\/2024\/11\/planetcreations-papillonnadecreations-logo.jpg\" alt=\"\" class=\"wp-image-1887 size-full\" srcset=\"https:\/\/planet-creations.com\/wp-content\/uploads\/2024\/11\/planetcreations-papillonnadecreations-logo.jpg 500w, https:\/\/planet-creations.com\/wp-content\/uploads\/2024\/11\/planetcreations-papillonnadecreations-logo-150x150.jpg 150w\" sizes=\"(max-width: 500px) 100vw, 500px\" \/><\/figure><div class=\"wp-block-media-text__content\">\n<h2 class=\"wp-block-heading\" style=\"font-size:22px\">Sophie, exploratrice au pays des couleurs&nbsp;!<\/h2>\n<\/div><\/div>\n\n\n\n<div class=\"wp-block-media-text alignwide has-media-on-the-right is-stacked-on-mobile\" style=\"grid-template-columns:auto 26%\"><div class=\"wp-block-media-text__content\">\n<p>Passionn\u00e9e de cr\u00e9ation depuis toujours, je joue avec diff\u00e9rentes techniques et je manipule les couleurs et les mati\u00e8res au gr\u00e9 de mes inspirations.<br>Je poursuis mon chemin de vie en papillonnant au gr\u00e9 des ces passions.<\/p>\n<\/div><figure class=\"wp-block-media-text__media\"><img loading=\"lazy\" decoding=\"async\" width=\"500\" height=\"500\" src=\"https:\/\/planet-creations.com\/wp-content\/uploads\/2024\/11\/planetcreations-papillonnadecreations-sophie-animaux-crochet.jpg\" alt=\"\" class=\"wp-image-1888 size-full\" srcset=\"https:\/\/planet-creations.com\/wp-content\/uploads\/2024\/11\/planetcreations-papillonnadecreations-sophie-animaux-crochet.jpg 500w, https:\/\/planet-creations.com\/wp-content\/uploads\/2024\/11\/planetcreations-papillonnadecreations-sophie-animaux-crochet-150x150.jpg 150w\" sizes=\"(max-width: 500px) 100vw, 500px\" \/><\/figure><\/div>\n\n\n\n<div class=\"wp-block-media-text alignwide is-stacked-on-mobile\" style=\"grid-template-columns:26% auto\"><figure class=\"wp-block-media-text__media\"><img loading=\"lazy\" decoding=\"async\" width=\"500\" height=\"500\" src=\"https:\/\/planet-creations.com\/wp-content\/uploads\/2024\/11\/planetcreations-papillonnadecreations-sophie-ecureuil-crochet-coton.jpg\" alt=\"\" class=\"wp-image-1891 size-full\" srcset=\"https:\/\/planet-creations.com\/wp-content\/uploads\/2024\/11\/planetcreations-papillonnadecreations-sophie-ecureuil-crochet-coton.jpg 500w, https:\/\/planet-creations.com\/wp-content\/uploads\/2024\/11\/planetcreations-papillonnadecreations-sophie-ecureuil-crochet-coton-150x150.jpg 150w\" sizes=\"(max-width: 500px) 100vw, 500px\" \/><\/figure><div class=\"wp-block-media-text__content\">\n<p class=\"has-medium-font-size\"><strong>Fil de coton<\/strong><br>A l\u2019aide d\u2019un minuscule crochet, je cr\u00e9e des miniatures d\u2019animaux pour accompagner les r\u00eaves des enfants\u2026.<\/p>\n<\/div><\/div>\n\n\n\n<div class=\"wp-block-media-text alignwide has-media-on-the-right is-stacked-on-mobile\" style=\"grid-template-columns:auto 26%\"><div class=\"wp-block-media-text__content\">\n<p class=\"has-medium-font-size\"><strong>Fibres de laine<\/strong> <br>Avec toutes sortes d\u2019aiguilles et mon rouet, je file ou je tricote  des pelotes de laine pour faire voyager des mailles de douceur ou des accessoires pour d\u00e9corer votre int\u00e9rieur.<\/p>\n<\/div><figure class=\"wp-block-media-text__media\"><img loading=\"lazy\" decoding=\"async\" width=\"500\" height=\"500\" src=\"https:\/\/planet-creations.com\/wp-content\/uploads\/2024\/11\/planetcreations-papillonnadecreations-sophie-cloches-laine.jpg\" alt=\"\" class=\"wp-image-1890 size-full\" srcset=\"https:\/\/planet-creations.com\/wp-content\/uploads\/2024\/11\/planetcreations-papillonnadecreations-sophie-cloches-laine.jpg 500w, https:\/\/planet-creations.com\/wp-content\/uploads\/2024\/11\/planetcreations-papillonnadecreations-sophie-cloches-laine-150x150.jpg 150w\" sizes=\"(max-width: 500px) 100vw, 500px\" \/><\/figure><\/div>\n\n\n\n<div class=\"wp-block-media-text alignwide is-stacked-on-mobile\" style=\"grid-template-columns:26% auto\"><figure class=\"wp-block-media-text__media\"><img loading=\"lazy\" decoding=\"async\" width=\"500\" height=\"500\" src=\"https:\/\/planet-creations.com\/wp-content\/uploads\/2024\/11\/planetcreations-papillonnadecreations-sophie-carte-papeterie.jpg\" alt=\"\" class=\"wp-image-1889 size-full\" srcset=\"https:\/\/planet-creations.com\/wp-content\/uploads\/2024\/11\/planetcreations-papillonnadecreations-sophie-carte-papeterie.jpg 500w, https:\/\/planet-creations.com\/wp-content\/uploads\/2024\/11\/planetcreations-papillonnadecreations-sophie-carte-papeterie-150x150.jpg 150w\" sizes=\"(max-width: 500px) 100vw, 500px\" \/><\/figure><div class=\"wp-block-media-text__content\">\n<p class=\"has-medium-font-size\"><strong>Encres et papiers<\/strong><br>En utilisant mes pinceaux, des encres color\u00e9es et du papier, je cr\u00e9e des cartes ou des carnets uniques pour faire voyager vos mots.<br>J\u2019esp\u00e8re ainsi partager avec vous une part de r\u00eave et d\u2019imagination.<\/p>\n<\/div><\/div>\n\n\n\n<div class=\"wp-block-media-text alignwide has-media-on-the-right is-stacked-on-mobile\" style=\"grid-template-columns:auto 26%\"><div class=\"wp-block-media-text__content\">\n<p class=\"has-medium-font-size\">Contact\u00a0: papillonnade@gmail.com<br><br>Instagram\u00a0: <a href=\"https:\/\/www.instagram.com\/papillonnade_creations\/\" target=\"_blank\" rel=\"noreferrer noopener\">@papillonnade_creations<\/a><\/p>\n<\/div><figure class=\"wp-block-media-text__media\"><img loading=\"lazy\" decoding=\"async\" width=\"500\" height=\"500\" src=\"https:\/\/planet-creations.com\/wp-content\/uploads\/2024\/11\/planetcreations-photo-portrait-sophie-papillonnadecreations-artdufil-carterie.jpg\" alt=\"\" class=\"wp-image-1892 size-full\" srcset=\"https:\/\/planet-creations.com\/wp-content\/uploads\/2024\/11\/planetcreations-photo-portrait-sophie-papillonnadecreations-artdufil-carterie.jpg 500w, https:\/\/planet-creations.com\/wp-content\/uploads\/2024\/11\/planetcreations-photo-portrait-sophie-papillonnadecreations-artdufil-carterie-150x150.jpg 150w\" sizes=\"(max-width: 500px) 100vw, 500px\" \/><\/figure><\/div>\n","protected":false},"excerpt":{"rendered":"<p>Sophie, exploratrice au pays des couleurs&nbsp;! Passionn\u00e9e de cr\u00e9ation depuis toujours, je joue avec diff\u00e9rentes techniques et je manipule les couleurs et les mati\u00e8res au gr\u00e9 de mes inspirations.Je poursuis mon chemin de vie en papillonnant au gr\u00e9 des ces passions. Fil de cotonA l\u2019aide d\u2019un minuscule crochet, je cr\u00e9e<\/p>\n","protected":false},"author":2,"featured_media":0,"parent":0,"menu_order":0,"comment_status":"closed","ping_status":"closed","template":"","meta":{"footnotes":""},"yoast_head":"<!-- This site is optimized with the Yoast SEO plugin v23.5 - https:\/\/yoast.com\/wordpress\/plugins\/seo\/ -->\n<title>Papillonnade cr\u00e9ations - Planet&#039;Creations<\/title>\n<meta name=\"robots\" content=\"index, follow, max-snippet:-1, max-image-preview:large, max-video-preview:-1\" \/>\n<link rel=\"canonical\" href=\"https:\/\/planet-creations.com\/index.php\/papillonade-creations\/\" \/>\n<meta property=\"og:locale\" content=\"fr_FR\" \/>\n<meta property=\"og:type\" content=\"article\" \/>\n<meta property=\"og:title\" content=\"Papillonnade cr\u00e9ations - Planet&#039;Creations\" \/>\n<meta property=\"og:description\" content=\"Sophie, exploratrice au pays des couleurs&nbsp;! Passionn\u00e9e de cr\u00e9ation depuis toujours, je joue avec diff\u00e9rentes techniques et je manipule les couleurs et les mati\u00e8res au gr\u00e9 de mes inspirations.Je poursuis mon chemin de vie en papillonnant au gr\u00e9 des ces passions. Fil de cotonA l\u2019aide d\u2019un minuscule crochet, je cr\u00e9e\" \/>\n<meta property=\"og:url\" content=\"https:\/\/planet-creations.com\/index.php\/papillonade-creations\/\" \/>\n<meta property=\"og:site_name\" content=\"Planet&#039;Creations\" \/>\n<meta property=\"article:modified_time\" content=\"2026-01-12T16:43:02+00:00\" \/>\n<meta property=\"og:image\" content=\"https:\/\/planet-creations.com\/wp-content\/uploads\/2024\/11\/planetcreations-papillonnadecreations-logo.jpg\" \/>\n<meta name=\"twitter:card\" content=\"summary_large_image\" \/>\n<meta name=\"twitter:label1\" content=\"Dur\u00e9e de lecture estim\u00e9e\" \/>\n\t<meta name=\"twitter:data1\" content=\"2 minutes\" \/>\n<script type=\"application\/ld+json\" class=\"yoast-schema-graph\">{\"@context\":\"https:\/\/schema.org\",\"@graph\":[{\"@type\":\"WebPage\",\"@id\":\"https:\/\/planet-creations.com\/index.php\/papillonade-creations\/\",\"url\":\"https:\/\/planet-creations.com\/index.php\/papillonade-creations\/\",\"name\":\"Papillonnade cr\u00e9ations - Planet&#039;Creations\",\"isPartOf\":{\"@id\":\"https:\/\/planet-creations.com\/#website\"},\"primaryImageOfPage\":{\"@id\":\"https:\/\/planet-creations.com\/index.php\/papillonade-creations\/#primaryimage\"},\"image\":{\"@id\":\"https:\/\/planet-creations.com\/index.php\/papillonade-creations\/#primaryimage\"},\"thumbnailUrl\":\"https:\/\/planet-creations.com\/wp-content\/uploads\/2024\/11\/planetcreations-papillonnadecreations-logo.jpg\",\"datePublished\":\"2021-09-20T15:18:58+00:00\",\"dateModified\":\"2026-01-12T16:43:02+00:00\",\"breadcrumb\":{\"@id\":\"https:\/\/planet-creations.com\/index.php\/papillonade-creations\/#breadcrumb\"},\"inLanguage\":\"fr-FR\",\"potentialAction\":[{\"@type\":\"ReadAction\",\"target\":[\"https:\/\/planet-creations.com\/index.php\/papillonade-creations\/\"]}]},{\"@type\":\"ImageObject\",\"inLanguage\":\"fr-FR\",\"@id\":\"https:\/\/planet-creations.com\/index.php\/papillonade-creations\/#primaryimage\",\"url\":\"https:\/\/planet-creations.com\/wp-content\/uploads\/2024\/11\/planetcreations-papillonnadecreations-logo.jpg\",\"contentUrl\":\"https:\/\/planet-creations.com\/wp-content\/uploads\/2024\/11\/planetcreations-papillonnadecreations-logo.jpg\",\"width\":500,\"height\":497},{\"@type\":\"BreadcrumbList\",\"@id\":\"https:\/\/planet-creations.com\/index.php\/papillonade-creations\/#breadcrumb\",\"itemListElement\":[{\"@type\":\"ListItem\",\"position\":1,\"name\":\"Accueil\",\"item\":\"https:\/\/planet-creations.com\/\"},{\"@type\":\"ListItem\",\"position\":2,\"name\":\"Papillonnade cr\u00e9ations\"}]},{\"@type\":\"WebSite\",\"@id\":\"https:\/\/planet-creations.com\/#website\",\"url\":\"https:\/\/planet-creations.com\/\",\"name\":\"Planet&#039;Creations\",\"description\":\"Boutique de cr\u00e9ateurs\",\"potentialAction\":[{\"@type\":\"SearchAction\",\"target\":{\"@type\":\"EntryPoint\",\"urlTemplate\":\"https:\/\/planet-creations.com\/?s={search_term_string}\"},\"query-input\":{\"@type\":\"PropertyValueSpecification\",\"valueRequired\":true,\"valueName\":\"search_term_string\"}}],\"inLanguage\":\"fr-FR\"}]}<\/script>\n<!-- \/ Yoast SEO plugin. -->","yoast_head_json":{"title":"Papillonnade cr\u00e9ations - Planet&#039;Creations","robots":{"index":"index","follow":"follow","max-snippet":"max-snippet:-1","max-image-preview":"max-image-preview:large","max-video-preview":"max-video-preview:-1"},"canonical":"https:\/\/planet-creations.com\/index.php\/papillonade-creations\/","og_locale":"fr_FR","og_type":"article","og_title":"Papillonnade cr\u00e9ations - Planet&#039;Creations","og_description":"Sophie, exploratrice au pays des couleurs&nbsp;! Passionn\u00e9e de cr\u00e9ation depuis toujours, je joue avec diff\u00e9rentes techniques et je manipule les couleurs et les mati\u00e8res au gr\u00e9 de mes inspirations.Je poursuis mon chemin de vie en papillonnant au gr\u00e9 des ces passions. Fil de cotonA l\u2019aide d\u2019un minuscule crochet, je cr\u00e9e","og_url":"https:\/\/planet-creations.com\/index.php\/papillonade-creations\/","og_site_name":"Planet&#039;Creations","article_modified_time":"2026-01-12T16:43:02+00:00","og_image":[{"url":"https:\/\/planet-creations.com\/wp-content\/uploads\/2024\/11\/planetcreations-papillonnadecreations-logo.jpg"}],"twitter_card":"summary_large_image","twitter_misc":{"Dur\u00e9e de lecture estim\u00e9e":"2 minutes"},"schema":{"@context":"https:\/\/schema.org","@graph":[{"@type":"WebPage","@id":"https:\/\/planet-creations.com\/index.php\/papillonade-creations\/","url":"https:\/\/planet-creations.com\/index.php\/papillonade-creations\/","name":"Papillonnade cr\u00e9ations - Planet&#039;Creations","isPartOf":{"@id":"https:\/\/planet-creations.com\/#website"},"primaryImageOfPage":{"@id":"https:\/\/planet-creations.com\/index.php\/papillonade-creations\/#primaryimage"},"image":{"@id":"https:\/\/planet-creations.com\/index.php\/papillonade-creations\/#primaryimage"},"thumbnailUrl":"https:\/\/planet-creations.com\/wp-content\/uploads\/2024\/11\/planetcreations-papillonnadecreations-logo.jpg","datePublished":"2021-09-20T15:18:58+00:00","dateModified":"2026-01-12T16:43:02+00:00","breadcrumb":{"@id":"https:\/\/planet-creations.com\/index.php\/papillonade-creations\/#breadcrumb"},"inLanguage":"fr-FR","potentialAction":[{"@type":"ReadAction","target":["https:\/\/planet-creations.com\/index.php\/papillonade-creations\/"]}]},{"@type":"ImageObject","inLanguage":"fr-FR","@id":"https:\/\/planet-creations.com\/index.php\/papillonade-creations\/#primaryimage","url":"https:\/\/planet-creations.com\/wp-content\/uploads\/2024\/11\/planetcreations-papillonnadecreations-logo.jpg","contentUrl":"https:\/\/planet-creations.com\/wp-content\/uploads\/2024\/11\/planetcreations-papillonnadecreations-logo.jpg","width":500,"height":497},{"@type":"BreadcrumbList","@id":"https:\/\/planet-creations.com\/index.php\/papillonade-creations\/#breadcrumb","itemListElement":[{"@type":"ListItem","position":1,"name":"Accueil","item":"https:\/\/planet-creations.com\/"},{"@type":"ListItem","position":2,"name":"Papillonnade cr\u00e9ations"}]},{"@type":"WebSite","@id":"https:\/\/planet-creations.com\/#website","url":"https:\/\/planet-creations.com\/","name":"Planet&#039;Creations","description":"Boutique de cr\u00e9ateurs","potentialAction":[{"@type":"SearchAction","target":{"@type":"EntryPoint","urlTemplate":"https:\/\/planet-creations.com\/?s={search_term_string}"},"query-input":{"@type":"PropertyValueSpecification","valueRequired":true,"valueName":"search_term_string"}}],"inLanguage":"fr-FR"}]}},"_links":{"self":[{"href":"https:\/\/planet-creations.com\/index.php\/wp-json\/wp\/v2\/pages\/1650"}],"collection":[{"href":"https:\/\/planet-creations.com\/index.php\/wp-json\/wp\/v2\/pages"}],"about":[{"href":"https:\/\/planet-creations.com\/index.php\/wp-json\/wp\/v2\/types\/page"}],"author":[{"embeddable":true,"href":"https:\/\/planet-creations.com\/index.php\/wp-json\/wp\/v2\/users\/2"}],"replies":[{"embeddable":true,"href":"https:\/\/planet-creations.com\/index.php\/wp-json\/wp\/v2\/comments?post=1650"}],"version-history":[{"count":15,"href":"https:\/\/planet-creations.com\/index.php\/wp-json\/wp\/v2\/pages\/1650\/revisions"}],"predecessor-version":[{"id":1906,"href":"https:\/\/planet-creations.com\/index.php\/wp-json\/wp\/v2\/pages\/1650\/revisions\/1906"}],"wp:attachment":[{"href":"https:\/\/planet-creations.com\/index.php\/wp-json\/wp\/v2\/media?parent=1650"}],"curies":[{"name":"wp","href":"https:\/\/api.w.org\/{rel}","templated":true}]}}