{"id":1640,"date":"2021-09-18T15:36:29","date_gmt":"2021-09-18T14:36:29","guid":{"rendered":""},"modified":"2022-08-15T14:39:05","modified_gmt":"2022-08-15T13:39:05","slug":"adopte-un-piaf","status":"publish","type":"page","link":"https:\/\/planet-creations.com\/index.php\/adopte-un-piaf\/","title":{"rendered":"Adopte un Piaf"},"content":{"rendered":"\n<div class=\"wp-block-media-text alignwide is-stacked-on-mobile\" style=\"grid-template-columns:17% auto\"><figure class=\"wp-block-media-text__media\"><img loading=\"lazy\" decoding=\"async\" width=\"800\" height=\"800\" src=\"https:\/\/planet-creations.com\/wp-content\/uploads\/2022\/08\/planetcreations-adopteunpiaf-logo.jpg\" alt=\"\" class=\"wp-image-1804 size-full\" srcset=\"https:\/\/planet-creations.com\/wp-content\/uploads\/2022\/08\/planetcreations-adopteunpiaf-logo.jpg 800w, https:\/\/planet-creations.com\/wp-content\/uploads\/2022\/08\/planetcreations-adopteunpiaf-logo-600x600.jpg 600w, https:\/\/planet-creations.com\/wp-content\/uploads\/2022\/08\/planetcreations-adopteunpiaf-logo-150x150.jpg 150w, https:\/\/planet-creations.com\/wp-content\/uploads\/2022\/08\/planetcreations-adopteunpiaf-logo-768x768.jpg 768w\" sizes=\"auto, (max-width: 800px) 100vw, 800px\" \/><\/figure><div class=\"wp-block-media-text__content\">\n<h2 class=\"wp-block-heading\" style=\"font-size:22px\">Val Bee, modeleuse de bonne humeur !<\/h2>\n<\/div><\/div>\n\n\n\n<div class=\"wp-block-media-text alignwide has-media-on-the-right is-stacked-on-mobile\" style=\"grid-template-columns:auto 26%\"><figure class=\"wp-block-media-text__media\"><img loading=\"lazy\" decoding=\"async\" width=\"800\" height=\"800\" src=\"https:\/\/planet-creations.com\/wp-content\/uploads\/2021\/09\/Sur-mon-ile-bleue.jpg\" alt=\"\" class=\"wp-image-1649 size-full\" srcset=\"https:\/\/planet-creations.com\/wp-content\/uploads\/2021\/09\/Sur-mon-ile-bleue.jpg 800w, https:\/\/planet-creations.com\/wp-content\/uploads\/2021\/09\/Sur-mon-ile-bleue-600x600.jpg 600w, https:\/\/planet-creations.com\/wp-content\/uploads\/2021\/09\/Sur-mon-ile-bleue-150x150.jpg 150w, https:\/\/planet-creations.com\/wp-content\/uploads\/2021\/09\/Sur-mon-ile-bleue-768x768.jpg 768w\" sizes=\"auto, (max-width: 800px) 100vw, 800px\" \/><\/figure><div class=\"wp-block-media-text__content\">\n<p class=\"has-medium-font-size\">Passionn\u00e9e d\u2019humour et de po\u00e9sie, je vous raconte par l\u2019entremise de mes <strong>cr\u00e9ations insolites et imaginaires<\/strong> des bribes de vie.<\/p>\n\n\n\n<p class=\"has-medium-font-size\"><br>Elles naissent au fil de mes vagabondages, pour y combiner fragments de la <strong>nature<\/strong>, objets de <strong>recyclage<\/strong> et mes <strong>fa\u00efenceries<\/strong>.<\/p>\n<\/div><\/div>\n\n\n\n<div class=\"wp-block-media-text alignwide is-stacked-on-mobile\" style=\"grid-template-columns:26% auto\"><figure class=\"wp-block-media-text__media\"><img loading=\"lazy\" decoding=\"async\" width=\"800\" height=\"800\" src=\"https:\/\/planet-creations.com\/wp-content\/uploads\/2021\/09\/Bande-de-piafs.jpg\" alt=\"bande piafs en c\u00e9ramique\" class=\"wp-image-1643 size-full\" srcset=\"https:\/\/planet-creations.com\/wp-content\/uploads\/2021\/09\/Bande-de-piafs.jpg 800w, https:\/\/planet-creations.com\/wp-content\/uploads\/2021\/09\/Bande-de-piafs-600x600.jpg 600w, https:\/\/planet-creations.com\/wp-content\/uploads\/2021\/09\/Bande-de-piafs-150x150.jpg 150w, https:\/\/planet-creations.com\/wp-content\/uploads\/2021\/09\/Bande-de-piafs-768x768.jpg 768w\" sizes=\"auto, (max-width: 800px) 100vw, 800px\" \/><\/figure><div class=\"wp-block-media-text__content\">\n<p><strong>Fa\u00efencerie<\/strong>&nbsp;: Travail de la terre que <strong>je mod\u00e8le \u00e0 la main<\/strong>, que je biscuite avec une <strong>cuisson haute temp\u00e9rature<\/strong> durant 24H.<\/p>\n\n\n\n<p><br>Puis avec amour, <strong>j\u2019\u00e9maille<\/strong> le tout pour une <strong>nouvelle cuisson<\/strong> de 24h ou moins, en fonction du d\u00e9nouement souhait\u00e9.<\/p>\n<\/div><\/div>\n\n\n\n<div class=\"wp-block-media-text alignwide has-media-on-the-right is-stacked-on-mobile\" style=\"grid-template-columns:auto 26%\"><figure class=\"wp-block-media-text__media\"><img loading=\"lazy\" decoding=\"async\" width=\"800\" height=\"800\" src=\"https:\/\/planet-creations.com\/wp-content\/uploads\/2021\/09\/Portrait-de-Piafs.jpg\" alt=\"2 piafs prenant la pose dans un cadre ovale\" class=\"wp-image-1647 size-full\" srcset=\"https:\/\/planet-creations.com\/wp-content\/uploads\/2021\/09\/Portrait-de-Piafs.jpg 800w, https:\/\/planet-creations.com\/wp-content\/uploads\/2021\/09\/Portrait-de-Piafs-600x600.jpg 600w, https:\/\/planet-creations.com\/wp-content\/uploads\/2021\/09\/Portrait-de-Piafs-150x150.jpg 150w, https:\/\/planet-creations.com\/wp-content\/uploads\/2021\/09\/Portrait-de-Piafs-768x768.jpg 768w\" sizes=\"auto, (max-width: 800px) 100vw, 800px\" \/><\/figure><div class=\"wp-block-media-text__content\">\n<p><strong>J\u2019assemble<\/strong> ensuite ces portions d\u2019\u00e2mes <strong>pour faire na\u00eetre objets et petits \u00eatres<\/strong> qui ne demandent qu\u2019\u00e0 \u00eatre adopt\u00e9s&nbsp;! Alors n\u2019h\u00e9site plus&nbsp;!<\/p>\n\n\n\n<p><strong>ADOPTE TON PIAF&nbsp;!<\/strong><\/p>\n<\/div><\/div>\n\n\n\n<div class=\"wp-block-media-text alignwide is-stacked-on-mobile\" style=\"grid-template-columns:26% auto\"><figure class=\"wp-block-media-text__media\"><img loading=\"lazy\" decoding=\"async\" width=\"800\" height=\"800\" src=\"https:\/\/planet-creations.com\/wp-content\/uploads\/2021\/09\/homme-de-bois.jpg\" alt=\"petit personnage en c\u00e9ramique surgissant d'un trou de bois\" class=\"wp-image-1644 size-full\" srcset=\"https:\/\/planet-creations.com\/wp-content\/uploads\/2021\/09\/homme-de-bois.jpg 800w, https:\/\/planet-creations.com\/wp-content\/uploads\/2021\/09\/homme-de-bois-600x600.jpg 600w, https:\/\/planet-creations.com\/wp-content\/uploads\/2021\/09\/homme-de-bois-150x150.jpg 150w, https:\/\/planet-creations.com\/wp-content\/uploads\/2021\/09\/homme-de-bois-768x768.jpg 768w\" sizes=\"auto, (max-width: 800px) 100vw, 800px\" \/><\/figure><div class=\"wp-block-media-text__content\">\n<p class=\"has-medium-font-size\">Si tu as un <strong>message \u00e0 faire passer<\/strong>, confie le moi au creux de l\u2019oreille, afin de le r\u00e9v\u00e9ler <strong>par l\u2019entremise d\u2019Adopte Un Piaf<\/strong>.<\/p>\n\n\n\n<p>Pour toute <strong>commande personnalis\u00e9e<\/strong> envoie ton message ici : <a href=\"mailto:contact@adopteunpiaf.com\" target=\"_blank\" rel=\"noreferrer noopener\">contact@adopteunpiaf.com<\/a><\/p>\n<\/div><\/div>\n\n\n\n<div class=\"wp-block-media-text alignwide has-media-on-the-right is-stacked-on-mobile\" style=\"grid-template-columns:auto 26%\"><figure class=\"wp-block-media-text__media\"><img loading=\"lazy\" decoding=\"async\" width=\"800\" height=\"800\" src=\"https:\/\/planet-creations.com\/wp-content\/uploads\/2021\/09\/portrait-Val-Bee.jpg\" alt=\"\" class=\"wp-image-1646 size-full\" srcset=\"https:\/\/planet-creations.com\/wp-content\/uploads\/2021\/09\/portrait-Val-Bee.jpg 800w, https:\/\/planet-creations.com\/wp-content\/uploads\/2021\/09\/portrait-Val-Bee-600x600.jpg 600w, https:\/\/planet-creations.com\/wp-content\/uploads\/2021\/09\/portrait-Val-Bee-150x150.jpg 150w, https:\/\/planet-creations.com\/wp-content\/uploads\/2021\/09\/portrait-Val-Bee-768x768.jpg 768w\" sizes=\"auto, (max-width: 800px) 100vw, 800px\" \/><\/figure><div class=\"wp-block-media-text__content\">\n<p>Retrouve moi sur les r\u00e9seaux sociaux&nbsp;:<\/p>\n\n\n\n<p><br>Instagram&nbsp;:<strong> <a href=\"https:\/\/www.instagram.com\/adopteunpiaf\/?hl=fr\" target=\"_blank\" rel=\"noreferrer noopener\">AdopteUnPiaf<\/a><\/strong><br>FaceBook&nbsp;: <a href=\"https:\/\/www.facebook.com\/adopteunpiaf\/\" target=\"_blank\" rel=\"noreferrer noopener\"><strong>AdopteUnPiaf<\/strong><\/a><\/p>\n<\/div><\/div>\n","protected":false},"excerpt":{"rendered":"<p>Val Bee, modeleuse de bonne humeur ! Passionn\u00e9e d\u2019humour et de po\u00e9sie, je vous raconte par l\u2019entremise de mes cr\u00e9ations insolites et imaginaires des bribes de vie. Elles naissent au fil de mes vagabondages, pour y combiner fragments de la nature, objets de recyclage et mes fa\u00efenceries. Fa\u00efencerie&nbsp;: Travail de<\/p>\n","protected":false},"author":2,"featured_media":0,"parent":0,"menu_order":0,"comment_status":"closed","ping_status":"closed","template":"","meta":{"footnotes":""},"class_list":["post-1640","page","type-page","status-publish","hentry"],"yoast_head":"<!-- This site is optimized with the Yoast SEO plugin v27.5 - https:\/\/yoast.com\/product\/yoast-seo-wordpress\/ -->\n<title>Adopte un Piaf - Planet&#039;Creations<\/title>\n<meta name=\"robots\" content=\"index, follow, max-snippet:-1, max-image-preview:large, max-video-preview:-1\" \/>\n<link rel=\"canonical\" href=\"https:\/\/planet-creations.com\/index.php\/adopte-un-piaf\/\" \/>\n<meta property=\"og:locale\" content=\"fr_FR\" \/>\n<meta property=\"og:type\" content=\"article\" \/>\n<meta property=\"og:title\" content=\"Adopte un Piaf - Planet&#039;Creations\" \/>\n<meta property=\"og:description\" content=\"Val Bee, modeleuse de bonne humeur ! Passionn\u00e9e d\u2019humour et de po\u00e9sie, je vous raconte par l\u2019entremise de mes cr\u00e9ations insolites et imaginaires des bribes de vie. Elles naissent au fil de mes vagabondages, pour y combiner fragments de la nature, objets de recyclage et mes fa\u00efenceries. Fa\u00efencerie&nbsp;: Travail de\" \/>\n<meta property=\"og:url\" content=\"https:\/\/planet-creations.com\/index.php\/adopte-un-piaf\/\" \/>\n<meta property=\"og:site_name\" content=\"Planet&#039;Creations\" \/>\n<meta property=\"article:modified_time\" content=\"2022-08-15T13:39:05+00:00\" \/>\n<meta property=\"og:image\" content=\"https:\/\/planet-creations.com\/wp-content\/uploads\/2022\/08\/planetcreations-adopteunpiaf-logo.jpg\" \/>\n<meta name=\"twitter:card\" content=\"summary_large_image\" \/>\n<meta name=\"twitter:label1\" content=\"Dur\u00e9e de lecture estim\u00e9e\" \/>\n\t<meta name=\"twitter:data1\" content=\"2 minutes\" \/>\n<script type=\"application\/ld+json\" class=\"yoast-schema-graph\">{\"@context\":\"https:\\\/\\\/schema.org\",\"@graph\":[{\"@type\":\"WebPage\",\"@id\":\"https:\\\/\\\/planet-creations.com\\\/index.php\\\/adopte-un-piaf\\\/\",\"url\":\"https:\\\/\\\/planet-creations.com\\\/index.php\\\/adopte-un-piaf\\\/\",\"name\":\"Adopte un Piaf - Planet&#039;Creations\",\"isPartOf\":{\"@id\":\"https:\\\/\\\/planet-creations.com\\\/#website\"},\"primaryImageOfPage\":{\"@id\":\"https:\\\/\\\/planet-creations.com\\\/index.php\\\/adopte-un-piaf\\\/#primaryimage\"},\"image\":{\"@id\":\"https:\\\/\\\/planet-creations.com\\\/index.php\\\/adopte-un-piaf\\\/#primaryimage\"},\"thumbnailUrl\":\"https:\\\/\\\/planet-creations.com\\\/wp-content\\\/uploads\\\/2022\\\/08\\\/planetcreations-adopteunpiaf-logo.jpg\",\"datePublished\":\"2021-09-18T14:36:29+00:00\",\"dateModified\":\"2022-08-15T13:39:05+00:00\",\"breadcrumb\":{\"@id\":\"https:\\\/\\\/planet-creations.com\\\/index.php\\\/adopte-un-piaf\\\/#breadcrumb\"},\"inLanguage\":\"fr-FR\",\"potentialAction\":[{\"@type\":\"ReadAction\",\"target\":[\"https:\\\/\\\/planet-creations.com\\\/index.php\\\/adopte-un-piaf\\\/\"]}]},{\"@type\":\"ImageObject\",\"inLanguage\":\"fr-FR\",\"@id\":\"https:\\\/\\\/planet-creations.com\\\/index.php\\\/adopte-un-piaf\\\/#primaryimage\",\"url\":\"https:\\\/\\\/planet-creations.com\\\/wp-content\\\/uploads\\\/2022\\\/08\\\/planetcreations-adopteunpiaf-logo.jpg\",\"contentUrl\":\"https:\\\/\\\/planet-creations.com\\\/wp-content\\\/uploads\\\/2022\\\/08\\\/planetcreations-adopteunpiaf-logo.jpg\",\"width\":800,\"height\":800},{\"@type\":\"BreadcrumbList\",\"@id\":\"https:\\\/\\\/planet-creations.com\\\/index.php\\\/adopte-un-piaf\\\/#breadcrumb\",\"itemListElement\":[{\"@type\":\"ListItem\",\"position\":1,\"name\":\"Accueil\",\"item\":\"https:\\\/\\\/planet-creations.com\\\/\"},{\"@type\":\"ListItem\",\"position\":2,\"name\":\"Adopte un Piaf\"}]},{\"@type\":\"WebSite\",\"@id\":\"https:\\\/\\\/planet-creations.com\\\/#website\",\"url\":\"https:\\\/\\\/planet-creations.com\\\/\",\"name\":\"Planet&#039;Creations\",\"description\":\"Boutique de cr\u00e9ateurs\",\"potentialAction\":[{\"@type\":\"SearchAction\",\"target\":{\"@type\":\"EntryPoint\",\"urlTemplate\":\"https:\\\/\\\/planet-creations.com\\\/?s={search_term_string}\"},\"query-input\":{\"@type\":\"PropertyValueSpecification\",\"valueRequired\":true,\"valueName\":\"search_term_string\"}}],\"inLanguage\":\"fr-FR\"}]}<\/script>\n<!-- \/ Yoast SEO plugin. -->","yoast_head_json":{"title":"Adopte un Piaf - Planet&#039;Creations","robots":{"index":"index","follow":"follow","max-snippet":"max-snippet:-1","max-image-preview":"max-image-preview:large","max-video-preview":"max-video-preview:-1"},"canonical":"https:\/\/planet-creations.com\/index.php\/adopte-un-piaf\/","og_locale":"fr_FR","og_type":"article","og_title":"Adopte un Piaf - Planet&#039;Creations","og_description":"Val Bee, modeleuse de bonne humeur ! Passionn\u00e9e d\u2019humour et de po\u00e9sie, je vous raconte par l\u2019entremise de mes cr\u00e9ations insolites et imaginaires des bribes de vie. Elles naissent au fil de mes vagabondages, pour y combiner fragments de la nature, objets de recyclage et mes fa\u00efenceries. Fa\u00efencerie&nbsp;: Travail de","og_url":"https:\/\/planet-creations.com\/index.php\/adopte-un-piaf\/","og_site_name":"Planet&#039;Creations","article_modified_time":"2022-08-15T13:39:05+00:00","og_image":[{"url":"https:\/\/planet-creations.com\/wp-content\/uploads\/2022\/08\/planetcreations-adopteunpiaf-logo.jpg","type":"","width":"","height":""}],"twitter_card":"summary_large_image","twitter_misc":{"Dur\u00e9e de lecture estim\u00e9e":"2 minutes"},"schema":{"@context":"https:\/\/schema.org","@graph":[{"@type":"WebPage","@id":"https:\/\/planet-creations.com\/index.php\/adopte-un-piaf\/","url":"https:\/\/planet-creations.com\/index.php\/adopte-un-piaf\/","name":"Adopte un Piaf - Planet&#039;Creations","isPartOf":{"@id":"https:\/\/planet-creations.com\/#website"},"primaryImageOfPage":{"@id":"https:\/\/planet-creations.com\/index.php\/adopte-un-piaf\/#primaryimage"},"image":{"@id":"https:\/\/planet-creations.com\/index.php\/adopte-un-piaf\/#primaryimage"},"thumbnailUrl":"https:\/\/planet-creations.com\/wp-content\/uploads\/2022\/08\/planetcreations-adopteunpiaf-logo.jpg","datePublished":"2021-09-18T14:36:29+00:00","dateModified":"2022-08-15T13:39:05+00:00","breadcrumb":{"@id":"https:\/\/planet-creations.com\/index.php\/adopte-un-piaf\/#breadcrumb"},"inLanguage":"fr-FR","potentialAction":[{"@type":"ReadAction","target":["https:\/\/planet-creations.com\/index.php\/adopte-un-piaf\/"]}]},{"@type":"ImageObject","inLanguage":"fr-FR","@id":"https:\/\/planet-creations.com\/index.php\/adopte-un-piaf\/#primaryimage","url":"https:\/\/planet-creations.com\/wp-content\/uploads\/2022\/08\/planetcreations-adopteunpiaf-logo.jpg","contentUrl":"https:\/\/planet-creations.com\/wp-content\/uploads\/2022\/08\/planetcreations-adopteunpiaf-logo.jpg","width":800,"height":800},{"@type":"BreadcrumbList","@id":"https:\/\/planet-creations.com\/index.php\/adopte-un-piaf\/#breadcrumb","itemListElement":[{"@type":"ListItem","position":1,"name":"Accueil","item":"https:\/\/planet-creations.com\/"},{"@type":"ListItem","position":2,"name":"Adopte un Piaf"}]},{"@type":"WebSite","@id":"https:\/\/planet-creations.com\/#website","url":"https:\/\/planet-creations.com\/","name":"Planet&#039;Creations","description":"Boutique de cr\u00e9ateurs","potentialAction":[{"@type":"SearchAction","target":{"@type":"EntryPoint","urlTemplate":"https:\/\/planet-creations.com\/?s={search_term_string}"},"query-input":{"@type":"PropertyValueSpecification","valueRequired":true,"valueName":"search_term_string"}}],"inLanguage":"fr-FR"}]}},"_links":{"self":[{"href":"https:\/\/planet-creations.com\/index.php\/wp-json\/wp\/v2\/pages\/1640","targetHints":{"allow":["GET"]}}],"collection":[{"href":"https:\/\/planet-creations.com\/index.php\/wp-json\/wp\/v2\/pages"}],"about":[{"href":"https:\/\/planet-creations.com\/index.php\/wp-json\/wp\/v2\/types\/page"}],"author":[{"embeddable":true,"href":"https:\/\/planet-creations.com\/index.php\/wp-json\/wp\/v2\/users\/2"}],"replies":[{"embeddable":true,"href":"https:\/\/planet-creations.com\/index.php\/wp-json\/wp\/v2\/comments?post=1640"}],"version-history":[{"count":17,"href":"https:\/\/planet-creations.com\/index.php\/wp-json\/wp\/v2\/pages\/1640\/revisions"}],"predecessor-version":[{"id":1817,"href":"https:\/\/planet-creations.com\/index.php\/wp-json\/wp\/v2\/pages\/1640\/revisions\/1817"}],"wp:attachment":[{"href":"https:\/\/planet-creations.com\/index.php\/wp-json\/wp\/v2\/media?parent=1640"}],"curies":[{"name":"wp","href":"https:\/\/api.w.org\/{rel}","templated":true}]}}