{"id":153,"date":"2016-10-21T13:22:54","date_gmt":"2016-10-21T12:22:54","guid":{"rendered":""},"modified":"2026-04-18T11:39:37","modified_gmt":"2026-04-18T10:39:37","slug":"la-dentelliere-de-carton","status":"publish","type":"page","link":"https:\/\/planet-creations.com\/index.php\/bijoux\/la-dentelliere-de-carton\/","title":{"rendered":"La Dentelli\u00e8re de carton"},"content":{"rendered":"\n<div class=\"wp-block-media-text alignwide\" style=\"grid-template-columns:15% auto\"><figure class=\"wp-block-media-text__media\"><img loading=\"lazy\" decoding=\"async\" width=\"500\" height=\"500\" src=\"https:\/\/planet-creations.com\/wp-content\/uploads\/2022\/08\/planetcreations-ladentellieredecarton-logo.jpg\" alt=\"\" class=\"wp-image-1841 size-full\" srcset=\"https:\/\/planet-creations.com\/wp-content\/uploads\/2022\/08\/planetcreations-ladentellieredecarton-logo.jpg 500w, https:\/\/planet-creations.com\/wp-content\/uploads\/2022\/08\/planetcreations-ladentellieredecarton-logo-150x150.jpg 150w\" sizes=\"auto, (max-width: 500px) 100vw, 500px\" \/><\/figure><div class=\"wp-block-media-text__content\">\n<h2 class=\"wp-block-heading has-black-color has-text-color\" style=\"font-size:22px\">Du carton pour ma d\u00e9co\u2026<br>Du papier pour mes bijoux\u2026<\/h2>\n<\/div><\/div>\n\n\n\n<div class=\"wp-block-media-text alignwide has-media-on-the-right\" style=\"grid-template-columns:auto 26%\"><div class=\"wp-block-media-text__content\">\n<p class=\"has-black-color has-text-color\">Un mat\u00e9riau destin\u00e9 au rebut transform\u00e9 en \u0153uvre d\u2019art, quoi de plus beau et de plus valorisant ! C\u2019est le<strong> <em>surcyclage<\/em><\/strong><em> <\/em>ou <em><strong>upcycling<\/strong><\/em>, la valorisation \u201cpar le haut\u201d.<\/p>\n\n\n\n<p>Le mat\u00e9riau est d\u00e9tourn\u00e9 de son utilisation premi\u00e8re pour entamer une nouvelle vie, une vie artistique\u2026<\/p>\n<\/div><figure class=\"wp-block-media-text__media\"><img loading=\"lazy\" decoding=\"async\" width=\"800\" height=\"800\" src=\"https:\/\/planet-creations.com\/wp-content\/uploads\/2020\/03\/planetcreations-ladentellieredecarton-karine-monnier-bijoux-sautoir-papier.jpg\" alt=\"\" class=\"wp-image-923 size-full\" srcset=\"https:\/\/planet-creations.com\/wp-content\/uploads\/2020\/03\/planetcreations-ladentellieredecarton-karine-monnier-bijoux-sautoir-papier.jpg 800w, https:\/\/planet-creations.com\/wp-content\/uploads\/2020\/03\/planetcreations-ladentellieredecarton-karine-monnier-bijoux-sautoir-papier-160x160.jpg 160w, https:\/\/planet-creations.com\/wp-content\/uploads\/2020\/03\/planetcreations-ladentellieredecarton-karine-monnier-bijoux-sautoir-papier-600x600.jpg 600w, https:\/\/planet-creations.com\/wp-content\/uploads\/2020\/03\/planetcreations-ladentellieredecarton-karine-monnier-bijoux-sautoir-papier-150x150.jpg 150w, https:\/\/planet-creations.com\/wp-content\/uploads\/2020\/03\/planetcreations-ladentellieredecarton-karine-monnier-bijoux-sautoir-papier-768x768.jpg 768w\" sizes=\"auto, (max-width: 800px) 100vw, 800px\" \/><\/figure><\/div>\n\n\n\n<div class=\"wp-block-media-text alignwide\" style=\"grid-template-columns:25% auto\"><figure class=\"wp-block-media-text__media\"><img loading=\"lazy\" decoding=\"async\" width=\"1000\" height=\"1000\" src=\"https:\/\/planet-creations.com\/wp-content\/uploads\/2020\/03\/planetcreations-ladentellieredecarton-karine-monnier-collier-bijoux-papier-1.jpg\" alt=\"\" class=\"wp-image-925 size-full\" srcset=\"https:\/\/planet-creations.com\/wp-content\/uploads\/2020\/03\/planetcreations-ladentellieredecarton-karine-monnier-collier-bijoux-papier-1.jpg 1000w, https:\/\/planet-creations.com\/wp-content\/uploads\/2020\/03\/planetcreations-ladentellieredecarton-karine-monnier-collier-bijoux-papier-1-160x160.jpg 160w, https:\/\/planet-creations.com\/wp-content\/uploads\/2020\/03\/planetcreations-ladentellieredecarton-karine-monnier-collier-bijoux-papier-1-600x600.jpg 600w, https:\/\/planet-creations.com\/wp-content\/uploads\/2020\/03\/planetcreations-ladentellieredecarton-karine-monnier-collier-bijoux-papier-1-150x150.jpg 150w, https:\/\/planet-creations.com\/wp-content\/uploads\/2020\/03\/planetcreations-ladentellieredecarton-karine-monnier-collier-bijoux-papier-1-768x768.jpg 768w\" sizes=\"auto, (max-width: 1000px) 100vw, 1000px\" \/><\/figure><div class=\"wp-block-media-text__content\">\n<p class=\"has-black-color has-text-color\">Pour cela, je <strong>r\u00e9cup\u00e8re<\/strong> toutes sortes de papier : <strong>magazines<\/strong>, <strong>affiches<\/strong>, <strong>bandes dessin\u00e9es<\/strong>, <strong>livres<\/strong>, <strong>papier de soie<\/strong>, \u2026 Cela devient ma mati\u00e8re premi\u00e8re pour r\u00e9aliser des perles de papier. Une fois vernies, je monte mes bijoux en utilisant des appr\u00eats en <strong>acier inoxydable<\/strong>. Cela fait des <strong>bijoux l\u00e9gers, color\u00e9s et originaux<\/strong>. <\/p>\n<\/div><\/div>\n\n\n\n<div class=\"wp-block-media-text alignwide has-media-on-the-right\" style=\"grid-template-columns:auto 26%\"><div class=\"wp-block-media-text__content\">\n<p>Je travaille le carton ondul\u00e9 selon la technique de la <strong>dentelle de carton<\/strong>. Les diff\u00e9rents ondul\u00e9s me permettent une grande <strong>vari\u00e9t\u00e9 de motifs<\/strong> selon que le carton est roul\u00e9, pli\u00e9 ou \u00e9cras\u00e9. Jouer avec la transparence des alv\u00e9oles est un vrai jeu pour moi.<\/p>\n<\/div><figure class=\"wp-block-media-text__media\"><img loading=\"lazy\" decoding=\"async\" width=\"800\" height=\"800\" src=\"https:\/\/planet-creations.com\/wp-content\/uploads\/2020\/03\/planetcreations-ladentellieredecarton-karine-monnier-decoration-tableau-carton.jpg\" alt=\"\" class=\"wp-image-917 size-full\" srcset=\"https:\/\/planet-creations.com\/wp-content\/uploads\/2020\/03\/planetcreations-ladentellieredecarton-karine-monnier-decoration-tableau-carton.jpg 800w, https:\/\/planet-creations.com\/wp-content\/uploads\/2020\/03\/planetcreations-ladentellieredecarton-karine-monnier-decoration-tableau-carton-160x160.jpg 160w, https:\/\/planet-creations.com\/wp-content\/uploads\/2020\/03\/planetcreations-ladentellieredecarton-karine-monnier-decoration-tableau-carton-600x600.jpg 600w, https:\/\/planet-creations.com\/wp-content\/uploads\/2020\/03\/planetcreations-ladentellieredecarton-karine-monnier-decoration-tableau-carton-150x150.jpg 150w, https:\/\/planet-creations.com\/wp-content\/uploads\/2020\/03\/planetcreations-ladentellieredecarton-karine-monnier-decoration-tableau-carton-768x768.jpg 768w\" sizes=\"auto, (max-width: 800px) 100vw, 800px\" \/><\/figure><\/div>\n\n\n\n<div class=\"wp-block-media-text alignwide\" style=\"grid-template-columns:26% auto\"><figure class=\"wp-block-media-text__media\"><img loading=\"lazy\" decoding=\"async\" width=\"800\" height=\"800\" src=\"https:\/\/planet-creations.com\/wp-content\/uploads\/2020\/03\/planetcreations-ladentellieredecarton-karine-monnier-decoration-tableau-abstrait-2.jpg\" alt=\"\" class=\"wp-image-929 size-full\" srcset=\"https:\/\/planet-creations.com\/wp-content\/uploads\/2020\/03\/planetcreations-ladentellieredecarton-karine-monnier-decoration-tableau-abstrait-2.jpg 800w, https:\/\/planet-creations.com\/wp-content\/uploads\/2020\/03\/planetcreations-ladentellieredecarton-karine-monnier-decoration-tableau-abstrait-2-160x160.jpg 160w, https:\/\/planet-creations.com\/wp-content\/uploads\/2020\/03\/planetcreations-ladentellieredecarton-karine-monnier-decoration-tableau-abstrait-2-600x600.jpg 600w, https:\/\/planet-creations.com\/wp-content\/uploads\/2020\/03\/planetcreations-ladentellieredecarton-karine-monnier-decoration-tableau-abstrait-2-150x150.jpg 150w, https:\/\/planet-creations.com\/wp-content\/uploads\/2020\/03\/planetcreations-ladentellieredecarton-karine-monnier-decoration-tableau-abstrait-2-768x768.jpg 768w\" sizes=\"auto, (max-width: 800px) 100vw, 800px\" \/><\/figure><div class=\"wp-block-media-text__content\">\n<p>La gamme des cr\u00e9ations que je propose est tr\u00e8s vari\u00e9e. Elle va du <strong>tableau abstrait<\/strong>, \u00e0 la <strong>d\u00e9co enfantine<\/strong>, des <strong>coffrets \u00e0 bijoux<\/strong> au <strong>cadre photo<\/strong> en passant par des <strong>suspensions<\/strong> d\u00e9coratives a\u00e9riennes\u2026<\/p>\n\n\n\n<p>N\u2019h\u00e9sitez pas \u00e0 me contacter pour une <strong>cr\u00e9ation personnalis\u00e9e<\/strong>. <\/p>\n\n\n\n<p>Mon mail : <a href=\"mailto:contact@ladentellieredecarton.com\" target=\"_blank\" rel=\"noreferrer noopener\">contact@ladentellieredecarton.com<\/a><\/p>\n<\/div><\/div>\n\n\n\n<div class=\"wp-block-media-text alignwide has-media-on-the-right\" style=\"grid-template-columns:auto 26%\"><div class=\"wp-block-media-text__content\">\n<p class=\"has-black-color has-text-color\">Vous pouvez trouver mes cr\u00e9ations en exposition permanente ici, chez <strong>Planet\u2019Cr\u00e9ations<\/strong> .<\/p>\n\n\n\n<p>Pour savoir o\u00f9 me trouver suivez-moi sur <strong><a href=\"https:\/\/www.facebook.com\/ladentellieredecarton\" target=\"_blank\" rel=\"noreferrer noopener\">Facebook <\/a><\/strong> ou <strong><a href=\"https:\/\/www.instagram.com\/dentellierecarton\/\" target=\"_blank\" rel=\"noreferrer noopener\">Instagram<\/a><\/strong><\/p>\n\n\n\n<p><\/p>\n<\/div><figure class=\"wp-block-media-text__media\"><img loading=\"lazy\" decoding=\"async\" width=\"500\" height=\"500\" src=\"https:\/\/planet-creations.com\/wp-content\/uploads\/2020\/05\/planetcreations-photo-portrait-karine-monnier-ladentellieredecarton.jpg\" alt=\"\" class=\"wp-image-1050 size-full\" srcset=\"https:\/\/planet-creations.com\/wp-content\/uploads\/2020\/05\/planetcreations-photo-portrait-karine-monnier-ladentellieredecarton.jpg 500w, https:\/\/planet-creations.com\/wp-content\/uploads\/2020\/05\/planetcreations-photo-portrait-karine-monnier-ladentellieredecarton-160x160.jpg 160w, https:\/\/planet-creations.com\/wp-content\/uploads\/2020\/05\/planetcreations-photo-portrait-karine-monnier-ladentellieredecarton-150x150.jpg 150w\" sizes=\"auto, (max-width: 500px) 100vw, 500px\" \/><\/figure><\/div>\n","protected":false},"excerpt":{"rendered":"<p>Du carton pour ma d\u00e9co\u2026Du papier pour mes bijoux\u2026 Un mat\u00e9riau destin\u00e9 au rebut transform\u00e9 en \u0153uvre d\u2019art, quoi de plus beau et de plus valorisant ! C\u2019est le surcyclage ou upcycling, la valorisation \u201cpar le haut\u201d. Le mat\u00e9riau est d\u00e9tourn\u00e9 de son utilisation premi\u00e8re pour entamer une nouvelle vie,<\/p>\n","protected":false},"author":2,"featured_media":0,"parent":204,"menu_order":0,"comment_status":"closed","ping_status":"closed","template":"","meta":{"footnotes":""},"class_list":["post-153","page","type-page","status-publish","hentry"],"yoast_head":"<!-- This site is optimized with the Yoast SEO plugin v27.5 - https:\/\/yoast.com\/product\/yoast-seo-wordpress\/ -->\n<title>Cr\u00e9atrice : La Dentelli\u00e8re de carton - Planet&#039;Creations<\/title>\n<meta name=\"description\" content=\"La dentelli\u00e8re de carton, cr\u00e9atrice de bijoux en papier et d\u00e9co en carton ondul\u00e9, exposition permanente chez Planet&#039;Cr\u00e9ations.\" \/>\n<meta name=\"robots\" content=\"index, follow, max-snippet:-1, max-image-preview:large, max-video-preview:-1\" \/>\n<link rel=\"canonical\" href=\"https:\/\/planet-creations.com\/index.php\/bijoux\/la-dentelliere-de-carton\/\" \/>\n<meta property=\"og:locale\" content=\"fr_FR\" \/>\n<meta property=\"og:type\" content=\"article\" \/>\n<meta property=\"og:title\" content=\"Cr\u00e9atrice : La Dentelli\u00e8re de carton - Planet&#039;Creations\" \/>\n<meta property=\"og:description\" content=\"La dentelli\u00e8re de carton, cr\u00e9atrice de bijoux en papier et d\u00e9co en carton ondul\u00e9, exposition permanente chez Planet&#039;Cr\u00e9ations.\" \/>\n<meta property=\"og:url\" content=\"https:\/\/planet-creations.com\/index.php\/bijoux\/la-dentelliere-de-carton\/\" \/>\n<meta property=\"og:site_name\" content=\"Planet&#039;Creations\" \/>\n<meta property=\"article:modified_time\" content=\"2026-04-18T10:39:37+00:00\" \/>\n<meta property=\"og:image\" content=\"https:\/\/planet-creations.com\/wp-content\/uploads\/2022\/08\/planetcreations-ladentellieredecarton-logo.jpg\" \/>\n<meta name=\"twitter:card\" content=\"summary_large_image\" \/>\n<meta name=\"twitter:label1\" content=\"Dur\u00e9e de lecture estim\u00e9e\" \/>\n\t<meta name=\"twitter:data1\" content=\"3 minutes\" \/>\n<script type=\"application\/ld+json\" class=\"yoast-schema-graph\">{\"@context\":\"https:\\\/\\\/schema.org\",\"@graph\":[{\"@type\":\"WebPage\",\"@id\":\"https:\\\/\\\/planet-creations.com\\\/index.php\\\/bijoux\\\/la-dentelliere-de-carton\\\/\",\"url\":\"https:\\\/\\\/planet-creations.com\\\/index.php\\\/bijoux\\\/la-dentelliere-de-carton\\\/\",\"name\":\"Cr\u00e9atrice : La Dentelli\u00e8re de carton - Planet&#039;Creations\",\"isPartOf\":{\"@id\":\"https:\\\/\\\/planet-creations.com\\\/#website\"},\"primaryImageOfPage\":{\"@id\":\"https:\\\/\\\/planet-creations.com\\\/index.php\\\/bijoux\\\/la-dentelliere-de-carton\\\/#primaryimage\"},\"image\":{\"@id\":\"https:\\\/\\\/planet-creations.com\\\/index.php\\\/bijoux\\\/la-dentelliere-de-carton\\\/#primaryimage\"},\"thumbnailUrl\":\"https:\\\/\\\/planet-creations.com\\\/wp-content\\\/uploads\\\/2022\\\/08\\\/planetcreations-ladentellieredecarton-logo.jpg\",\"datePublished\":\"2016-10-21T12:22:54+00:00\",\"dateModified\":\"2026-04-18T10:39:37+00:00\",\"description\":\"La dentelli\u00e8re de carton, cr\u00e9atrice de bijoux en papier et d\u00e9co en carton ondul\u00e9, exposition permanente chez Planet'Cr\u00e9ations.\",\"breadcrumb\":{\"@id\":\"https:\\\/\\\/planet-creations.com\\\/index.php\\\/bijoux\\\/la-dentelliere-de-carton\\\/#breadcrumb\"},\"inLanguage\":\"fr-FR\",\"potentialAction\":[{\"@type\":\"ReadAction\",\"target\":[\"https:\\\/\\\/planet-creations.com\\\/index.php\\\/bijoux\\\/la-dentelliere-de-carton\\\/\"]}]},{\"@type\":\"ImageObject\",\"inLanguage\":\"fr-FR\",\"@id\":\"https:\\\/\\\/planet-creations.com\\\/index.php\\\/bijoux\\\/la-dentelliere-de-carton\\\/#primaryimage\",\"url\":\"https:\\\/\\\/planet-creations.com\\\/wp-content\\\/uploads\\\/2022\\\/08\\\/planetcreations-ladentellieredecarton-logo.jpg\",\"contentUrl\":\"https:\\\/\\\/planet-creations.com\\\/wp-content\\\/uploads\\\/2022\\\/08\\\/planetcreations-ladentellieredecarton-logo.jpg\",\"width\":500,\"height\":500},{\"@type\":\"BreadcrumbList\",\"@id\":\"https:\\\/\\\/planet-creations.com\\\/index.php\\\/bijoux\\\/la-dentelliere-de-carton\\\/#breadcrumb\",\"itemListElement\":[{\"@type\":\"ListItem\",\"position\":1,\"name\":\"Accueil\",\"item\":\"https:\\\/\\\/planet-creations.com\\\/\"},{\"@type\":\"ListItem\",\"position\":2,\"name\":\"Bijoux\",\"item\":\"https:\\\/\\\/planet-creations.com\\\/index.php\\\/bijoux\\\/\"},{\"@type\":\"ListItem\",\"position\":3,\"name\":\"La Dentelli\u00e8re de carton\"}]},{\"@type\":\"WebSite\",\"@id\":\"https:\\\/\\\/planet-creations.com\\\/#website\",\"url\":\"https:\\\/\\\/planet-creations.com\\\/\",\"name\":\"Planet&#039;Creations\",\"description\":\"Boutique de cr\u00e9ateurs\",\"potentialAction\":[{\"@type\":\"SearchAction\",\"target\":{\"@type\":\"EntryPoint\",\"urlTemplate\":\"https:\\\/\\\/planet-creations.com\\\/?s={search_term_string}\"},\"query-input\":{\"@type\":\"PropertyValueSpecification\",\"valueRequired\":true,\"valueName\":\"search_term_string\"}}],\"inLanguage\":\"fr-FR\"}]}<\/script>\n<!-- \/ Yoast SEO plugin. -->","yoast_head_json":{"title":"Cr\u00e9atrice : La Dentelli\u00e8re de carton - Planet&#039;Creations","description":"La dentelli\u00e8re de carton, cr\u00e9atrice de bijoux en papier et d\u00e9co en carton ondul\u00e9, exposition permanente chez Planet'Cr\u00e9ations.","robots":{"index":"index","follow":"follow","max-snippet":"max-snippet:-1","max-image-preview":"max-image-preview:large","max-video-preview":"max-video-preview:-1"},"canonical":"https:\/\/planet-creations.com\/index.php\/bijoux\/la-dentelliere-de-carton\/","og_locale":"fr_FR","og_type":"article","og_title":"Cr\u00e9atrice : La Dentelli\u00e8re de carton - Planet&#039;Creations","og_description":"La dentelli\u00e8re de carton, cr\u00e9atrice de bijoux en papier et d\u00e9co en carton ondul\u00e9, exposition permanente chez Planet'Cr\u00e9ations.","og_url":"https:\/\/planet-creations.com\/index.php\/bijoux\/la-dentelliere-de-carton\/","og_site_name":"Planet&#039;Creations","article_modified_time":"2026-04-18T10:39:37+00:00","og_image":[{"url":"https:\/\/planet-creations.com\/wp-content\/uploads\/2022\/08\/planetcreations-ladentellieredecarton-logo.jpg","type":"","width":"","height":""}],"twitter_card":"summary_large_image","twitter_misc":{"Dur\u00e9e de lecture estim\u00e9e":"3 minutes"},"schema":{"@context":"https:\/\/schema.org","@graph":[{"@type":"WebPage","@id":"https:\/\/planet-creations.com\/index.php\/bijoux\/la-dentelliere-de-carton\/","url":"https:\/\/planet-creations.com\/index.php\/bijoux\/la-dentelliere-de-carton\/","name":"Cr\u00e9atrice : La Dentelli\u00e8re de carton - Planet&#039;Creations","isPartOf":{"@id":"https:\/\/planet-creations.com\/#website"},"primaryImageOfPage":{"@id":"https:\/\/planet-creations.com\/index.php\/bijoux\/la-dentelliere-de-carton\/#primaryimage"},"image":{"@id":"https:\/\/planet-creations.com\/index.php\/bijoux\/la-dentelliere-de-carton\/#primaryimage"},"thumbnailUrl":"https:\/\/planet-creations.com\/wp-content\/uploads\/2022\/08\/planetcreations-ladentellieredecarton-logo.jpg","datePublished":"2016-10-21T12:22:54+00:00","dateModified":"2026-04-18T10:39:37+00:00","description":"La dentelli\u00e8re de carton, cr\u00e9atrice de bijoux en papier et d\u00e9co en carton ondul\u00e9, exposition permanente chez Planet'Cr\u00e9ations.","breadcrumb":{"@id":"https:\/\/planet-creations.com\/index.php\/bijoux\/la-dentelliere-de-carton\/#breadcrumb"},"inLanguage":"fr-FR","potentialAction":[{"@type":"ReadAction","target":["https:\/\/planet-creations.com\/index.php\/bijoux\/la-dentelliere-de-carton\/"]}]},{"@type":"ImageObject","inLanguage":"fr-FR","@id":"https:\/\/planet-creations.com\/index.php\/bijoux\/la-dentelliere-de-carton\/#primaryimage","url":"https:\/\/planet-creations.com\/wp-content\/uploads\/2022\/08\/planetcreations-ladentellieredecarton-logo.jpg","contentUrl":"https:\/\/planet-creations.com\/wp-content\/uploads\/2022\/08\/planetcreations-ladentellieredecarton-logo.jpg","width":500,"height":500},{"@type":"BreadcrumbList","@id":"https:\/\/planet-creations.com\/index.php\/bijoux\/la-dentelliere-de-carton\/#breadcrumb","itemListElement":[{"@type":"ListItem","position":1,"name":"Accueil","item":"https:\/\/planet-creations.com\/"},{"@type":"ListItem","position":2,"name":"Bijoux","item":"https:\/\/planet-creations.com\/index.php\/bijoux\/"},{"@type":"ListItem","position":3,"name":"La Dentelli\u00e8re de carton"}]},{"@type":"WebSite","@id":"https:\/\/planet-creations.com\/#website","url":"https:\/\/planet-creations.com\/","name":"Planet&#039;Creations","description":"Boutique de cr\u00e9ateurs","potentialAction":[{"@type":"SearchAction","target":{"@type":"EntryPoint","urlTemplate":"https:\/\/planet-creations.com\/?s={search_term_string}"},"query-input":{"@type":"PropertyValueSpecification","valueRequired":true,"valueName":"search_term_string"}}],"inLanguage":"fr-FR"}]}},"_links":{"self":[{"href":"https:\/\/planet-creations.com\/index.php\/wp-json\/wp\/v2\/pages\/153","targetHints":{"allow":["GET"]}}],"collection":[{"href":"https:\/\/planet-creations.com\/index.php\/wp-json\/wp\/v2\/pages"}],"about":[{"href":"https:\/\/planet-creations.com\/index.php\/wp-json\/wp\/v2\/types\/page"}],"author":[{"embeddable":true,"href":"https:\/\/planet-creations.com\/index.php\/wp-json\/wp\/v2\/users\/2"}],"replies":[{"embeddable":true,"href":"https:\/\/planet-creations.com\/index.php\/wp-json\/wp\/v2\/comments?post=153"}],"version-history":[{"count":43,"href":"https:\/\/planet-creations.com\/index.php\/wp-json\/wp\/v2\/pages\/153\/revisions"}],"predecessor-version":[{"id":1910,"href":"https:\/\/planet-creations.com\/index.php\/wp-json\/wp\/v2\/pages\/153\/revisions\/1910"}],"up":[{"embeddable":true,"href":"https:\/\/planet-creations.com\/index.php\/wp-json\/wp\/v2\/pages\/204"}],"wp:attachment":[{"href":"https:\/\/planet-creations.com\/index.php\/wp-json\/wp\/v2\/media?parent=153"}],"curies":[{"name":"wp","href":"https:\/\/api.w.org\/{rel}","templated":true}]}}