{"id":1237,"date":"2020-11-08T15:46:47","date_gmt":"2020-11-08T14:46:47","guid":{"rendered":""},"modified":"2022-03-13T16:11:45","modified_gmt":"2022-03-13T15:11:45","slug":"l-association-latelierdescreateurs","status":"publish","type":"page","link":"https:\/\/planet-creations.com\/index.php\/l-association-latelierdescreateurs\/","title":{"rendered":"L&rsquo;association"},"content":{"rendered":"\n<h2 class=\"wp-block-heading\" style=\"font-size:18px\">Cr\u00e9ation de l&rsquo;association <em>L&rsquo;Atelier des cr\u00e9ateurs<\/em> :<\/h2>\n\n\n\n<p>C\u2019est sous l\u2019impulsion d\u2019un groupe d\u2019amies cr\u00e9atrices et artisanes que l\u2019association <em><strong>L\u2019Atelier des Cr\u00e9ateurs<\/strong><\/em> a vu le jour le 28 avril 2016. Les trop rares fois ou nous avions l\u2019opportunit\u00e9 de nous croiser sur un march\u00e9 o\u00f9 une exposition nous ont donn\u00e9 envie de faire quelque chose, ensemble. Cr\u00e9er un <strong>espace d\u2019exposition<\/strong> o\u00f9 le partage serait le ma\u00eetre mot. Pouvoir nous retrouver, <strong>mutualiser<\/strong> nos efforts pour pr\u00e9senter et vendre notre travail \u00e0 toutes.<\/p>\n\n\n\n<p>Issues d\u2019origines et d\u2019horizons diff\u00e9rents nous cherchions un nom de boutique qui nous ressemble, nous rassemblent, autour de nos univers\u2026 reflet \u00e0 la fois de notre diversit\u00e9 et de notre point commun, la cr\u00e9ation. C\u2019est ainsi que, la boutique de cr\u00e9ateurs, <strong>Planet\u2019Creations<\/strong> a ouvert le 10 juin 2016.<\/p>\n\n\n\n<div style=\"height:50px\" aria-hidden=\"true\" class=\"wp-block-spacer\"><\/div>\n\n\n\n<h2 class=\"wp-block-heading\" style=\"font-size:18px\">Un lieu, Mougins :<\/h2>\n\n\n\n<p>Nich\u00e9 en plein c\u0153ur du <strong>vieux village de Mougins<\/strong>, cet espace, comme un \u00e9crin, pr\u00e9sente \u00e0 l\u2019ann\u00e9e le travail de <strong>10 cr\u00e9ateurs<\/strong>. Tous soigneusement s\u00e9lectionn\u00e9s pour la <strong>qualit\u00e9<\/strong>, la <strong>diversit\u00e9<\/strong> de leur travail et leur <strong>proximit\u00e9<\/strong>. Le but de l\u2019association \u00e9tant de <strong>valoriser les artisans locaux<\/strong>, tous sont situ\u00e9s dans les Alpes-Maritimes ou le Var.<\/p>\n\n\n\n<div style=\"height:50px\" aria-hidden=\"true\" class=\"wp-block-spacer\"><\/div>\n\n\n\n<h2 class=\"wp-block-heading\" style=\"font-size:18px\">L&rsquo;\u00e9quipe :<\/h2>\n\n\n\n<p>Depuis 2016 l\u2019\u00e9quipe s\u2019est partiellement renouvel\u00e9e, mais l\u2019esprit est rest\u00e9 le m\u00eame. Tous ont \u00e0 c\u0153ur de vous pr\u00e9senter leur travail et parler de leur m\u00e9tier, n\u2019h\u00e9sitez pas \u00e0 leur rendre visite chez <strong>Planet\u2019Creations<\/strong>.<\/p>\n\n\n\n<p>Vous \u00eates un <strong>cr\u00e9ateur \/ cr\u00e9atrice professionnel<\/strong> situ\u00e9 dans le d\u00e9partement ? Vous avez des disponibilit\u00e9s et vous aimeriez <strong>int\u00e9grer<\/strong> une boutique comme <strong>Planet\u2019Creations<\/strong> ? N\u2019h\u00e9sitez pas \u00e0 nous <a href=\"https:\/\/planet-creations.com\/index.php\/contact\/\" target=\"_blank\" rel=\"noreferrer noopener\">contacter<\/a> pour conna\u00eetre nos conditions d\u2019adh\u00e9sion, il nous arrive de chercher de nouveaux exposants.<br>Notre e-mail : <a href=\"mailto:info@planet-creations.com\">info@planet-creations.com<\/a><\/p>\n\n\n\n<div style=\"height:50px\" aria-hidden=\"true\" class=\"wp-block-spacer\"><\/div>\n\n\n\n<p><\/p>\n","protected":false},"excerpt":{"rendered":"<p>Cr\u00e9ation de l&rsquo;association L&rsquo;Atelier des cr\u00e9ateurs : C\u2019est sous l\u2019impulsion d\u2019un groupe d\u2019amies cr\u00e9atrices et artisanes que l\u2019association L\u2019Atelier des Cr\u00e9ateurs a vu le jour le 28 avril 2016. Les trop rares fois ou nous avions l\u2019opportunit\u00e9 de nous croiser sur un march\u00e9 o\u00f9 une exposition nous ont donn\u00e9 envie<\/p>\n","protected":false},"author":2,"featured_media":0,"parent":0,"menu_order":0,"comment_status":"closed","ping_status":"closed","template":"","meta":{"footnotes":""},"class_list":["post-1237","page","type-page","status-publish","hentry"],"yoast_head":"<!-- This site is optimized with the Yoast SEO plugin v27.5 - https:\/\/yoast.com\/product\/yoast-seo-wordpress\/ -->\n<title>L&#039;atelier des cr\u00e9ateurs - L&#039;association - Boutique Planet&#039;Creations<\/title>\n<meta name=\"description\" content=\"Historique de l&#039;association &quot;L&#039;atelier des cr\u00e9ateurs&quot; : cr\u00e9\u00e9e en 2016 elle g\u00e8re une boutique partag\u00e9e afin de promouvoir les artisans locaux.\" \/>\n<meta name=\"robots\" content=\"index, follow, max-snippet:-1, max-image-preview:large, max-video-preview:-1\" \/>\n<link rel=\"canonical\" href=\"https:\/\/planet-creations.com\/index.php\/l-association-latelierdescreateurs\/\" \/>\n<meta property=\"og:locale\" content=\"fr_FR\" \/>\n<meta property=\"og:type\" content=\"article\" \/>\n<meta property=\"og:title\" content=\"L&#039;atelier des cr\u00e9ateurs - L&#039;association - Boutique Planet&#039;Creations\" \/>\n<meta property=\"og:description\" content=\"Historique de l&#039;association &quot;L&#039;atelier des cr\u00e9ateurs&quot; : cr\u00e9\u00e9e en 2016 elle g\u00e8re une boutique partag\u00e9e afin de promouvoir les artisans locaux.\" \/>\n<meta property=\"og:url\" content=\"https:\/\/planet-creations.com\/index.php\/l-association-latelierdescreateurs\/\" \/>\n<meta property=\"og:site_name\" content=\"Planet&#039;Creations\" \/>\n<meta property=\"article:modified_time\" content=\"2022-03-13T15:11:45+00:00\" \/>\n<meta name=\"twitter:card\" content=\"summary_large_image\" \/>\n<meta name=\"twitter:label1\" content=\"Dur\u00e9e de lecture estim\u00e9e\" \/>\n\t<meta name=\"twitter:data1\" content=\"2 minutes\" \/>\n<script type=\"application\/ld+json\" class=\"yoast-schema-graph\">{\"@context\":\"https:\\\/\\\/schema.org\",\"@graph\":[{\"@type\":\"WebPage\",\"@id\":\"https:\\\/\\\/planet-creations.com\\\/index.php\\\/l-association-latelierdescreateurs\\\/\",\"url\":\"https:\\\/\\\/planet-creations.com\\\/index.php\\\/l-association-latelierdescreateurs\\\/\",\"name\":\"L'atelier des cr\u00e9ateurs - L'association - Boutique Planet&#039;Creations\",\"isPartOf\":{\"@id\":\"https:\\\/\\\/planet-creations.com\\\/#website\"},\"datePublished\":\"2020-11-08T14:46:47+00:00\",\"dateModified\":\"2022-03-13T15:11:45+00:00\",\"description\":\"Historique de l'association \\\"L'atelier des cr\u00e9ateurs\\\" : cr\u00e9\u00e9e en 2016 elle g\u00e8re une boutique partag\u00e9e afin de promouvoir les artisans locaux.\",\"breadcrumb\":{\"@id\":\"https:\\\/\\\/planet-creations.com\\\/index.php\\\/l-association-latelierdescreateurs\\\/#breadcrumb\"},\"inLanguage\":\"fr-FR\",\"potentialAction\":[{\"@type\":\"ReadAction\",\"target\":[\"https:\\\/\\\/planet-creations.com\\\/index.php\\\/l-association-latelierdescreateurs\\\/\"]}]},{\"@type\":\"BreadcrumbList\",\"@id\":\"https:\\\/\\\/planet-creations.com\\\/index.php\\\/l-association-latelierdescreateurs\\\/#breadcrumb\",\"itemListElement\":[{\"@type\":\"ListItem\",\"position\":1,\"name\":\"Accueil\",\"item\":\"https:\\\/\\\/planet-creations.com\\\/\"},{\"@type\":\"ListItem\",\"position\":2,\"name\":\"L&rsquo;association\"}]},{\"@type\":\"WebSite\",\"@id\":\"https:\\\/\\\/planet-creations.com\\\/#website\",\"url\":\"https:\\\/\\\/planet-creations.com\\\/\",\"name\":\"Planet&#039;Creations\",\"description\":\"Boutique de cr\u00e9ateurs\",\"potentialAction\":[{\"@type\":\"SearchAction\",\"target\":{\"@type\":\"EntryPoint\",\"urlTemplate\":\"https:\\\/\\\/planet-creations.com\\\/?s={search_term_string}\"},\"query-input\":{\"@type\":\"PropertyValueSpecification\",\"valueRequired\":true,\"valueName\":\"search_term_string\"}}],\"inLanguage\":\"fr-FR\"}]}<\/script>\n<!-- \/ Yoast SEO plugin. -->","yoast_head_json":{"title":"L'atelier des cr\u00e9ateurs - L'association - Boutique Planet&#039;Creations","description":"Historique de l'association \"L'atelier des cr\u00e9ateurs\" : cr\u00e9\u00e9e en 2016 elle g\u00e8re une boutique partag\u00e9e afin de promouvoir les artisans locaux.","robots":{"index":"index","follow":"follow","max-snippet":"max-snippet:-1","max-image-preview":"max-image-preview:large","max-video-preview":"max-video-preview:-1"},"canonical":"https:\/\/planet-creations.com\/index.php\/l-association-latelierdescreateurs\/","og_locale":"fr_FR","og_type":"article","og_title":"L'atelier des cr\u00e9ateurs - L'association - Boutique Planet&#039;Creations","og_description":"Historique de l'association \"L'atelier des cr\u00e9ateurs\" : cr\u00e9\u00e9e en 2016 elle g\u00e8re une boutique partag\u00e9e afin de promouvoir les artisans locaux.","og_url":"https:\/\/planet-creations.com\/index.php\/l-association-latelierdescreateurs\/","og_site_name":"Planet&#039;Creations","article_modified_time":"2022-03-13T15:11:45+00:00","twitter_card":"summary_large_image","twitter_misc":{"Dur\u00e9e de lecture estim\u00e9e":"2 minutes"},"schema":{"@context":"https:\/\/schema.org","@graph":[{"@type":"WebPage","@id":"https:\/\/planet-creations.com\/index.php\/l-association-latelierdescreateurs\/","url":"https:\/\/planet-creations.com\/index.php\/l-association-latelierdescreateurs\/","name":"L'atelier des cr\u00e9ateurs - L'association - Boutique Planet&#039;Creations","isPartOf":{"@id":"https:\/\/planet-creations.com\/#website"},"datePublished":"2020-11-08T14:46:47+00:00","dateModified":"2022-03-13T15:11:45+00:00","description":"Historique de l'association \"L'atelier des cr\u00e9ateurs\" : cr\u00e9\u00e9e en 2016 elle g\u00e8re une boutique partag\u00e9e afin de promouvoir les artisans locaux.","breadcrumb":{"@id":"https:\/\/planet-creations.com\/index.php\/l-association-latelierdescreateurs\/#breadcrumb"},"inLanguage":"fr-FR","potentialAction":[{"@type":"ReadAction","target":["https:\/\/planet-creations.com\/index.php\/l-association-latelierdescreateurs\/"]}]},{"@type":"BreadcrumbList","@id":"https:\/\/planet-creations.com\/index.php\/l-association-latelierdescreateurs\/#breadcrumb","itemListElement":[{"@type":"ListItem","position":1,"name":"Accueil","item":"https:\/\/planet-creations.com\/"},{"@type":"ListItem","position":2,"name":"L&rsquo;association"}]},{"@type":"WebSite","@id":"https:\/\/planet-creations.com\/#website","url":"https:\/\/planet-creations.com\/","name":"Planet&#039;Creations","description":"Boutique de cr\u00e9ateurs","potentialAction":[{"@type":"SearchAction","target":{"@type":"EntryPoint","urlTemplate":"https:\/\/planet-creations.com\/?s={search_term_string}"},"query-input":{"@type":"PropertyValueSpecification","valueRequired":true,"valueName":"search_term_string"}}],"inLanguage":"fr-FR"}]}},"_links":{"self":[{"href":"https:\/\/planet-creations.com\/index.php\/wp-json\/wp\/v2\/pages\/1237","targetHints":{"allow":["GET"]}}],"collection":[{"href":"https:\/\/planet-creations.com\/index.php\/wp-json\/wp\/v2\/pages"}],"about":[{"href":"https:\/\/planet-creations.com\/index.php\/wp-json\/wp\/v2\/types\/page"}],"author":[{"embeddable":true,"href":"https:\/\/planet-creations.com\/index.php\/wp-json\/wp\/v2\/users\/2"}],"replies":[{"embeddable":true,"href":"https:\/\/planet-creations.com\/index.php\/wp-json\/wp\/v2\/comments?post=1237"}],"version-history":[{"count":10,"href":"https:\/\/planet-creations.com\/index.php\/wp-json\/wp\/v2\/pages\/1237\/revisions"}],"predecessor-version":[{"id":1767,"href":"https:\/\/planet-creations.com\/index.php\/wp-json\/wp\/v2\/pages\/1237\/revisions\/1767"}],"wp:attachment":[{"href":"https:\/\/planet-creations.com\/index.php\/wp-json\/wp\/v2\/media?parent=1237"}],"curies":[{"name":"wp","href":"https:\/\/api.w.org\/{rel}","templated":true}]}}